{"id":10527,"date":"2023-05-29T20:46:00","date_gmt":"2023-05-29T18:46:00","guid":{"rendered":"https:\/\/www.tosspareparts.com\/?page_id=10527"},"modified":"2024-01-16T18:15:02","modified_gmt":"2024-01-16T17:15:02","slug":"bedingungen-zum-schutz-personenbezogener-daten","status":"publish","type":"page","link":"https:\/\/www.tosspareparts.com\/de\/bedingungen-zum-schutz-personenbezogener-daten\/","title":{"rendered":"Bedingungen zum Schutz personenbezogener Daten"},"content":{"rendered":"<div class=\"fusion-fullwidth fullwidth-box fusion-builder-row-1 fusion-flex-container nonhundred-percent-fullwidth non-hundred-percent-height-scrolling\" style=\"--awb-border-radius-top-left:0px;--awb-border-radius-top-right:0px;--awb-border-radius-bottom-right:0px;--awb-border-radius-bottom-left:0px;--awb-flex-wrap:wrap;\" ><div class=\"fusion-builder-row fusion-row fusion-flex-align-items-flex-start fusion-flex-content-wrap\" style=\"max-width:1144px;margin-left: calc(-4% \/ 2 );margin-right: calc(-4% \/ 2 );\"><div class=\"fusion-layout-column fusion_builder_column fusion-builder-column-0 fusion_builder_column_1_1 1_1 fusion-flex-column\" style=\"--awb-bg-size:cover;--awb-width-large:100%;--awb-margin-top-large:0px;--awb-spacing-right-large:1.92%;--awb-margin-bottom-large:0px;--awb-spacing-left-large:1.92%;--awb-width-medium:100%;--awb-spacing-right-medium:1.92%;--awb-spacing-left-medium:1.92%;--awb-width-small:100%;--awb-spacing-right-small:1.92%;--awb-spacing-left-small:1.92%;\"><div class=\"fusion-column-wrapper fusion-flex-justify-content-flex-start fusion-content-layout-column\"><div class=\"fusion-text fusion-text-1\"><h3 style=\"text-align: center;\"><strong>Bedingungen zum Schutz personenbezogener Daten<\/strong><\/h3>\n<p style=\"text-align: center;\"><strong>I. Grundbestimmungen<\/strong><\/p>\n<ul>\n<li>Der Administrator personenbezogener Daten gem\u00e4\u00df Art. 4 Punkt 7 der Verordnung (EU) 2016\/679 des Europ\u00e4ischen Parlaments und des Rates zum Schutz nat\u00fcrlicher Personen bei der Verarbeitung personenbezogener Daten und zum freien Datenverkehr (im Folgenden \u201eDSGVO\u201c) ist JTECHNIK, GmbH, Firmen-ID 47 013 770, mit Sitz in Po\u013enohospod\u00e1rska 322\/20, 911 06 Tren\u010d\u00edn. (im Folgenden \u201eAdministrator\u201c).<\/li>\n<li>Die Kontaktdaten des Administrators sind:<\/li>\n<li>Adresse: Po\u013enohospod\u00e1rska 322\/20, 911 06 Tren\u010d\u00edn<\/li>\n<li>E-mail: obchod@jtechnik.sk<\/li>\n<li>Telefon: +421 944 004 112<\/li>\n<li>Personenbezogene Daten sind alle Informationen \u00fcber eine identifizierte oder identifizierbare nat\u00fcrliche Person; eine identifizierbare nat\u00fcrliche Person ist eine nat\u00fcrliche Person, die man direkt oder indirekt, insbesondere mittels Zuordnung zu einem bestimmten Kennzeichen, zum Beispiel Name, Kennnummer, Standortdaten, Netzwerkkennzeichen oder einem oder mehreren bestimmten physischen, physiologischen, genetischen, psychischen, wirtschaftlichen, kulturellen oder sozialen Identit\u00e4t dieser nat\u00fcrlichen Person indentifizieren kann.<\/li>\n<li>Der Administrator ernannte einen Beauftragten f\u00fcr den Schutz personenbezogener Daten. Die Kontaktdaten des Beauftragten sind obchod@jtechnik.sk.<\/li>\n<\/ul>\n<p style=\"text-align: center;\"><strong>II. Quellen und Kategorien verarbeiteter personenbezogener Daten<\/strong><\/p>\n<ul>\n<li>Der Administrator verarbeitet personenbezogene Daten, die Sie ihm zur Verf\u00fcgung gestellt haben, oder personenbezogene Daten, die der Administrator aufgrund der Erf\u00fcllung Ihrer Bestellung erhalten hat.<\/li>\n<li>Der Administrator verarbeitet Ihre Identifikations- und Kontaktinformationen, einschlie\u00dflich der f\u00fcr die Vertragserf\u00fcllung erforderlichen Daten.<\/li>\n<\/ul>\n<p style=\"text-align: center;\"><strong>III. Gesetzlicher Sinn und Zweck der Verarbeitung personenbezogener Daten<\/strong><\/p>\n<ul>\n<li>Der gesetzliche Sinn der Verarbeitung personenbezogener Daten ist<\/li>\n<li>Erf\u00fcllung des Vertrages zwischen Ihnen und dem Administrator gem\u00e4\u00df Art. 6 Abs. 1 lit. b) DSGVO,<\/li>\n<li>berechtigtes Interesse des Administrators an der Bereitstellung der Direktwerbung (insbesondere f\u00fcr den Versand von Gesch\u00e4ftsmitteilungen und Newslettern) gem\u00e4\u00df Art. 6 Abs. 1 lit. f) DSGVO,<\/li>\n<li>Ihre Einwilligung zur Verarbeitung zum Zweck der Direktwerbung (insbesondere zum Versand von Gesch\u00e4ftsmitteilungen und Newslettern) gem\u00e4\u00df Art. 6 Abs. 1 lit. a) DSGVO. 6 Par. 1 lit. a) DSGVO i.V.m. \u00a7 7 Abs. 2 des Gesetzes Nr. 18\/2018 Slg., \u00fcber einige Dienste der Informationsgesellschaft f\u00fcr den Fall, dass keine Waren oder Dienstleistungen bestellt wurden.<\/li>\n<li>Zweck der Verarbeitung personenbezogener Daten<\/li>\n<li>Erledigung Ihrer Bestellung, Aus\u00fcbung der Rechte und Erf\u00fcllung der Pflichten, die sich aus dem Vertragsverh\u00e4ltnis zwischen Ihnen und dem Administrator ergeben; bei einer Bestellung werden personenbezogene Daten ben\u00f6tigt, die f\u00fcr die erfolgreiche Erledigung der Bestellung erforderlich sind (Name und Anschrift, Kontaktdaten), die Bereitstellung der personenbezogenen Daten ist f\u00fcr den Vertragsabschluss und die Vertragserf\u00fcllung erforderlich, ohne die Bereitstellung personenbezogener Daten ist es nicht m\u00f6glich, den Vertrag abzuschlie\u00dfen oder ihn seitens des Administrators zu erf\u00fcllen,<\/li>\n<li>Versenden von Gesch\u00e4ftsmittelungen und Durchf\u00fchrung anderer Marketingaktivit\u00e4ten.<\/li>\n<li>Gem\u00e4\u00df Art. 22 DSGVO gibt es keine automatische Einzelentscheidung des Administrators. Sie haben dieser Verarbeitung ausdr\u00fccklich zugestimmt.<\/li>\n<\/ul>\n<p style=\"text-align: center;\"><strong>IV. Aufbewahrungsfrist der Daten<\/strong><\/p>\n<ul>\n<li>Der Administrator speichert personenbezogene Daten<\/li>\n<li>f\u00fcr den Zeitraum, der f\u00fcr die Aus\u00fcbung der Rechte und Erf\u00fcllung der Pflichten aus dem Vertragsverh\u00e4ltnis zwischen Ihnen und dem Administrator und die Geltendmachung von Anspr\u00fcchen aus diesen Vertragsverh\u00e4ltnissen erforderlich ist (f\u00fcr einen Zeitraum von 15 Jahren ab Beendigung des Vertragsverh\u00e4ltnisses).<\/li>\n<li>bis zum Widerruf der Einwilligung zur Verarbeitung personenbezogener Daten zu Marketingzwecken, maximal 10 Jahre, wenn personenbezogene Daten auf Grund einer Einwilligung verarbeitet werden.<\/li>\n<li>Nach Ablauf der Aufbewahrungsdauer personenbezogener Daten l\u00f6scht der Administrator die personenbezogenen Daten.<\/li>\n<\/ul>\n<p style=\"text-align: center;\"><strong>V. Empf\u00e4nger personenbezogener Daten (Unterauftragnehmer des Administrators)<\/strong><\/p>\n<ul>\n<li>Empf\u00e4nger personenbezogener Daten sind Personen<\/li>\n<li>die an der Lieferung von Waren\/Dienstleistungen\/Zahlung aufgrund des Vertrags teilnehmen,<\/li>\n<li>die Transportdienstleistungen bereitstellen,<\/li>\n<li>die Buchhaltungsdienstleistungen erbringen,<\/li>\n<li>die Dienstleistungen f\u00fcr den Betrieb eines E-Shops (WordPress) und andere Dienstleistungen im Zusammenhang mit dem Betrieb eines E-Shops bereitstellen,<\/li>\n<li>die Marketingdienstleistungen bereitstellen.<\/li>\n<li>Der Administrator beabsichtigt, personenbezogene Daten an ein Drittland (ein Land au\u00dferhalb der EU) oder eine internationale Organisation zu \u00fcbermitteln. Empf\u00e4nger personenbezogener Daten in Drittl\u00e4ndern sind Anbieter von Mailingdiensten\/Cloud-Diensten wie Mailchimp, Google.<\/li>\n<\/ul>\n<p style=\"text-align: center;\"><strong>VI. Ihre Rechte<\/strong><\/p>\n<ul>\n<li>Unter den in der DSGVO festgelegten Voraussetzungen haben Sie<\/li>\n<li>das Recht auf Auskunft \u00fcber Ihre personenbezogenen Daten gem\u00e4\u00df Art. 15 DSGVO,<\/li>\n<li>das Recht auf Berichtigung personenbezogener Daten gem\u00e4\u00df Art. 16 DSGVO oder Einschr\u00e4nkung der Verarbeitung nach Art. 18 DSGVO,<\/li>\n<li>das Recht auf L\u00f6schung personenbezogener Daten gem\u00e4\u00df Art. 17 DSGVO,<\/li>\n<li>das Recht auf Widerspruch gegen die Verarbeitung gem\u00e4\u00df Art. 21 DSGVO,<\/li>\n<li>das Recht auf Daten\u00fcbertragbarkeit gem\u00e4\u00df Art. 20 DSGVO.<\/li>\n<li>das Recht, die Einwilligung zur Verarbeitung an die in Art. III dieser Bedingungen angegebene Adresse oder E-Mail-Adresse des Administrators schriftlich oder elektronisch zu widerrufen.<\/li>\n<li>Dar\u00fcber hinaus haben Sie das Recht, eine Beschwerde beim Amt f\u00fcr den Schutz personenbezogener Daten einzureichen, wenn Sie der Meinung sind, dass Ihr Recht auf Schutz personenbezogener Daten verletzt wurde.<\/li>\n<\/ul>\n<p style=\"text-align: center;\"><strong>VII. Bedingungen zum Schutz personenbezogener Daten<\/strong><\/p>\n<ul>\n<li>Der Administrator erkl\u00e4rt, dass er alle angemessenen technischen und organisatorischen Ma\u00dfnahmen zum Schutz personenbezogener Daten ergriffen hat.<\/li>\n<li>Der Administrator hat technische Ma\u00dfnahmen zur sicheren Datenspeicherung und Speicherung personenbezogener Daten in Papierform ergriffen, insbesondere mit Passwortschutz, Verschl\u00fcsselung und Virenschutz.<\/li>\n<li>Der Administrator erkl\u00e4rt, dass nur von ihm autorisierte Personen Zugriff auf personenbezogene Daten haben.<\/li>\n<\/ul>\n<p style=\"text-align: center;\"><a id=\"post-10527-_gjdgxs\"><\/a><strong>VIII. Schlussbestimmungen<\/strong><\/p>\n<ul>\n<li>Mit dem Absenden einer Bestellung durch das Online-Bestellformular best\u00e4tigen Sie, dass Sie mit den Bestimmungen zum Schutz personenbezogener Daten vertraut sind und diese in vollem Umfang akzeptieren.<\/li>\n<li>Sie stimmen diesen Allgemeinen Gesch\u00e4ftsbedingungen zu, indem Sie die Einwilligung \u00fcber das Internetformular ankreuzen. Durch die \u00dcberpr\u00fcfung der Einwilligung best\u00e4tigen Sie, dass Sie mit den Bestimmungen zum Schutz personenbezogener Daten vertraut sind und diese in vollem Umfang akzeptieren.<\/li>\n<li>Der Administrator ist berechtigt, diese Bedingungen zu \u00e4ndern. Er ver\u00f6ffentlicht die neue Version der Datenschutzbedingungen auf seiner Website und sendet Ihnen gleichzeitig die neue Version dieser Bedingungen an Ihre E-Mail-Adresse, die Sie dem Administrator mitgeteilt haben.<\/li>\n<\/ul>\n<p>Diese Bedingungen treten am 01.09.2023 in Kraft.<\/p>\n<p>Juraj Tilesch, B.S.B.A.<\/p>\n<\/div><\/div><\/div><\/div><\/div>\n","protected":false},"excerpt":{"rendered":"","protected":false},"author":32,"featured_media":0,"parent":0,"menu_order":0,"comment_status":"closed","ping_status":"closed","template":"","meta":{"footnotes":""},"class_list":["post-10527","page","type-page","status-publish","hentry"],"yoast_head":"<!-- This site is optimized with the Yoast SEO plugin v26.5 - https:\/\/yoast.com\/wordpress\/plugins\/seo\/ -->\n<title>Bedingungen zum Schutz personenbezogener Daten | TOS Spare Parts<\/title>\n<meta name=\"robots\" content=\"index, follow, max-snippet:-1, max-image-preview:large, max-video-preview:-1\" \/>\n<link rel=\"canonical\" href=\"https:\/\/www.tosspareparts.com\/de\/bedingungen-zum-schutz-personenbezogener-daten\/\" \/>\n<meta property=\"og:locale\" content=\"de_DE\" \/>\n<meta property=\"og:type\" content=\"article\" \/>\n<meta property=\"og:title\" content=\"Bedingungen zum Schutz personenbezogener Daten | TOS Spare Parts\" \/>\n<meta property=\"og:url\" content=\"https:\/\/www.tosspareparts.com\/de\/bedingungen-zum-schutz-personenbezogener-daten\/\" \/>\n<meta property=\"og:site_name\" content=\"TOS Spare Parts\" \/>\n<meta property=\"article:modified_time\" content=\"2024-01-16T17:15:02+00:00\" \/>\n<meta name=\"twitter:card\" content=\"summary_large_image\" \/>\n<meta name=\"twitter:label1\" content=\"Gesch\u00e4tzte Lesezeit\" \/>\n\t<meta name=\"twitter:data1\" content=\"4\u00a0Minuten\" \/>\n<script type=\"application\/ld+json\" class=\"yoast-schema-graph\">{\"@context\":\"https:\/\/schema.org\",\"@graph\":[{\"@type\":\"WebPage\",\"@id\":\"https:\/\/www.tosspareparts.com\/de\/bedingungen-zum-schutz-personenbezogener-daten\/\",\"url\":\"https:\/\/www.tosspareparts.com\/de\/bedingungen-zum-schutz-personenbezogener-daten\/\",\"name\":\"Bedingungen zum Schutz personenbezogener Daten | TOS Spare Parts\",\"isPartOf\":{\"@id\":\"https:\/\/www.tosspareparts.com\/#website\"},\"datePublished\":\"2023-05-29T18:46:00+00:00\",\"dateModified\":\"2024-01-16T17:15:02+00:00\",\"breadcrumb\":{\"@id\":\"https:\/\/www.tosspareparts.com\/de\/bedingungen-zum-schutz-personenbezogener-daten\/#breadcrumb\"},\"inLanguage\":\"de\",\"potentialAction\":[{\"@type\":\"ReadAction\",\"target\":[\"https:\/\/www.tosspareparts.com\/de\/bedingungen-zum-schutz-personenbezogener-daten\/\"]}]},{\"@type\":\"BreadcrumbList\",\"@id\":\"https:\/\/www.tosspareparts.com\/de\/bedingungen-zum-schutz-personenbezogener-daten\/#breadcrumb\",\"itemListElement\":[{\"@type\":\"ListItem\",\"position\":1,\"name\":\"Home\",\"item\":\"https:\/\/www.tosspareparts.com\/de\/\"},{\"@type\":\"ListItem\",\"position\":2,\"name\":\"Bedingungen zum Schutz personenbezogener Daten\"}]},{\"@type\":\"WebSite\",\"@id\":\"https:\/\/www.tosspareparts.com\/#website\",\"url\":\"https:\/\/www.tosspareparts.com\/\",\"name\":\"TOS Spare Parts\",\"description\":\"Spare parts and accessories for metalworking machines\",\"publisher\":{\"@id\":\"https:\/\/www.tosspareparts.com\/#organization\"},\"potentialAction\":[{\"@type\":\"SearchAction\",\"target\":{\"@type\":\"EntryPoint\",\"urlTemplate\":\"https:\/\/www.tosspareparts.com\/?s={search_term_string}\"},\"query-input\":{\"@type\":\"PropertyValueSpecification\",\"valueRequired\":true,\"valueName\":\"search_term_string\"}}],\"inLanguage\":\"de\"},{\"@type\":\"Organization\",\"@id\":\"https:\/\/www.tosspareparts.com\/#organization\",\"name\":\"JTECHNIK, s.r.o.\",\"url\":\"https:\/\/www.tosspareparts.com\/\",\"logo\":{\"@type\":\"ImageObject\",\"inLanguage\":\"de\",\"@id\":\"https:\/\/www.tosspareparts.com\/#\/schema\/logo\/image\/\",\"url\":\"https:\/\/www.tosspareparts.com\/wp-content\/uploads\/2017\/05\/logo-JT-web.png\",\"contentUrl\":\"https:\/\/www.tosspareparts.com\/wp-content\/uploads\/2017\/05\/logo-JT-web.png\",\"width\":333,\"height\":115,\"caption\":\"JTECHNIK, s.r.o.\"},\"image\":{\"@id\":\"https:\/\/www.tosspareparts.com\/#\/schema\/logo\/image\/\"}}]}<\/script>\n<!-- \/ Yoast SEO plugin. -->","yoast_head_json":{"title":"Bedingungen zum Schutz personenbezogener Daten | TOS Spare Parts","robots":{"index":"index","follow":"follow","max-snippet":"max-snippet:-1","max-image-preview":"max-image-preview:large","max-video-preview":"max-video-preview:-1"},"canonical":"https:\/\/www.tosspareparts.com\/de\/bedingungen-zum-schutz-personenbezogener-daten\/","og_locale":"de_DE","og_type":"article","og_title":"Bedingungen zum Schutz personenbezogener Daten | TOS Spare Parts","og_url":"https:\/\/www.tosspareparts.com\/de\/bedingungen-zum-schutz-personenbezogener-daten\/","og_site_name":"TOS Spare Parts","article_modified_time":"2024-01-16T17:15:02+00:00","twitter_card":"summary_large_image","twitter_misc":{"Gesch\u00e4tzte Lesezeit":"4\u00a0Minuten"},"schema":{"@context":"https:\/\/schema.org","@graph":[{"@type":"WebPage","@id":"https:\/\/www.tosspareparts.com\/de\/bedingungen-zum-schutz-personenbezogener-daten\/","url":"https:\/\/www.tosspareparts.com\/de\/bedingungen-zum-schutz-personenbezogener-daten\/","name":"Bedingungen zum Schutz personenbezogener Daten | TOS Spare Parts","isPartOf":{"@id":"https:\/\/www.tosspareparts.com\/#website"},"datePublished":"2023-05-29T18:46:00+00:00","dateModified":"2024-01-16T17:15:02+00:00","breadcrumb":{"@id":"https:\/\/www.tosspareparts.com\/de\/bedingungen-zum-schutz-personenbezogener-daten\/#breadcrumb"},"inLanguage":"de","potentialAction":[{"@type":"ReadAction","target":["https:\/\/www.tosspareparts.com\/de\/bedingungen-zum-schutz-personenbezogener-daten\/"]}]},{"@type":"BreadcrumbList","@id":"https:\/\/www.tosspareparts.com\/de\/bedingungen-zum-schutz-personenbezogener-daten\/#breadcrumb","itemListElement":[{"@type":"ListItem","position":1,"name":"Home","item":"https:\/\/www.tosspareparts.com\/de\/"},{"@type":"ListItem","position":2,"name":"Bedingungen zum Schutz personenbezogener Daten"}]},{"@type":"WebSite","@id":"https:\/\/www.tosspareparts.com\/#website","url":"https:\/\/www.tosspareparts.com\/","name":"TOS Spare Parts","description":"Spare parts and accessories for metalworking machines","publisher":{"@id":"https:\/\/www.tosspareparts.com\/#organization"},"potentialAction":[{"@type":"SearchAction","target":{"@type":"EntryPoint","urlTemplate":"https:\/\/www.tosspareparts.com\/?s={search_term_string}"},"query-input":{"@type":"PropertyValueSpecification","valueRequired":true,"valueName":"search_term_string"}}],"inLanguage":"de"},{"@type":"Organization","@id":"https:\/\/www.tosspareparts.com\/#organization","name":"JTECHNIK, s.r.o.","url":"https:\/\/www.tosspareparts.com\/","logo":{"@type":"ImageObject","inLanguage":"de","@id":"https:\/\/www.tosspareparts.com\/#\/schema\/logo\/image\/","url":"https:\/\/www.tosspareparts.com\/wp-content\/uploads\/2017\/05\/logo-JT-web.png","contentUrl":"https:\/\/www.tosspareparts.com\/wp-content\/uploads\/2017\/05\/logo-JT-web.png","width":333,"height":115,"caption":"JTECHNIK, s.r.o."},"image":{"@id":"https:\/\/www.tosspareparts.com\/#\/schema\/logo\/image\/"}}]}},"jetpack_sharing_enabled":true,"_links":{"self":[{"href":"https:\/\/www.tosspareparts.com\/de\/wp-json\/wp\/v2\/pages\/10527","targetHints":{"allow":["GET"]}}],"collection":[{"href":"https:\/\/www.tosspareparts.com\/de\/wp-json\/wp\/v2\/pages"}],"about":[{"href":"https:\/\/www.tosspareparts.com\/de\/wp-json\/wp\/v2\/types\/page"}],"author":[{"embeddable":true,"href":"https:\/\/www.tosspareparts.com\/de\/wp-json\/wp\/v2\/users\/32"}],"replies":[{"embeddable":true,"href":"https:\/\/www.tosspareparts.com\/de\/wp-json\/wp\/v2\/comments?post=10527"}],"version-history":[{"count":4,"href":"https:\/\/www.tosspareparts.com\/de\/wp-json\/wp\/v2\/pages\/10527\/revisions"}],"predecessor-version":[{"id":19337,"href":"https:\/\/www.tosspareparts.com\/de\/wp-json\/wp\/v2\/pages\/10527\/revisions\/19337"}],"wp:attachment":[{"href":"https:\/\/www.tosspareparts.com\/de\/wp-json\/wp\/v2\/media?parent=10527"}],"curies":[{"name":"wp","href":"https:\/\/api.w.org\/{rel}","templated":true}]}}