{"id":17554,"date":"2024-01-09T16:16:31","date_gmt":"2024-01-09T15:16:31","guid":{"rendered":"https:\/\/www.tosspareparts.com\/shipping\/"},"modified":"2026-04-02T13:43:46","modified_gmt":"2026-04-02T11:43:46","slug":"versand","status":"publish","type":"page","link":"https:\/\/www.tosspareparts.com\/de\/versand\/","title":{"rendered":"Versand"},"content":{"rendered":"<p><div class=\"fusion-fullwidth fullwidth-box fusion-builder-row-1 nonhundred-percent-fullwidth non-hundred-percent-height-scrolling\" style=\"--awb-border-radius-top-left:0px;--awb-border-radius-top-right:0px;--awb-border-radius-bottom-right:0px;--awb-border-radius-bottom-left:0px;--awb-flex-wrap:wrap;\" ><div class=\"fusion-builder-row fusion-row\"><div class=\"fusion-layout-column fusion_builder_column fusion-builder-column-0 fusion_builder_column_1_1 1_1 fusion-one-full fusion-column-first fusion-column-last\" style=\"--awb-bg-size:cover;--awb-margin-bottom:0px;\"><div class=\"fusion-column-wrapper fusion-flex-column-wrapper-legacy\"><div class=\"fusion-title title fusion-title-1 fusion-title-text fusion-title-size-two\"><h2 class=\"fusion-title-heading title-heading-left\" style=\"margin:0;\">Versandkosten<\/h2><span class=\"awb-title-spacer\"><\/span><div class=\"title-sep-container\"><div class=\"title-sep sep-single sep-solid\" style=\"border-color:#1a80b6;\"><\/div><\/div><\/div>\n<div class=\"table-2\">\n<table width=\"100%\">\n<thead>\n<tr>\n<th>Land<\/th>\n<th>Zone<\/th>\n<th>&lt; 1kg<\/th>\n<th>&lt; 3kg<\/th>\n<th>&lt; 10kg<\/th>\n<th>&lt; 20kg<\/th>\n<th>&lt; 31,5kg<\/th>\n<\/tr>\n<\/thead>\n<tbody>\n<tr>\n<td>Belgien<\/td>\n<td>3<\/td>\n<td>35,00<\/td>\n<td>35,00<\/td>\n<td>50,00<\/td>\n<td>70,00<\/td>\n<td>135,00<\/td>\n<\/tr>\n<tr>\n<td>Bulgarien<\/td>\n<td>3<\/td>\n<td>35,00<\/td>\n<td>35,00<\/td>\n<td>50,00<\/td>\n<td>70,00<\/td>\n<td>135,00<\/td>\n<\/tr>\n<tr>\n<td>D\u00e4nemark<\/td>\n<td>2<\/td>\n<td>23,00<\/td>\n<td>27,00<\/td>\n<td>40,00<\/td>\n<td>60,00<\/td>\n<td>125,00<\/td>\n<\/tr>\n<tr>\n<td>Deutschland<\/td>\n<td>2<\/td>\n<td>23,00<\/td>\n<td>27,00<\/td>\n<td>40,00<\/td>\n<td>60,00<\/td>\n<td>125,00<\/td>\n<\/tr>\n<tr>\n<td>Estland<\/td>\n<td>3<\/td>\n<td>35,00<\/td>\n<td>35,00<\/td>\n<td>50,00<\/td>\n<td>70,00<\/td>\n<td>135,00<\/td>\n<\/tr>\n<tr>\n<td>Finnland<\/td>\n<td>4<\/td>\n<td>30,00<\/td>\n<td>30,00<\/td>\n<td>50,00<\/td>\n<td>75,00<\/td>\n<td>135,00<\/td>\n<\/tr>\n<tr>\n<td>Frankreich<\/td>\n<td>3<\/td>\n<td>35,00<\/td>\n<td>35,00<\/td>\n<td>50,00<\/td>\n<td>70,00<\/td>\n<td>135,00<\/td>\n<\/tr>\n<tr>\n<td>Griechenland<\/td>\n<td>3<\/td>\n<td>35,00<\/td>\n<td>35,00<\/td>\n<td>50,00<\/td>\n<td>70,00<\/td>\n<td>135,00<\/td>\n<\/tr>\n<tr>\n<td>Gro\u00dfbritannien<\/td>\n<td>3*<\/td>\n<td>35,00<\/td>\n<td>35,00<\/td>\n<td>50,00<\/td>\n<td>70,00<\/td>\n<td>135,00<\/td>\n<\/tr>\n<tr>\n<td>Irland<\/td>\n<td>3<\/td>\n<td>35,00<\/td>\n<td>35,00<\/td>\n<td>50,00<\/td>\n<td>70,00<\/td>\n<td>135,00<\/td>\n<\/tr>\n<tr>\n<td>Italien<\/td>\n<td>3<\/td>\n<td>35,00<\/td>\n<td>35,00<\/td>\n<td>50,00<\/td>\n<td>70,00<\/td>\n<td>135,00<\/td>\n<\/tr>\n<tr>\n<td>Kroatien<\/td>\n<td>2<\/td>\n<td>23,00<\/td>\n<td>27,00<\/td>\n<td>40,00<\/td>\n<td>60,00<\/td>\n<td>125,00<\/td>\n<\/tr>\n<tr>\n<td>Lettland<\/td>\n<td>3<\/td>\n<td>35,00<\/td>\n<td>35,00<\/td>\n<td>50,00<\/td>\n<td>70,00<\/td>\n<td>135,00<\/td>\n<\/tr>\n<tr>\n<td>Litauen<\/td>\n<td>3<\/td>\n<td>35,00<\/td>\n<td>35,00<\/td>\n<td>50,00<\/td>\n<td>70,00<\/td>\n<td>135,00<\/td>\n<\/tr>\n<tr>\n<td>Luxemburg<\/td>\n<td>3<\/td>\n<td>35,00<\/td>\n<td>35,00<\/td>\n<td>50,00<\/td>\n<td>70,00<\/td>\n<td>135,00<\/td>\n<\/tr>\n<tr>\n<td>Malta<\/td>\n<td>5<\/td>\n<td>40,00<\/td>\n<td>40,00<\/td>\n<td>55,00<\/td>\n<td>75,00<\/td>\n<td>140,00<\/td>\n<\/tr>\n<tr>\n<td>Monaco<\/td>\n<td>3<\/td>\n<td>35,00<\/td>\n<td>35,00<\/td>\n<td>50,00<\/td>\n<td>70,00<\/td>\n<td>135,00<\/td>\n<\/tr>\n<tr>\n<td>Niederlande<\/td>\n<td>2<\/td>\n<td>23,00<\/td>\n<td>27,00<\/td>\n<td>40,00<\/td>\n<td>60,00<\/td>\n<td>125,00<\/td>\n<\/tr>\n<tr>\n<td>Nordirland<\/td>\n<td>3<\/td>\n<td>35,00<\/td>\n<td>35,00<\/td>\n<td>50,00<\/td>\n<td>70,00<\/td>\n<td>135,00<\/td>\n<\/tr>\n<tr>\n<td>Norwegen<\/td>\n<td>4*<\/td>\n<td>30,00<\/td>\n<td>30,00<\/td>\n<td>50,00<\/td>\n<td>75,00<\/td>\n<td>135,00<\/td>\n<\/tr>\n<tr>\n<td>\u00d6sterreich<\/td>\n<td>1<\/td>\n<td>23,00<\/td>\n<td>27,00<\/td>\n<td>34,00<\/td>\n<td>60,00<\/td>\n<td>120,00<\/td>\n<\/tr>\n<tr>\n<td>Polen<\/td>\n<td>1<\/td>\n<td>23,00<\/td>\n<td>27,00<\/td>\n<td>34,00<\/td>\n<td>60,00<\/td>\n<td>120,00<\/td>\n<\/tr>\n<tr>\n<td>Portugal<\/td>\n<td>3<\/td>\n<td>35,00<\/td>\n<td>35,00<\/td>\n<td>50,00<\/td>\n<td>70,00<\/td>\n<td>135,00<\/td>\n<\/tr>\n<tr>\n<td>Rum\u00e4nien<\/td>\n<td>3<\/td>\n<td>35,00<\/td>\n<td>35,00<\/td>\n<td>50,00<\/td>\n<td>70,00<\/td>\n<td>135,00<\/td>\n<\/tr>\n<tr>\n<td>Schweden<\/td>\n<td>4<\/td>\n<td>30,00<\/td>\n<td>30,00<\/td>\n<td>50,00<\/td>\n<td>75,00<\/td>\n<td>135,00<\/td>\n<\/tr>\n<tr>\n<td>Schweiz<\/td>\n<td>3*<\/td>\n<td>35,00<\/td>\n<td>35,00<\/td>\n<td>50,00<\/td>\n<td>70,00<\/td>\n<td>135,00<\/td>\n<\/tr>\n<tr>\n<td>Slowenien<\/td>\n<td>2<\/td>\n<td>23,00<\/td>\n<td>27,00<\/td>\n<td>40,00<\/td>\n<td>60,00<\/td>\n<td>125,00<\/td>\n<\/tr>\n<tr>\n<td>Spanien<\/td>\n<td>3<\/td>\n<td>35,00<\/td>\n<td>35,00<\/td>\n<td>50,00<\/td>\n<td>70,00<\/td>\n<td>135,00<\/td>\n<\/tr>\n<tr>\n<td>Tschechien<\/td>\n<td>1<\/td>\n<td>23,00<\/td>\n<td>27,00<\/td>\n<td>34,00<\/td>\n<td>60,00<\/td>\n<td>120,00<\/td>\n<\/tr>\n<tr>\n<td>Ungarn<\/td>\n<td>1<\/td>\n<td>23,00<\/td>\n<td>27,00<\/td>\n<td>34,00<\/td>\n<td>60,00<\/td>\n<td>120,00<\/td>\n<\/tr>\n<tr>\n<td>Zypern<\/td>\n<td>5<\/td>\n<td>40,00<\/td>\n<td>40,00<\/td>\n<td>55,00<\/td>\n<td>75,00<\/td>\n<td>140,00<\/td>\n<\/tr>\n<\/tbody>\n<\/table>\n<\/div>\n<div class=\"fusion-text fusion-text-1\" style=\"--awb-margin-top:15px;\"><p>* Exportgeb\u00fchr &#8211; 30,00 Euro<\/p>\n<p>Alle Preise verstehen sich zuz\u00fcglich Mehrwertsteuer.<\/p>\n<p>Versandkosten f\u00fcr gr\u00f6\u00dfere Mengen werden individuell berechnet.<\/p>\n<\/div><div class=\"fusion-title title fusion-title-2 fusion-title-text fusion-title-size-two\" id=\"times\"><h2 class=\"fusion-title-heading title-heading-left\" style=\"margin:0;\">Lieferdauer<\/h2><span class=\"awb-title-spacer\"><\/span><div class=\"title-sep-container\"><div class=\"title-sep sep-single sep-solid\" style=\"border-color:#1a80b6;\"><\/div><\/div><\/div>\n<div class=\"table-2\">\n<table width=\"100%\">\n<thead>\n<tr>\n<th align=\"left\">Zone<\/th>\n<th align=\"left\">Lieferzeit \/ Tage<\/th>\n<\/tr>\n<\/thead>\n<tbody>\n<tr>\n<td align=\"left\">1<\/td>\n<td align=\"left\">1-2<\/td>\n<\/tr>\n<tr>\n<td align=\"left\">2<\/td>\n<td align=\"left\">2-3<\/td>\n<\/tr>\n<tr>\n<td align=\"left\">3<\/td>\n<td align=\"left\">3-4<\/td>\n<\/tr>\n<tr>\n<td align=\"left\">4<\/td>\n<td align=\"left\">4-6<\/td>\n<\/tr>\n<tr>\n<td align=\"left\">5<\/td>\n<td align=\"left\">5-6<\/td>\n<\/tr>\n<\/tbody>\n<\/table>\n<\/div>\n<div class=\"fusion-clearfix\"><\/div><\/div><\/div><\/div><\/div><div class=\"fusion-fullwidth fullwidth-box fusion-builder-row-2 fusion-flex-container nonhundred-percent-fullwidth non-hundred-percent-height-scrolling\" style=\"--awb-border-radius-top-left:0px;--awb-border-radius-top-right:0px;--awb-border-radius-bottom-right:0px;--awb-border-radius-bottom-left:0px;--awb-flex-wrap:wrap;\" ><div class=\"fusion-builder-row fusion-row fusion-flex-align-items-flex-start fusion-flex-content-wrap\" style=\"max-width:1144px;margin-left: calc(-4% \/ 2 );margin-right: calc(-4% \/ 2 );\"><div class=\"fusion-layout-column fusion_builder_column fusion-builder-column-1 fusion_builder_column_1_1 1_1 fusion-flex-column\" style=\"--awb-bg-size:cover;--awb-width-large:100%;--awb-margin-top-large:0px;--awb-spacing-right-large:1.92%;--awb-margin-bottom-large:0px;--awb-spacing-left-large:1.92%;--awb-width-medium:100%;--awb-spacing-right-medium:1.92%;--awb-spacing-left-medium:1.92%;--awb-width-small:100%;--awb-spacing-right-small:1.92%;--awb-spacing-left-small:1.92%;\"><div class=\"fusion-column-wrapper fusion-flex-justify-content-flex-start fusion-content-layout-column\"><div class=\"fusion-separator fusion-full-width-sep\" style=\"align-self: center;margin-left: auto;margin-right: auto;margin-top:20px;width:100%;\"><\/div><div class=\"fusion-title title fusion-title-3 fusion-title-text fusion-title-size-one\"><div class=\"title-sep-container title-sep-container-left fusion-no-large-visibility fusion-no-medium-visibility fusion-no-small-visibility\"><div class=\"title-sep sep-single sep-solid\" style=\"border-color:#1a80b6;\"><\/div><\/div><span class=\"awb-title-spacer fusion-no-large-visibility fusion-no-medium-visibility fusion-no-small-visibility\"><\/span><h1 class=\"fusion-title-heading title-heading-left\" style=\"margin:0;\">Versandkosten &#8211; Rest der Welt<\/h1><span class=\"awb-title-spacer\"><\/span><div class=\"title-sep-container title-sep-container-right\"><div class=\"title-sep sep-single sep-solid\" style=\"border-color:#1a80b6;\"><\/div><\/div><\/div>\n<div class=\"table-2\">\n<table width=\"100%\">\n<thead>\n<tr>\n<th align=\"left\">Zone<\/th>\n<th align=\"left\">&lt; 3 kg<\/th>\n<th align=\"left\">&lt; 10 kg<\/th>\n<th align=\"left\">&lt; 20 kg<\/th>\n<th align=\"left\">&lt; 31.5 kg<\/th>\n<\/tr>\n<\/thead>\n<tbody>\n<tr>\n<td align=\"left\">6<\/td>\n<td align=\"left\">72,00<\/td>\n<td align=\"left\">100,00<\/td>\n<td align=\"left\">200,00<\/td>\n<td align=\"left\">285,00<\/td>\n<\/tr>\n<tr>\n<td align=\"left\">7<\/td>\n<td align=\"left\">73,00<\/td>\n<td align=\"left\">100,00<\/td>\n<td align=\"left\">200,00<\/td>\n<td align=\"left\">480,00<\/td>\n<\/tr>\n<tr>\n<td align=\"left\">8<\/td>\n<td align=\"left\">80,00<\/td>\n<td align=\"left\">135,00<\/td>\n<td align=\"left\">460,00<\/td>\n<td align=\"left\">600,00<\/td>\n<\/tr>\n<tr>\n<td align=\"left\">9<\/td>\n<td align=\"left\">180,00<\/td>\n<td align=\"left\">340,00<\/td>\n<td align=\"left\">640,00<\/td>\n<td align=\"left\">900,00<\/td>\n<\/tr>\n<\/tbody>\n<\/table>\n<\/div>\n<div class=\"fusion-separator fusion-full-width-sep\" style=\"align-self: center;margin-left: auto;margin-right: auto;margin-top:20px;width:100%;\"><\/div>\n<div class=\"table-2\">\n<table width=\"100%\">\n<thead>\n<tr>\n<th align=\"left\">Zone<\/th>\n<th align=\"left\">L\u00e4nder<\/th>\n<\/tr>\n<\/thead>\n<tbody>\n<tr>\n<td align=\"left\">6<\/td>\n<td align=\"left\">Albanien, Algerien, Andorra, Angola, Armenien, Aserbaidschan, Bangladesch, Bhutan, Bosnien und Herzegowina, Botswana, Brunei, Burundi, Kanarische Inseln, Zentralafrikanische Republik, Cookinseln, Tschad, Kuba, Demokratische Republik Kongo, Dschibuti, Eritrea, \u00c4thiopien, Faro-Inseln, Fidschi, Jersey, Gabun, Gambia, Ghana, Gibraltar, Gr\u00f6nland, Georgien, Guam, Island, Israel, Kirgisistan, Kiribati, Lesotho, Liberia, Nordmazedonien, Madeira, Mikronesien, Moldawien, Mongolei, Montenegro, Marokko, Mosambik, Namibia, Nauru, Nepal, Nigeria, Palau, Papua-Neuguinea, Republik Kongo, Ruanda, Samoa, San Marino, Serbien, Sierra Leone, Somalia, Sri Lanka, Swasiland, Thailand, Togo, Tonga, Tunesien, Tuvalu, Ukraine, Vereinigte Arabische Emirate, Usbekistan, Vanuatu, Vatikan, Vietnam, Sambia, Simbabwe<\/td>\n<\/tr>\n<tr>\n<td align=\"left\">7<\/td>\n<td align=\"left\">Australien, Bahrain, China, \u00c4gypten, Philippinen, Guadeloupe, Hongkong, Indien, Indonesien, Japan, Jordanien, Kasachstan, S\u00fcdkorea, Laos, Libanon, Macao, Malaysia, Malediven, Mali, Martinique, Mauritius, Mexiko, Neuseeland, Oman, Katar, Saudi-Arabien, S\u00fcdafrika, Singapur, Taiwan, T\u00fcrkei, USA<\/td>\n<\/tr>\n<tr>\n<td align=\"left\">8<\/td>\n<td align=\"left\">Anguilla, Antigua, Argentinien, Aruba, Barbados, Benin, Bermuda, Bolivien, Brasilien, Burkina Faso, Kanada, Kaimaninseln, Kolumbien, Costa Rica, Curacao, Chile, Dominikanische Republik, Ecuador, Elfenbeink\u00fcste, Grenada, Guatemala, Haiti, Honduras, Jamaika, Kenia, Madagaskar, Niger, Nikaragua, Panama, Paraguay, Peru, Puerto Rico, Salvador, Senegal, St. Lucia, Trinidad und Tobago, Uruguay, Venezuela<\/td>\n<\/tr>\n<tr>\n<td align=\"left\">9<\/td>\n<td align=\"left\">Bahamas, Belize, Kambodscha, Cameron, Guyana, Neukaledonien, Pal\u00e4stina, Seychellen, Surinam, Tansania, Uganda<\/td>\n<\/tr>\n<\/tbody>\n<\/table>\n<\/div>\n<div class=\"fusion-separator fusion-full-width-sep\" style=\"align-self: center;margin-left: auto;margin-right: auto;margin-top:20px;width:100%;\"><\/div><div class=\"fusion-title title fusion-title-4 fusion-title-text fusion-title-size-two\" style=\"--awb-margin-top:20px;\" id=\"time\"><div class=\"title-sep-container title-sep-container-left fusion-no-large-visibility fusion-no-medium-visibility fusion-no-small-visibility\"><div class=\"title-sep sep-single sep-solid\" style=\"border-color:#1a80b6;\"><\/div><\/div><span class=\"awb-title-spacer fusion-no-large-visibility fusion-no-medium-visibility fusion-no-small-visibility\"><\/span><h2 class=\"fusion-title-heading title-heading-left\" style=\"margin:0;\">Lieferdauer &#8211; Rest der Welt<\/h2><span class=\"awb-title-spacer\"><\/span><div class=\"title-sep-container title-sep-container-right\"><div class=\"title-sep sep-single sep-solid\" style=\"border-color:#1a80b6;\"><\/div><\/div><\/div>\n<div class=\"table-2\">\n<table width=\"100%\">\n<thead>\n<tr>\n<th align=\"left\">Zone<\/th>\n<th align=\"left\">\u00a0Lieferzeit \/ Tage<\/th>\n<\/tr>\n<\/thead>\n<tbody>\n<tr>\n<td align=\"left\">6<\/td>\n<td align=\"left\">4-9<\/td>\n<\/tr>\n<tr>\n<td align=\"left\">7<\/td>\n<td align=\"left\">6-10<\/td>\n<\/tr>\n<tr>\n<td align=\"left\">8<\/td>\n<td align=\"left\">5-9<\/td>\n<\/tr>\n<tr>\n<td align=\"left\">9<\/td>\n<td align=\"left\">5-9<\/td>\n<\/tr>\n<\/tbody>\n<\/table>\n<\/div>\n<div class=\"fusion-text fusion-text-2\" style=\"--awb-margin-top:15px;\"><p>Die Exportgeb\u00fchr \u2013 30,00 Euro \u2013 gilt f\u00fcr alle L\u00e4nder.<\/p>\n<p>Alle Preise verstehen sich zuz\u00fcglich Mehrwertsteuer.<\/p>\n<p>Andere L\u00e4nder auf Anfrage.<\/p>\n<p>Versandkosten f\u00fcr gr\u00f6\u00dfere Mengen werden individuell berechnet.<\/p>\n<\/div><\/div><\/div><\/div><\/div><\/p>\n","protected":false},"excerpt":{"rendered":"","protected":false},"author":32,"featured_media":0,"parent":0,"menu_order":0,"comment_status":"closed","ping_status":"closed","template":"","meta":{"footnotes":""},"class_list":["post-17554","page","type-page","status-publish","hentry"],"yoast_head":"<!-- This site is optimized with the Yoast SEO plugin v26.5 - https:\/\/yoast.com\/wordpress\/plugins\/seo\/ -->\n<title>Versand | TOS Spare Parts<\/title>\n<meta name=\"robots\" content=\"index, follow, max-snippet:-1, max-image-preview:large, max-video-preview:-1\" \/>\n<link rel=\"canonical\" href=\"https:\/\/www.tosspareparts.com\/de\/versand\/\" \/>\n<meta property=\"og:locale\" content=\"de_DE\" \/>\n<meta property=\"og:type\" content=\"article\" \/>\n<meta property=\"og:title\" content=\"Versand | TOS Spare Parts\" \/>\n<meta property=\"og:url\" content=\"https:\/\/www.tosspareparts.com\/de\/versand\/\" \/>\n<meta property=\"og:site_name\" content=\"TOS Spare Parts\" \/>\n<meta property=\"article:modified_time\" content=\"2026-04-02T11:43:46+00:00\" \/>\n<meta name=\"twitter:card\" content=\"summary_large_image\" \/>\n<meta name=\"twitter:label1\" content=\"Gesch\u00e4tzte Lesezeit\" \/>\n\t<meta name=\"twitter:data1\" content=\"3\u00a0Minuten\" \/>\n<script type=\"application\/ld+json\" class=\"yoast-schema-graph\">{\"@context\":\"https:\/\/schema.org\",\"@graph\":[{\"@type\":\"WebPage\",\"@id\":\"https:\/\/www.tosspareparts.com\/de\/versand\/\",\"url\":\"https:\/\/www.tosspareparts.com\/de\/versand\/\",\"name\":\"Versand | TOS Spare Parts\",\"isPartOf\":{\"@id\":\"https:\/\/www.tosspareparts.com\/#website\"},\"datePublished\":\"2024-01-09T15:16:31+00:00\",\"dateModified\":\"2026-04-02T11:43:46+00:00\",\"breadcrumb\":{\"@id\":\"https:\/\/www.tosspareparts.com\/de\/versand\/#breadcrumb\"},\"inLanguage\":\"de\",\"potentialAction\":[{\"@type\":\"ReadAction\",\"target\":[\"https:\/\/www.tosspareparts.com\/de\/versand\/\"]}]},{\"@type\":\"BreadcrumbList\",\"@id\":\"https:\/\/www.tosspareparts.com\/de\/versand\/#breadcrumb\",\"itemListElement\":[{\"@type\":\"ListItem\",\"position\":1,\"name\":\"Home\",\"item\":\"https:\/\/www.tosspareparts.com\/de\/\"},{\"@type\":\"ListItem\",\"position\":2,\"name\":\"Versand\"}]},{\"@type\":\"WebSite\",\"@id\":\"https:\/\/www.tosspareparts.com\/#website\",\"url\":\"https:\/\/www.tosspareparts.com\/\",\"name\":\"TOS Spare Parts\",\"description\":\"Spare parts and accessories for metalworking machines\",\"publisher\":{\"@id\":\"https:\/\/www.tosspareparts.com\/#organization\"},\"potentialAction\":[{\"@type\":\"SearchAction\",\"target\":{\"@type\":\"EntryPoint\",\"urlTemplate\":\"https:\/\/www.tosspareparts.com\/?s={search_term_string}\"},\"query-input\":{\"@type\":\"PropertyValueSpecification\",\"valueRequired\":true,\"valueName\":\"search_term_string\"}}],\"inLanguage\":\"de\"},{\"@type\":\"Organization\",\"@id\":\"https:\/\/www.tosspareparts.com\/#organization\",\"name\":\"JTECHNIK, s.r.o.\",\"url\":\"https:\/\/www.tosspareparts.com\/\",\"logo\":{\"@type\":\"ImageObject\",\"inLanguage\":\"de\",\"@id\":\"https:\/\/www.tosspareparts.com\/#\/schema\/logo\/image\/\",\"url\":\"https:\/\/www.tosspareparts.com\/wp-content\/uploads\/2017\/05\/logo-JT-web.png\",\"contentUrl\":\"https:\/\/www.tosspareparts.com\/wp-content\/uploads\/2017\/05\/logo-JT-web.png\",\"width\":333,\"height\":115,\"caption\":\"JTECHNIK, s.r.o.\"},\"image\":{\"@id\":\"https:\/\/www.tosspareparts.com\/#\/schema\/logo\/image\/\"}}]}<\/script>\n<!-- \/ Yoast SEO plugin. -->","yoast_head_json":{"title":"Versand | TOS Spare Parts","robots":{"index":"index","follow":"follow","max-snippet":"max-snippet:-1","max-image-preview":"max-image-preview:large","max-video-preview":"max-video-preview:-1"},"canonical":"https:\/\/www.tosspareparts.com\/de\/versand\/","og_locale":"de_DE","og_type":"article","og_title":"Versand | TOS Spare Parts","og_url":"https:\/\/www.tosspareparts.com\/de\/versand\/","og_site_name":"TOS Spare Parts","article_modified_time":"2026-04-02T11:43:46+00:00","twitter_card":"summary_large_image","twitter_misc":{"Gesch\u00e4tzte Lesezeit":"3\u00a0Minuten"},"schema":{"@context":"https:\/\/schema.org","@graph":[{"@type":"WebPage","@id":"https:\/\/www.tosspareparts.com\/de\/versand\/","url":"https:\/\/www.tosspareparts.com\/de\/versand\/","name":"Versand | TOS Spare Parts","isPartOf":{"@id":"https:\/\/www.tosspareparts.com\/#website"},"datePublished":"2024-01-09T15:16:31+00:00","dateModified":"2026-04-02T11:43:46+00:00","breadcrumb":{"@id":"https:\/\/www.tosspareparts.com\/de\/versand\/#breadcrumb"},"inLanguage":"de","potentialAction":[{"@type":"ReadAction","target":["https:\/\/www.tosspareparts.com\/de\/versand\/"]}]},{"@type":"BreadcrumbList","@id":"https:\/\/www.tosspareparts.com\/de\/versand\/#breadcrumb","itemListElement":[{"@type":"ListItem","position":1,"name":"Home","item":"https:\/\/www.tosspareparts.com\/de\/"},{"@type":"ListItem","position":2,"name":"Versand"}]},{"@type":"WebSite","@id":"https:\/\/www.tosspareparts.com\/#website","url":"https:\/\/www.tosspareparts.com\/","name":"TOS Spare Parts","description":"Spare parts and accessories for metalworking machines","publisher":{"@id":"https:\/\/www.tosspareparts.com\/#organization"},"potentialAction":[{"@type":"SearchAction","target":{"@type":"EntryPoint","urlTemplate":"https:\/\/www.tosspareparts.com\/?s={search_term_string}"},"query-input":{"@type":"PropertyValueSpecification","valueRequired":true,"valueName":"search_term_string"}}],"inLanguage":"de"},{"@type":"Organization","@id":"https:\/\/www.tosspareparts.com\/#organization","name":"JTECHNIK, s.r.o.","url":"https:\/\/www.tosspareparts.com\/","logo":{"@type":"ImageObject","inLanguage":"de","@id":"https:\/\/www.tosspareparts.com\/#\/schema\/logo\/image\/","url":"https:\/\/www.tosspareparts.com\/wp-content\/uploads\/2017\/05\/logo-JT-web.png","contentUrl":"https:\/\/www.tosspareparts.com\/wp-content\/uploads\/2017\/05\/logo-JT-web.png","width":333,"height":115,"caption":"JTECHNIK, s.r.o."},"image":{"@id":"https:\/\/www.tosspareparts.com\/#\/schema\/logo\/image\/"}}]}},"jetpack_sharing_enabled":true,"_links":{"self":[{"href":"https:\/\/www.tosspareparts.com\/de\/wp-json\/wp\/v2\/pages\/17554","targetHints":{"allow":["GET"]}}],"collection":[{"href":"https:\/\/www.tosspareparts.com\/de\/wp-json\/wp\/v2\/pages"}],"about":[{"href":"https:\/\/www.tosspareparts.com\/de\/wp-json\/wp\/v2\/types\/page"}],"author":[{"embeddable":true,"href":"https:\/\/www.tosspareparts.com\/de\/wp-json\/wp\/v2\/users\/32"}],"replies":[{"embeddable":true,"href":"https:\/\/www.tosspareparts.com\/de\/wp-json\/wp\/v2\/comments?post=17554"}],"version-history":[{"count":8,"href":"https:\/\/www.tosspareparts.com\/de\/wp-json\/wp\/v2\/pages\/17554\/revisions"}],"predecessor-version":[{"id":82104,"href":"https:\/\/www.tosspareparts.com\/de\/wp-json\/wp\/v2\/pages\/17554\/revisions\/82104"}],"wp:attachment":[{"href":"https:\/\/www.tosspareparts.com\/de\/wp-json\/wp\/v2\/media?parent=17554"}],"curies":[{"name":"wp","href":"https:\/\/api.w.org\/{rel}","templated":true}]}}