{"id":69709,"date":"2026-02-19T15:54:39","date_gmt":"2026-02-19T14:54:39","guid":{"rendered":"https:\/\/www.tosspareparts.com\/product\/flacher-gurt-verbunden-sv18r-rd\/"},"modified":"2026-03-26T14:12:27","modified_gmt":"2026-03-26T13:12:27","slug":"flacher-gurt-verbunden-sv18r-rd","status":"publish","type":"product","link":"https:\/\/www.tosspareparts.com\/de\/product\/flacher-gurt-verbunden-sv18r-rd\/","title":{"rendered":"Flacher Gurt &#8211; verbunden &#8211; SV18R\/RD"},"content":{"rendered":"","protected":false},"excerpt":{"rendered":"<p>Flacher Gurt f\u00fcr Drehmaschinen SV18RA und SV18RD.<\/p>\n<p>Breite: 100 mm<\/p>\n<p>Verf\u00fcgbare L\u00e4ngen:<br \/>\n&#8211; 1990 mm<br \/>\n&#8211; 2340 mm<br \/>\n&#8211; 2360 mm<br \/>\nAndere L\u00e4ngen auf Anfrage.<\/p>\n","protected":false},"featured_media":69090,"comment_status":"closed","ping_status":"open","template":"","meta":[],"product_brand":[],"product_cat":[5405,5407],"product_tag":[3420],"class_list":{"0":"post-69709","1":"product","2":"type-product","3":"status-publish","4":"has-post-thumbnail","6":"product_cat-ersatzteile-sv18r-ra-rd","7":"product_cat-spindelstock-901000","8":"product_tag-jtechnik-de","9":"pa_lenght-1990-mm","10":"pa_lenght-2340-mm","11":"pa_lenght-2360-mm","13":"first","14":"instock","15":"taxable","16":"shipping-taxable","17":"purchasable","18":"product-type-variable"},"yoast_head":"<!-- This site is optimized with the Yoast SEO plugin v26.5 - https:\/\/yoast.com\/wordpress\/plugins\/seo\/ -->\n<title>Flacher Gurt - verbunden - SV18R\/RD Ersatzteile SV18R\/RA\/RD | TOS Spare Parts<\/title>\n<meta name=\"description\" content=\"Flacher Gurt f\u00fcr Drehmaschinen SV18R. Spindelstock 901000.Ersatzteile und Zubeh\u00f6r f\u00fcr Drehmaschinen TOS Tren\u010d\u00edn.\" \/>\n<meta name=\"robots\" content=\"index, follow, max-snippet:-1, max-image-preview:large, max-video-preview:-1\" \/>\n<link rel=\"canonical\" href=\"https:\/\/www.tosspareparts.com\/de\/product\/flacher-gurt-verbunden-sv18r-rd\/\" \/>\n<meta property=\"og:locale\" content=\"de_DE\" \/>\n<meta property=\"og:type\" content=\"article\" \/>\n<meta property=\"og:title\" content=\"Flacher Gurt - verbunden - SV18R\/RD Ersatzteile SV18R\/RA\/RD | TOS Spare Parts\" \/>\n<meta property=\"og:description\" content=\"Flacher Gurt f\u00fcr Drehmaschinen SV18R. Spindelstock 901000.Ersatzteile und Zubeh\u00f6r f\u00fcr Drehmaschinen TOS Tren\u010d\u00edn.\" \/>\n<meta property=\"og:url\" content=\"https:\/\/www.tosspareparts.com\/de\/product\/flacher-gurt-verbunden-sv18r-rd\/\" \/>\n<meta property=\"og:site_name\" content=\"TOS Spare Parts\" \/>\n<meta property=\"article:modified_time\" content=\"2026-03-26T13:12:27+00:00\" \/>\n<meta property=\"og:image\" content=\"https:\/\/www.tosspareparts.com\/wp-content\/uploads\/2024\/04\/Flat-belt-connected-SV18RARD.jpg\" \/>\n\t<meta property=\"og:image:width\" content=\"600\" \/>\n\t<meta property=\"og:image:height\" content=\"600\" \/>\n\t<meta property=\"og:image:type\" content=\"image\/jpeg\" \/>\n<meta name=\"twitter:card\" content=\"summary_large_image\" \/>\n<meta name=\"twitter:title\" content=\"Flacher Gurt - verbunden - SV18R\/RD Ersatzteile SV18R\/RA\/RD | TOS Spare Parts\" \/>\n<script type=\"application\/ld+json\" class=\"yoast-schema-graph\">{\"@context\":\"https:\/\/schema.org\",\"@graph\":[{\"@type\":\"WebPage\",\"@id\":\"https:\/\/www.tosspareparts.com\/de\/product\/flacher-gurt-verbunden-sv18r-rd\/\",\"url\":\"https:\/\/www.tosspareparts.com\/de\/product\/flacher-gurt-verbunden-sv18r-rd\/\",\"name\":\"Flacher Gurt - verbunden - SV18R\/RD Ersatzteile SV18R\/RA\/RD | TOS Spare Parts\",\"isPartOf\":{\"@id\":\"https:\/\/www.tosspareparts.com\/#website\"},\"primaryImageOfPage\":{\"@id\":\"https:\/\/www.tosspareparts.com\/de\/product\/flacher-gurt-verbunden-sv18r-rd\/#primaryimage\"},\"image\":{\"@id\":\"https:\/\/www.tosspareparts.com\/de\/product\/flacher-gurt-verbunden-sv18r-rd\/#primaryimage\"},\"thumbnailUrl\":\"https:\/\/www.tosspareparts.com\/wp-content\/uploads\/2024\/04\/Flat-belt-connected-SV18RARD.jpg\",\"datePublished\":\"2026-02-19T14:54:39+00:00\",\"dateModified\":\"2026-03-26T13:12:27+00:00\",\"description\":\"Flacher Gurt f\u00fcr Drehmaschinen SV18R. Spindelstock 901000.Ersatzteile und Zubeh\u00f6r f\u00fcr Drehmaschinen TOS Tren\u010d\u00edn.\",\"breadcrumb\":{\"@id\":\"https:\/\/www.tosspareparts.com\/de\/product\/flacher-gurt-verbunden-sv18r-rd\/#breadcrumb\"},\"inLanguage\":\"de\",\"potentialAction\":[{\"@type\":\"ReadAction\",\"target\":[\"https:\/\/www.tosspareparts.com\/de\/product\/flacher-gurt-verbunden-sv18r-rd\/\"]}]},{\"@type\":\"ImageObject\",\"inLanguage\":\"de\",\"@id\":\"https:\/\/www.tosspareparts.com\/de\/product\/flacher-gurt-verbunden-sv18r-rd\/#primaryimage\",\"url\":\"https:\/\/www.tosspareparts.com\/wp-content\/uploads\/2024\/04\/Flat-belt-connected-SV18RARD.jpg\",\"contentUrl\":\"https:\/\/www.tosspareparts.com\/wp-content\/uploads\/2024\/04\/Flat-belt-connected-SV18RARD.jpg\",\"width\":600,\"height\":600,\"caption\":\"Flacher Gurt - verbunden - SV18R\/RD\"},{\"@type\":\"BreadcrumbList\",\"@id\":\"https:\/\/www.tosspareparts.com\/de\/product\/flacher-gurt-verbunden-sv18r-rd\/#breadcrumb\",\"itemListElement\":[{\"@type\":\"ListItem\",\"position\":1,\"name\":\"Home\",\"item\":\"https:\/\/www.tosspareparts.com\/de\/\"},{\"@type\":\"ListItem\",\"position\":2,\"name\":\"Shop\",\"item\":\"https:\/\/www.tosspareparts.com\/de\/shop\/\"},{\"@type\":\"ListItem\",\"position\":3,\"name\":\"Flacher Gurt &#8211; verbunden &#8211; SV18R\/RD\"}]},{\"@type\":\"WebSite\",\"@id\":\"https:\/\/www.tosspareparts.com\/#website\",\"url\":\"https:\/\/www.tosspareparts.com\/\",\"name\":\"TOS Spare Parts\",\"description\":\"Spare parts and accessories for metalworking machines\",\"publisher\":{\"@id\":\"https:\/\/www.tosspareparts.com\/#organization\"},\"potentialAction\":[{\"@type\":\"SearchAction\",\"target\":{\"@type\":\"EntryPoint\",\"urlTemplate\":\"https:\/\/www.tosspareparts.com\/?s={search_term_string}\"},\"query-input\":{\"@type\":\"PropertyValueSpecification\",\"valueRequired\":true,\"valueName\":\"search_term_string\"}}],\"inLanguage\":\"de\"},{\"@type\":\"Organization\",\"@id\":\"https:\/\/www.tosspareparts.com\/#organization\",\"name\":\"JTECHNIK, s.r.o.\",\"url\":\"https:\/\/www.tosspareparts.com\/\",\"logo\":{\"@type\":\"ImageObject\",\"inLanguage\":\"de\",\"@id\":\"https:\/\/www.tosspareparts.com\/#\/schema\/logo\/image\/\",\"url\":\"https:\/\/www.tosspareparts.com\/wp-content\/uploads\/2017\/05\/logo-JT-web.png\",\"contentUrl\":\"https:\/\/www.tosspareparts.com\/wp-content\/uploads\/2017\/05\/logo-JT-web.png\",\"width\":333,\"height\":115,\"caption\":\"JTECHNIK, s.r.o.\"},\"image\":{\"@id\":\"https:\/\/www.tosspareparts.com\/#\/schema\/logo\/image\/\"}}]}<\/script>\n<!-- \/ Yoast SEO plugin. -->","yoast_head_json":{"title":"Flacher Gurt - verbunden - SV18R\/RD Ersatzteile SV18R\/RA\/RD | TOS Spare Parts","description":"Flacher Gurt f\u00fcr Drehmaschinen SV18R. Spindelstock 901000.Ersatzteile und Zubeh\u00f6r f\u00fcr Drehmaschinen TOS Tren\u010d\u00edn.","robots":{"index":"index","follow":"follow","max-snippet":"max-snippet:-1","max-image-preview":"max-image-preview:large","max-video-preview":"max-video-preview:-1"},"canonical":"https:\/\/www.tosspareparts.com\/de\/product\/flacher-gurt-verbunden-sv18r-rd\/","og_locale":"de_DE","og_type":"article","og_title":"Flacher Gurt - verbunden - SV18R\/RD Ersatzteile SV18R\/RA\/RD | TOS Spare Parts","og_description":"Flacher Gurt f\u00fcr Drehmaschinen SV18R. Spindelstock 901000.Ersatzteile und Zubeh\u00f6r f\u00fcr Drehmaschinen TOS Tren\u010d\u00edn.","og_url":"https:\/\/www.tosspareparts.com\/de\/product\/flacher-gurt-verbunden-sv18r-rd\/","og_site_name":"TOS Spare Parts","article_modified_time":"2026-03-26T13:12:27+00:00","og_image":[{"width":600,"height":600,"url":"https:\/\/www.tosspareparts.com\/wp-content\/uploads\/2024\/04\/Flat-belt-connected-SV18RARD.jpg","type":"image\/jpeg"}],"twitter_card":"summary_large_image","twitter_title":"Flacher Gurt - verbunden - SV18R\/RD Ersatzteile SV18R\/RA\/RD | TOS Spare Parts","schema":{"@context":"https:\/\/schema.org","@graph":[{"@type":"WebPage","@id":"https:\/\/www.tosspareparts.com\/de\/product\/flacher-gurt-verbunden-sv18r-rd\/","url":"https:\/\/www.tosspareparts.com\/de\/product\/flacher-gurt-verbunden-sv18r-rd\/","name":"Flacher Gurt - verbunden - SV18R\/RD Ersatzteile SV18R\/RA\/RD | TOS Spare Parts","isPartOf":{"@id":"https:\/\/www.tosspareparts.com\/#website"},"primaryImageOfPage":{"@id":"https:\/\/www.tosspareparts.com\/de\/product\/flacher-gurt-verbunden-sv18r-rd\/#primaryimage"},"image":{"@id":"https:\/\/www.tosspareparts.com\/de\/product\/flacher-gurt-verbunden-sv18r-rd\/#primaryimage"},"thumbnailUrl":"https:\/\/www.tosspareparts.com\/wp-content\/uploads\/2024\/04\/Flat-belt-connected-SV18RARD.jpg","datePublished":"2026-02-19T14:54:39+00:00","dateModified":"2026-03-26T13:12:27+00:00","description":"Flacher Gurt f\u00fcr Drehmaschinen SV18R. Spindelstock 901000.Ersatzteile und Zubeh\u00f6r f\u00fcr Drehmaschinen TOS Tren\u010d\u00edn.","breadcrumb":{"@id":"https:\/\/www.tosspareparts.com\/de\/product\/flacher-gurt-verbunden-sv18r-rd\/#breadcrumb"},"inLanguage":"de","potentialAction":[{"@type":"ReadAction","target":["https:\/\/www.tosspareparts.com\/de\/product\/flacher-gurt-verbunden-sv18r-rd\/"]}]},{"@type":"ImageObject","inLanguage":"de","@id":"https:\/\/www.tosspareparts.com\/de\/product\/flacher-gurt-verbunden-sv18r-rd\/#primaryimage","url":"https:\/\/www.tosspareparts.com\/wp-content\/uploads\/2024\/04\/Flat-belt-connected-SV18RARD.jpg","contentUrl":"https:\/\/www.tosspareparts.com\/wp-content\/uploads\/2024\/04\/Flat-belt-connected-SV18RARD.jpg","width":600,"height":600,"caption":"Flacher Gurt - verbunden - SV18R\/RD"},{"@type":"BreadcrumbList","@id":"https:\/\/www.tosspareparts.com\/de\/product\/flacher-gurt-verbunden-sv18r-rd\/#breadcrumb","itemListElement":[{"@type":"ListItem","position":1,"name":"Home","item":"https:\/\/www.tosspareparts.com\/de\/"},{"@type":"ListItem","position":2,"name":"Shop","item":"https:\/\/www.tosspareparts.com\/de\/shop\/"},{"@type":"ListItem","position":3,"name":"Flacher Gurt &#8211; verbunden &#8211; SV18R\/RD"}]},{"@type":"WebSite","@id":"https:\/\/www.tosspareparts.com\/#website","url":"https:\/\/www.tosspareparts.com\/","name":"TOS Spare Parts","description":"Spare parts and accessories for metalworking machines","publisher":{"@id":"https:\/\/www.tosspareparts.com\/#organization"},"potentialAction":[{"@type":"SearchAction","target":{"@type":"EntryPoint","urlTemplate":"https:\/\/www.tosspareparts.com\/?s={search_term_string}"},"query-input":{"@type":"PropertyValueSpecification","valueRequired":true,"valueName":"search_term_string"}}],"inLanguage":"de"},{"@type":"Organization","@id":"https:\/\/www.tosspareparts.com\/#organization","name":"JTECHNIK, s.r.o.","url":"https:\/\/www.tosspareparts.com\/","logo":{"@type":"ImageObject","inLanguage":"de","@id":"https:\/\/www.tosspareparts.com\/#\/schema\/logo\/image\/","url":"https:\/\/www.tosspareparts.com\/wp-content\/uploads\/2017\/05\/logo-JT-web.png","contentUrl":"https:\/\/www.tosspareparts.com\/wp-content\/uploads\/2017\/05\/logo-JT-web.png","width":333,"height":115,"caption":"JTECHNIK, s.r.o."},"image":{"@id":"https:\/\/www.tosspareparts.com\/#\/schema\/logo\/image\/"}}]}},"jetpack_sharing_enabled":true,"_links":{"self":[{"href":"https:\/\/www.tosspareparts.com\/de\/wp-json\/wp\/v2\/product\/69709","targetHints":{"allow":["GET"]}}],"collection":[{"href":"https:\/\/www.tosspareparts.com\/de\/wp-json\/wp\/v2\/product"}],"about":[{"href":"https:\/\/www.tosspareparts.com\/de\/wp-json\/wp\/v2\/types\/product"}],"replies":[{"embeddable":true,"href":"https:\/\/www.tosspareparts.com\/de\/wp-json\/wp\/v2\/comments?post=69709"}],"wp:featuredmedia":[{"embeddable":true,"href":"https:\/\/www.tosspareparts.com\/de\/wp-json\/wp\/v2\/media\/69090"}],"wp:attachment":[{"href":"https:\/\/www.tosspareparts.com\/de\/wp-json\/wp\/v2\/media?parent=69709"}],"wp:term":[{"taxonomy":"product_brand","embeddable":true,"href":"https:\/\/www.tosspareparts.com\/de\/wp-json\/wp\/v2\/product_brand?post=69709"},{"taxonomy":"product_cat","embeddable":true,"href":"https:\/\/www.tosspareparts.com\/de\/wp-json\/wp\/v2\/product_cat?post=69709"},{"taxonomy":"product_tag","embeddable":true,"href":"https:\/\/www.tosspareparts.com\/de\/wp-json\/wp\/v2\/product_tag?post=69709"}],"curies":[{"name":"wp","href":"https:\/\/api.w.org\/{rel}","templated":true}]}}