{"id":74168,"date":"2026-03-17T15:16:44","date_gmt":"2026-03-17T14:16:44","guid":{"rendered":"https:\/\/www.tosspareparts.com\/product\/i-ii-iii-schild\/"},"modified":"2026-02-27T15:15:37","modified_gmt":"2026-02-27T14:15:37","slug":"i-ii-iii-schild","status":"publish","type":"product","link":"https:\/\/www.tosspareparts.com\/de\/product\/i-ii-iii-schild\/","title":{"rendered":"I-II-III Schild"},"content":{"rendered":"","protected":false},"excerpt":{"rendered":"<p>I-II-III Schild f\u00fcr Drehmaschinen SUI40 und SUI50.<\/p>\n","protected":false},"featured_media":73703,"comment_status":"closed","ping_status":"open","template":"","meta":[],"product_brand":[],"product_cat":[5440,5448],"product_tag":[3420],"class_list":{"0":"post-74168","1":"product","2":"type-product","3":"status-publish","4":"has-post-thumbnail","6":"product_cat-ersatzteile-sui40-50","7":"product_cat-schild-sui40-50","8":"product_tag-jtechnik-de","10":"first","11":"instock","12":"taxable","13":"shipping-taxable","14":"purchasable","15":"product-type-simple"},"yoast_head":"<!-- This site is optimized with the Yoast SEO plugin v26.5 - https:\/\/yoast.com\/wordpress\/plugins\/seo\/ -->\n<title>I-II-III Schild | Ersatzteile SUI40-50 | TOS Spare Parts<\/title>\n<meta name=\"description\" content=\"I-II-III Schild f\u00fcr Drehmaschinen SUI40 und SUI50. Ersatzteile und Zubeh\u00f6r f\u00fcr Drehmaschinen TOS \/ TRENS Tren\u010d\u00edn.\" \/>\n<meta name=\"robots\" content=\"index, follow, max-snippet:-1, max-image-preview:large, max-video-preview:-1\" \/>\n<link rel=\"canonical\" href=\"https:\/\/www.tosspareparts.com\/de\/product\/i-ii-iii-schild\/\" \/>\n<meta property=\"og:locale\" content=\"de_DE\" \/>\n<meta property=\"og:type\" content=\"article\" \/>\n<meta property=\"og:title\" content=\"I-II-III Schild | Ersatzteile SUI40-50 | TOS Spare Parts\" \/>\n<meta property=\"og:description\" content=\"I-II-III Schild f\u00fcr Drehmaschinen SUI40 und SUI50. Ersatzteile und Zubeh\u00f6r f\u00fcr Drehmaschinen TOS \/ TRENS Tren\u010d\u00edn.\" \/>\n<meta property=\"og:url\" content=\"https:\/\/www.tosspareparts.com\/de\/product\/i-ii-iii-schild\/\" \/>\n<meta property=\"og:site_name\" content=\"TOS Spare Parts\" \/>\n<meta property=\"og:image\" content=\"https:\/\/www.tosspareparts.com\/wp-content\/uploads\/2024\/04\/I-II-III-plate.jpg\" \/>\n\t<meta property=\"og:image:width\" content=\"600\" \/>\n\t<meta property=\"og:image:height\" content=\"600\" \/>\n\t<meta property=\"og:image:type\" content=\"image\/jpeg\" \/>\n<meta name=\"twitter:card\" content=\"summary_large_image\" \/>\n<meta name=\"twitter:title\" content=\"I-II-III Schild | Ersatzteile SUI40-50 | TOS Spare Parts\" \/>\n<script type=\"application\/ld+json\" class=\"yoast-schema-graph\">{\"@context\":\"https:\/\/schema.org\",\"@graph\":[{\"@type\":\"WebPage\",\"@id\":\"https:\/\/www.tosspareparts.com\/de\/product\/i-ii-iii-schild\/\",\"url\":\"https:\/\/www.tosspareparts.com\/de\/product\/i-ii-iii-schild\/\",\"name\":\"I-II-III Schild | Ersatzteile SUI40-50 | TOS Spare Parts\",\"isPartOf\":{\"@id\":\"https:\/\/www.tosspareparts.com\/#website\"},\"primaryImageOfPage\":{\"@id\":\"https:\/\/www.tosspareparts.com\/de\/product\/i-ii-iii-schild\/#primaryimage\"},\"image\":{\"@id\":\"https:\/\/www.tosspareparts.com\/de\/product\/i-ii-iii-schild\/#primaryimage\"},\"thumbnailUrl\":\"https:\/\/www.tosspareparts.com\/wp-content\/uploads\/2024\/04\/I-II-III-plate.jpg\",\"datePublished\":\"2026-03-17T14:16:44+00:00\",\"description\":\"I-II-III Schild f\u00fcr Drehmaschinen SUI40 und SUI50. Ersatzteile und Zubeh\u00f6r f\u00fcr Drehmaschinen TOS \/ TRENS Tren\u010d\u00edn.\",\"breadcrumb\":{\"@id\":\"https:\/\/www.tosspareparts.com\/de\/product\/i-ii-iii-schild\/#breadcrumb\"},\"inLanguage\":\"de\",\"potentialAction\":[{\"@type\":\"ReadAction\",\"target\":[\"https:\/\/www.tosspareparts.com\/de\/product\/i-ii-iii-schild\/\"]}]},{\"@type\":\"ImageObject\",\"inLanguage\":\"de\",\"@id\":\"https:\/\/www.tosspareparts.com\/de\/product\/i-ii-iii-schild\/#primaryimage\",\"url\":\"https:\/\/www.tosspareparts.com\/wp-content\/uploads\/2024\/04\/I-II-III-plate.jpg\",\"contentUrl\":\"https:\/\/www.tosspareparts.com\/wp-content\/uploads\/2024\/04\/I-II-III-plate.jpg\",\"width\":600,\"height\":600,\"caption\":\"SUI40-50 - 3 07 98 0007 - I-II-III Schild\"},{\"@type\":\"BreadcrumbList\",\"@id\":\"https:\/\/www.tosspareparts.com\/de\/product\/i-ii-iii-schild\/#breadcrumb\",\"itemListElement\":[{\"@type\":\"ListItem\",\"position\":1,\"name\":\"Home\",\"item\":\"https:\/\/www.tosspareparts.com\/de\/\"},{\"@type\":\"ListItem\",\"position\":2,\"name\":\"Shop\",\"item\":\"https:\/\/www.tosspareparts.com\/de\/shop\/\"},{\"@type\":\"ListItem\",\"position\":3,\"name\":\"I-II-III Schild\"}]},{\"@type\":\"WebSite\",\"@id\":\"https:\/\/www.tosspareparts.com\/#website\",\"url\":\"https:\/\/www.tosspareparts.com\/\",\"name\":\"TOS Spare Parts\",\"description\":\"Spare parts and accessories for metalworking machines\",\"publisher\":{\"@id\":\"https:\/\/www.tosspareparts.com\/#organization\"},\"potentialAction\":[{\"@type\":\"SearchAction\",\"target\":{\"@type\":\"EntryPoint\",\"urlTemplate\":\"https:\/\/www.tosspareparts.com\/?s={search_term_string}\"},\"query-input\":{\"@type\":\"PropertyValueSpecification\",\"valueRequired\":true,\"valueName\":\"search_term_string\"}}],\"inLanguage\":\"de\"},{\"@type\":\"Organization\",\"@id\":\"https:\/\/www.tosspareparts.com\/#organization\",\"name\":\"JTECHNIK, s.r.o.\",\"url\":\"https:\/\/www.tosspareparts.com\/\",\"logo\":{\"@type\":\"ImageObject\",\"inLanguage\":\"de\",\"@id\":\"https:\/\/www.tosspareparts.com\/#\/schema\/logo\/image\/\",\"url\":\"https:\/\/www.tosspareparts.com\/wp-content\/uploads\/2017\/05\/logo-JT-web.png\",\"contentUrl\":\"https:\/\/www.tosspareparts.com\/wp-content\/uploads\/2017\/05\/logo-JT-web.png\",\"width\":333,\"height\":115,\"caption\":\"JTECHNIK, s.r.o.\"},\"image\":{\"@id\":\"https:\/\/www.tosspareparts.com\/#\/schema\/logo\/image\/\"}}]}<\/script>\n<!-- \/ Yoast SEO plugin. -->","yoast_head_json":{"title":"I-II-III Schild | Ersatzteile SUI40-50 | TOS Spare Parts","description":"I-II-III Schild f\u00fcr Drehmaschinen SUI40 und SUI50. Ersatzteile und Zubeh\u00f6r f\u00fcr Drehmaschinen TOS \/ TRENS Tren\u010d\u00edn.","robots":{"index":"index","follow":"follow","max-snippet":"max-snippet:-1","max-image-preview":"max-image-preview:large","max-video-preview":"max-video-preview:-1"},"canonical":"https:\/\/www.tosspareparts.com\/de\/product\/i-ii-iii-schild\/","og_locale":"de_DE","og_type":"article","og_title":"I-II-III Schild | Ersatzteile SUI40-50 | TOS Spare Parts","og_description":"I-II-III Schild f\u00fcr Drehmaschinen SUI40 und SUI50. Ersatzteile und Zubeh\u00f6r f\u00fcr Drehmaschinen TOS \/ TRENS Tren\u010d\u00edn.","og_url":"https:\/\/www.tosspareparts.com\/de\/product\/i-ii-iii-schild\/","og_site_name":"TOS Spare Parts","og_image":[{"width":600,"height":600,"url":"https:\/\/www.tosspareparts.com\/wp-content\/uploads\/2024\/04\/I-II-III-plate.jpg","type":"image\/jpeg"}],"twitter_card":"summary_large_image","twitter_title":"I-II-III Schild | Ersatzteile SUI40-50 | TOS Spare Parts","schema":{"@context":"https:\/\/schema.org","@graph":[{"@type":"WebPage","@id":"https:\/\/www.tosspareparts.com\/de\/product\/i-ii-iii-schild\/","url":"https:\/\/www.tosspareparts.com\/de\/product\/i-ii-iii-schild\/","name":"I-II-III Schild | Ersatzteile SUI40-50 | TOS Spare Parts","isPartOf":{"@id":"https:\/\/www.tosspareparts.com\/#website"},"primaryImageOfPage":{"@id":"https:\/\/www.tosspareparts.com\/de\/product\/i-ii-iii-schild\/#primaryimage"},"image":{"@id":"https:\/\/www.tosspareparts.com\/de\/product\/i-ii-iii-schild\/#primaryimage"},"thumbnailUrl":"https:\/\/www.tosspareparts.com\/wp-content\/uploads\/2024\/04\/I-II-III-plate.jpg","datePublished":"2026-03-17T14:16:44+00:00","description":"I-II-III Schild f\u00fcr Drehmaschinen SUI40 und SUI50. Ersatzteile und Zubeh\u00f6r f\u00fcr Drehmaschinen TOS \/ TRENS Tren\u010d\u00edn.","breadcrumb":{"@id":"https:\/\/www.tosspareparts.com\/de\/product\/i-ii-iii-schild\/#breadcrumb"},"inLanguage":"de","potentialAction":[{"@type":"ReadAction","target":["https:\/\/www.tosspareparts.com\/de\/product\/i-ii-iii-schild\/"]}]},{"@type":"ImageObject","inLanguage":"de","@id":"https:\/\/www.tosspareparts.com\/de\/product\/i-ii-iii-schild\/#primaryimage","url":"https:\/\/www.tosspareparts.com\/wp-content\/uploads\/2024\/04\/I-II-III-plate.jpg","contentUrl":"https:\/\/www.tosspareparts.com\/wp-content\/uploads\/2024\/04\/I-II-III-plate.jpg","width":600,"height":600,"caption":"SUI40-50 - 3 07 98 0007 - I-II-III Schild"},{"@type":"BreadcrumbList","@id":"https:\/\/www.tosspareparts.com\/de\/product\/i-ii-iii-schild\/#breadcrumb","itemListElement":[{"@type":"ListItem","position":1,"name":"Home","item":"https:\/\/www.tosspareparts.com\/de\/"},{"@type":"ListItem","position":2,"name":"Shop","item":"https:\/\/www.tosspareparts.com\/de\/shop\/"},{"@type":"ListItem","position":3,"name":"I-II-III Schild"}]},{"@type":"WebSite","@id":"https:\/\/www.tosspareparts.com\/#website","url":"https:\/\/www.tosspareparts.com\/","name":"TOS Spare Parts","description":"Spare parts and accessories for metalworking machines","publisher":{"@id":"https:\/\/www.tosspareparts.com\/#organization"},"potentialAction":[{"@type":"SearchAction","target":{"@type":"EntryPoint","urlTemplate":"https:\/\/www.tosspareparts.com\/?s={search_term_string}"},"query-input":{"@type":"PropertyValueSpecification","valueRequired":true,"valueName":"search_term_string"}}],"inLanguage":"de"},{"@type":"Organization","@id":"https:\/\/www.tosspareparts.com\/#organization","name":"JTECHNIK, s.r.o.","url":"https:\/\/www.tosspareparts.com\/","logo":{"@type":"ImageObject","inLanguage":"de","@id":"https:\/\/www.tosspareparts.com\/#\/schema\/logo\/image\/","url":"https:\/\/www.tosspareparts.com\/wp-content\/uploads\/2017\/05\/logo-JT-web.png","contentUrl":"https:\/\/www.tosspareparts.com\/wp-content\/uploads\/2017\/05\/logo-JT-web.png","width":333,"height":115,"caption":"JTECHNIK, s.r.o."},"image":{"@id":"https:\/\/www.tosspareparts.com\/#\/schema\/logo\/image\/"}}]}},"jetpack_sharing_enabled":true,"_links":{"self":[{"href":"https:\/\/www.tosspareparts.com\/de\/wp-json\/wp\/v2\/product\/74168","targetHints":{"allow":["GET"]}}],"collection":[{"href":"https:\/\/www.tosspareparts.com\/de\/wp-json\/wp\/v2\/product"}],"about":[{"href":"https:\/\/www.tosspareparts.com\/de\/wp-json\/wp\/v2\/types\/product"}],"replies":[{"embeddable":true,"href":"https:\/\/www.tosspareparts.com\/de\/wp-json\/wp\/v2\/comments?post=74168"}],"wp:featuredmedia":[{"embeddable":true,"href":"https:\/\/www.tosspareparts.com\/de\/wp-json\/wp\/v2\/media\/73703"}],"wp:attachment":[{"href":"https:\/\/www.tosspareparts.com\/de\/wp-json\/wp\/v2\/media?parent=74168"}],"wp:term":[{"taxonomy":"product_brand","embeddable":true,"href":"https:\/\/www.tosspareparts.com\/de\/wp-json\/wp\/v2\/product_brand?post=74168"},{"taxonomy":"product_cat","embeddable":true,"href":"https:\/\/www.tosspareparts.com\/de\/wp-json\/wp\/v2\/product_cat?post=74168"},{"taxonomy":"product_tag","embeddable":true,"href":"https:\/\/www.tosspareparts.com\/de\/wp-json\/wp\/v2\/product_tag?post=74168"}],"curies":[{"name":"wp","href":"https:\/\/api.w.org\/{rel}","templated":true}]}}