{"id":79166,"date":"2026-03-17T15:07:58","date_gmt":"2026-03-17T14:07:58","guid":{"rendered":"https:\/\/www.tosspareparts.com\/product\/sn32-funktionsschilder-zoll\/"},"modified":"2026-02-27T15:10:12","modified_gmt":"2026-02-27T14:10:12","slug":"sn32-funktionsschilder-zoll","status":"publish","type":"product","link":"https:\/\/www.tosspareparts.com\/de\/product\/sn32-funktionsschilder-zoll\/","title":{"rendered":"SN32 Funktionsschilder \u2013 Zoll"},"content":{"rendered":"","protected":false},"excerpt":{"rendered":"<p>Funktions-Schilder f\u00fcr die TOS \/ TRENS Tren\u010d\u00edn Drehmaschine SN32.<br \/>\nZoll-Ausf\u00fchrung.<br \/>\nELOX-Finish, kein Kleber, neueste Version.<br \/>\nDie Daten auf den Schildern entsprechen den vorherigen Versionen.<\/p>\n<p>Enth\u00e4lt:<br \/>\nZoll-Schild \u2013 M90V4764110 \u2013 280&#215;230 mm<br \/>\nDrehzahlen \u2013 M90V0864102-4 \u2013 245&#215;130 mm<br \/>\nABC \u2013 M90V0864103 \u2013 100&#215;35 mm<br \/>\nMutter + Richtung \u2013 M90V0864118-2 \u2013 120&#215;35 mm<br \/>\nM\/W \u2013 M90V0864151-0 \u2013 50&#215;70 mm<br \/>\n19\/1 \u2013 M90V0864104 \u2013 100&#215;35 mm<\/p>\n","protected":false},"featured_media":79149,"comment_status":"closed","ping_status":"open","template":"","meta":[],"product_brand":[],"product_cat":[5629,5566],"product_tag":[3420],"class_list":{"0":"post-79166","1":"product","2":"type-product","3":"status-publish","4":"has-post-thumbnail","6":"product_cat-schilden-sn32","7":"product_cat-ersatzteile-sn32","8":"product_tag-jtechnik-de","10":"first","11":"instock","12":"taxable","13":"shipping-taxable","14":"purchasable","15":"product-type-simple"},"yoast_head":"<!-- This site is optimized with the Yoast SEO plugin v26.5 - https:\/\/yoast.com\/wordpress\/plugins\/seo\/ -->\n<title>SN32 Funktionsschilder \u2013 Zoll | Ersatzteile SN32 | TOS Spare Parts<\/title>\n<meta name=\"description\" content=\"Satz Schilder f\u00fcr die SN32-Drehmaschine \u2013 Zoll-Ausf\u00fchrung. Ersatzteile und Zubeh\u00f6r f\u00fcr TOS \/ TRENS Tren\u010d\u00edn Drehmaschinen.\" \/>\n<meta name=\"robots\" content=\"index, follow, max-snippet:-1, max-image-preview:large, max-video-preview:-1\" \/>\n<link rel=\"canonical\" href=\"https:\/\/www.tosspareparts.com\/de\/product\/sn32-funktionsschilder-zoll\/\" \/>\n<meta property=\"og:locale\" content=\"de_DE\" \/>\n<meta property=\"og:type\" content=\"article\" \/>\n<meta property=\"og:title\" content=\"SN32 Funktionsschilder \u2013 Zoll | Ersatzteile SN32 | TOS Spare Parts\" \/>\n<meta property=\"og:description\" content=\"Satz Schilder f\u00fcr die SN32-Drehmaschine \u2013 Zoll-Ausf\u00fchrung. Ersatzteile und Zubeh\u00f6r f\u00fcr TOS \/ TRENS Tren\u010d\u00edn Drehmaschinen.\" \/>\n<meta property=\"og:url\" content=\"https:\/\/www.tosspareparts.com\/de\/product\/sn32-funktionsschilder-zoll\/\" \/>\n<meta property=\"og:site_name\" content=\"TOS Spare Parts\" \/>\n<meta property=\"og:image\" content=\"https:\/\/www.tosspareparts.com\/wp-content\/uploads\/2025\/12\/SN32-functional-plates-inch.jpg\" \/>\n\t<meta property=\"og:image:width\" content=\"500\" \/>\n\t<meta property=\"og:image:height\" content=\"500\" \/>\n\t<meta property=\"og:image:type\" content=\"image\/jpeg\" \/>\n<meta name=\"twitter:card\" content=\"summary_large_image\" \/>\n<meta name=\"twitter:title\" content=\"SN32 Funktionsschilder \u2013 Zoll | Ersatzteile SN32 | TOS Spare Parts\" \/>\n<script type=\"application\/ld+json\" class=\"yoast-schema-graph\">{\"@context\":\"https:\/\/schema.org\",\"@graph\":[{\"@type\":\"WebPage\",\"@id\":\"https:\/\/www.tosspareparts.com\/de\/product\/sn32-funktionsschilder-zoll\/\",\"url\":\"https:\/\/www.tosspareparts.com\/de\/product\/sn32-funktionsschilder-zoll\/\",\"name\":\"SN32 Funktionsschilder \u2013 Zoll | Ersatzteile SN32 | TOS Spare Parts\",\"isPartOf\":{\"@id\":\"https:\/\/www.tosspareparts.com\/#website\"},\"primaryImageOfPage\":{\"@id\":\"https:\/\/www.tosspareparts.com\/de\/product\/sn32-funktionsschilder-zoll\/#primaryimage\"},\"image\":{\"@id\":\"https:\/\/www.tosspareparts.com\/de\/product\/sn32-funktionsschilder-zoll\/#primaryimage\"},\"thumbnailUrl\":\"https:\/\/www.tosspareparts.com\/wp-content\/uploads\/2025\/12\/SN32-functional-plates-inch.jpg\",\"datePublished\":\"2026-03-17T14:07:58+00:00\",\"description\":\"Satz Schilder f\u00fcr die SN32-Drehmaschine \u2013 Zoll-Ausf\u00fchrung. Ersatzteile und Zubeh\u00f6r f\u00fcr TOS \/ TRENS Tren\u010d\u00edn Drehmaschinen.\",\"breadcrumb\":{\"@id\":\"https:\/\/www.tosspareparts.com\/de\/product\/sn32-funktionsschilder-zoll\/#breadcrumb\"},\"inLanguage\":\"de\",\"potentialAction\":[{\"@type\":\"ReadAction\",\"target\":[\"https:\/\/www.tosspareparts.com\/de\/product\/sn32-funktionsschilder-zoll\/\"]}]},{\"@type\":\"ImageObject\",\"inLanguage\":\"de\",\"@id\":\"https:\/\/www.tosspareparts.com\/de\/product\/sn32-funktionsschilder-zoll\/#primaryimage\",\"url\":\"https:\/\/www.tosspareparts.com\/wp-content\/uploads\/2025\/12\/SN32-functional-plates-inch.jpg\",\"contentUrl\":\"https:\/\/www.tosspareparts.com\/wp-content\/uploads\/2025\/12\/SN32-functional-plates-inch.jpg\",\"width\":500,\"height\":500,\"caption\":\"SN32 Funktionsschilder \u2013 Zoll\"},{\"@type\":\"BreadcrumbList\",\"@id\":\"https:\/\/www.tosspareparts.com\/de\/product\/sn32-funktionsschilder-zoll\/#breadcrumb\",\"itemListElement\":[{\"@type\":\"ListItem\",\"position\":1,\"name\":\"Home\",\"item\":\"https:\/\/www.tosspareparts.com\/de\/\"},{\"@type\":\"ListItem\",\"position\":2,\"name\":\"Shop\",\"item\":\"https:\/\/www.tosspareparts.com\/de\/shop\/\"},{\"@type\":\"ListItem\",\"position\":3,\"name\":\"SN32 Funktionsschilder \u2013 Zoll\"}]},{\"@type\":\"WebSite\",\"@id\":\"https:\/\/www.tosspareparts.com\/#website\",\"url\":\"https:\/\/www.tosspareparts.com\/\",\"name\":\"TOS Spare Parts\",\"description\":\"Spare parts and accessories for metalworking machines\",\"publisher\":{\"@id\":\"https:\/\/www.tosspareparts.com\/#organization\"},\"potentialAction\":[{\"@type\":\"SearchAction\",\"target\":{\"@type\":\"EntryPoint\",\"urlTemplate\":\"https:\/\/www.tosspareparts.com\/?s={search_term_string}\"},\"query-input\":{\"@type\":\"PropertyValueSpecification\",\"valueRequired\":true,\"valueName\":\"search_term_string\"}}],\"inLanguage\":\"de\"},{\"@type\":\"Organization\",\"@id\":\"https:\/\/www.tosspareparts.com\/#organization\",\"name\":\"JTECHNIK, s.r.o.\",\"url\":\"https:\/\/www.tosspareparts.com\/\",\"logo\":{\"@type\":\"ImageObject\",\"inLanguage\":\"de\",\"@id\":\"https:\/\/www.tosspareparts.com\/#\/schema\/logo\/image\/\",\"url\":\"https:\/\/www.tosspareparts.com\/wp-content\/uploads\/2017\/05\/logo-JT-web.png\",\"contentUrl\":\"https:\/\/www.tosspareparts.com\/wp-content\/uploads\/2017\/05\/logo-JT-web.png\",\"width\":333,\"height\":115,\"caption\":\"JTECHNIK, s.r.o.\"},\"image\":{\"@id\":\"https:\/\/www.tosspareparts.com\/#\/schema\/logo\/image\/\"}}]}<\/script>\n<!-- \/ Yoast SEO plugin. -->","yoast_head_json":{"title":"SN32 Funktionsschilder \u2013 Zoll | Ersatzteile SN32 | TOS Spare Parts","description":"Satz Schilder f\u00fcr die SN32-Drehmaschine \u2013 Zoll-Ausf\u00fchrung. Ersatzteile und Zubeh\u00f6r f\u00fcr TOS \/ TRENS Tren\u010d\u00edn Drehmaschinen.","robots":{"index":"index","follow":"follow","max-snippet":"max-snippet:-1","max-image-preview":"max-image-preview:large","max-video-preview":"max-video-preview:-1"},"canonical":"https:\/\/www.tosspareparts.com\/de\/product\/sn32-funktionsschilder-zoll\/","og_locale":"de_DE","og_type":"article","og_title":"SN32 Funktionsschilder \u2013 Zoll | Ersatzteile SN32 | TOS Spare Parts","og_description":"Satz Schilder f\u00fcr die SN32-Drehmaschine \u2013 Zoll-Ausf\u00fchrung. Ersatzteile und Zubeh\u00f6r f\u00fcr TOS \/ TRENS Tren\u010d\u00edn Drehmaschinen.","og_url":"https:\/\/www.tosspareparts.com\/de\/product\/sn32-funktionsschilder-zoll\/","og_site_name":"TOS Spare Parts","og_image":[{"width":500,"height":500,"url":"https:\/\/www.tosspareparts.com\/wp-content\/uploads\/2025\/12\/SN32-functional-plates-inch.jpg","type":"image\/jpeg"}],"twitter_card":"summary_large_image","twitter_title":"SN32 Funktionsschilder \u2013 Zoll | Ersatzteile SN32 | TOS Spare Parts","schema":{"@context":"https:\/\/schema.org","@graph":[{"@type":"WebPage","@id":"https:\/\/www.tosspareparts.com\/de\/product\/sn32-funktionsschilder-zoll\/","url":"https:\/\/www.tosspareparts.com\/de\/product\/sn32-funktionsschilder-zoll\/","name":"SN32 Funktionsschilder \u2013 Zoll | Ersatzteile SN32 | TOS Spare Parts","isPartOf":{"@id":"https:\/\/www.tosspareparts.com\/#website"},"primaryImageOfPage":{"@id":"https:\/\/www.tosspareparts.com\/de\/product\/sn32-funktionsschilder-zoll\/#primaryimage"},"image":{"@id":"https:\/\/www.tosspareparts.com\/de\/product\/sn32-funktionsschilder-zoll\/#primaryimage"},"thumbnailUrl":"https:\/\/www.tosspareparts.com\/wp-content\/uploads\/2025\/12\/SN32-functional-plates-inch.jpg","datePublished":"2026-03-17T14:07:58+00:00","description":"Satz Schilder f\u00fcr die SN32-Drehmaschine \u2013 Zoll-Ausf\u00fchrung. Ersatzteile und Zubeh\u00f6r f\u00fcr TOS \/ TRENS Tren\u010d\u00edn Drehmaschinen.","breadcrumb":{"@id":"https:\/\/www.tosspareparts.com\/de\/product\/sn32-funktionsschilder-zoll\/#breadcrumb"},"inLanguage":"de","potentialAction":[{"@type":"ReadAction","target":["https:\/\/www.tosspareparts.com\/de\/product\/sn32-funktionsschilder-zoll\/"]}]},{"@type":"ImageObject","inLanguage":"de","@id":"https:\/\/www.tosspareparts.com\/de\/product\/sn32-funktionsschilder-zoll\/#primaryimage","url":"https:\/\/www.tosspareparts.com\/wp-content\/uploads\/2025\/12\/SN32-functional-plates-inch.jpg","contentUrl":"https:\/\/www.tosspareparts.com\/wp-content\/uploads\/2025\/12\/SN32-functional-plates-inch.jpg","width":500,"height":500,"caption":"SN32 Funktionsschilder \u2013 Zoll"},{"@type":"BreadcrumbList","@id":"https:\/\/www.tosspareparts.com\/de\/product\/sn32-funktionsschilder-zoll\/#breadcrumb","itemListElement":[{"@type":"ListItem","position":1,"name":"Home","item":"https:\/\/www.tosspareparts.com\/de\/"},{"@type":"ListItem","position":2,"name":"Shop","item":"https:\/\/www.tosspareparts.com\/de\/shop\/"},{"@type":"ListItem","position":3,"name":"SN32 Funktionsschilder \u2013 Zoll"}]},{"@type":"WebSite","@id":"https:\/\/www.tosspareparts.com\/#website","url":"https:\/\/www.tosspareparts.com\/","name":"TOS Spare Parts","description":"Spare parts and accessories for metalworking machines","publisher":{"@id":"https:\/\/www.tosspareparts.com\/#organization"},"potentialAction":[{"@type":"SearchAction","target":{"@type":"EntryPoint","urlTemplate":"https:\/\/www.tosspareparts.com\/?s={search_term_string}"},"query-input":{"@type":"PropertyValueSpecification","valueRequired":true,"valueName":"search_term_string"}}],"inLanguage":"de"},{"@type":"Organization","@id":"https:\/\/www.tosspareparts.com\/#organization","name":"JTECHNIK, s.r.o.","url":"https:\/\/www.tosspareparts.com\/","logo":{"@type":"ImageObject","inLanguage":"de","@id":"https:\/\/www.tosspareparts.com\/#\/schema\/logo\/image\/","url":"https:\/\/www.tosspareparts.com\/wp-content\/uploads\/2017\/05\/logo-JT-web.png","contentUrl":"https:\/\/www.tosspareparts.com\/wp-content\/uploads\/2017\/05\/logo-JT-web.png","width":333,"height":115,"caption":"JTECHNIK, s.r.o."},"image":{"@id":"https:\/\/www.tosspareparts.com\/#\/schema\/logo\/image\/"}}]}},"jetpack_sharing_enabled":true,"_links":{"self":[{"href":"https:\/\/www.tosspareparts.com\/de\/wp-json\/wp\/v2\/product\/79166","targetHints":{"allow":["GET"]}}],"collection":[{"href":"https:\/\/www.tosspareparts.com\/de\/wp-json\/wp\/v2\/product"}],"about":[{"href":"https:\/\/www.tosspareparts.com\/de\/wp-json\/wp\/v2\/types\/product"}],"replies":[{"embeddable":true,"href":"https:\/\/www.tosspareparts.com\/de\/wp-json\/wp\/v2\/comments?post=79166"}],"wp:featuredmedia":[{"embeddable":true,"href":"https:\/\/www.tosspareparts.com\/de\/wp-json\/wp\/v2\/media\/79149"}],"wp:attachment":[{"href":"https:\/\/www.tosspareparts.com\/de\/wp-json\/wp\/v2\/media?parent=79166"}],"wp:term":[{"taxonomy":"product_brand","embeddable":true,"href":"https:\/\/www.tosspareparts.com\/de\/wp-json\/wp\/v2\/product_brand?post=79166"},{"taxonomy":"product_cat","embeddable":true,"href":"https:\/\/www.tosspareparts.com\/de\/wp-json\/wp\/v2\/product_cat?post=79166"},{"taxonomy":"product_tag","embeddable":true,"href":"https:\/\/www.tosspareparts.com\/de\/wp-json\/wp\/v2\/product_tag?post=79166"}],"curies":[{"name":"wp","href":"https:\/\/api.w.org\/{rel}","templated":true}]}}