{"id":81291,"date":"2026-03-17T15:07:58","date_gmt":"2026-03-17T14:07:58","guid":{"rendered":"https:\/\/www.tosspareparts.com\/product\/pinole-fuer-luenette-2\/"},"modified":"2026-03-17T15:43:14","modified_gmt":"2026-03-17T14:43:14","slug":"pinole-fuer-luenette-2","status":"publish","type":"product","link":"https:\/\/www.tosspareparts.com\/de\/product\/pinole-fuer-luenette-2\/","title":{"rendered":"Pinole f\u00fcr L\u00fcnette"},"content":{"rendered":"","protected":false},"excerpt":{"rendered":"<p>Pinole f\u00fcr L\u00fcnette f\u00fcr Drehmaschine SV18R, SV18RA und SV18RD.<\/p>\n","protected":false},"featured_media":75390,"comment_status":"closed","ping_status":"open","template":"","meta":[],"product_brand":[],"product_cat":[5681,5405,5415,5414],"product_tag":[3420],"class_list":{"0":"post-81291","1":"product","2":"type-product","3":"status-publish","4":"has-post-thumbnail","6":"product_cat-zubehor-sn40-50","7":"product_cat-ersatzteile-sv18r-ra-rd","8":"product_cat-ersatzteile-sn40-45-50","9":"product_cat-zubehor-sv18","10":"product_tag-jtechnik-de","12":"first","13":"instock","14":"taxable","15":"shipping-taxable","16":"purchasable","17":"product-type-simple"},"yoast_head":"<!-- This site is optimized with the Yoast SEO plugin v26.5 - https:\/\/yoast.com\/wordpress\/plugins\/seo\/ -->\n<title>Pinole f\u00fcr L\u00fcnette | Zubeh\u00f6r SV18R\/RA\/RD | TOS Spare Parts<\/title>\n<meta name=\"description\" content=\"Pinole f\u00fcr L\u00fcnette f\u00fcr Drehmaschinen SV18R, SV18RA und SV18RD. Ersatzteile und Zubeh\u00f6r f\u00fcr Drehmaschinen TOS \/ TRENS Tren\u010d\u00edn.\" \/>\n<meta name=\"robots\" content=\"index, follow, max-snippet:-1, max-image-preview:large, max-video-preview:-1\" \/>\n<link rel=\"canonical\" href=\"https:\/\/www.tosspareparts.com\/de\/product\/pinole-fuer-luenette-2\/\" \/>\n<meta property=\"og:locale\" content=\"de_DE\" \/>\n<meta property=\"og:type\" content=\"article\" \/>\n<meta property=\"og:title\" content=\"Pinole f\u00fcr L\u00fcnette | Zubeh\u00f6r SV18R\/RA\/RD | TOS Spare Parts\" \/>\n<meta property=\"og:description\" content=\"Pinole f\u00fcr L\u00fcnette f\u00fcr Drehmaschinen SV18R, SV18RA und SV18RD. Ersatzteile und Zubeh\u00f6r f\u00fcr Drehmaschinen TOS \/ TRENS Tren\u010d\u00edn.\" \/>\n<meta property=\"og:url\" content=\"https:\/\/www.tosspareparts.com\/de\/product\/pinole-fuer-luenette-2\/\" \/>\n<meta property=\"og:site_name\" content=\"TOS Spare Parts\" \/>\n<meta property=\"article:modified_time\" content=\"2026-03-17T14:43:14+00:00\" \/>\n<meta property=\"og:image\" content=\"https:\/\/www.tosspareparts.com\/wp-content\/uploads\/2024\/08\/Sleeve-for-rest.jpg\" \/>\n\t<meta property=\"og:image:width\" content=\"500\" \/>\n\t<meta property=\"og:image:height\" content=\"500\" \/>\n\t<meta property=\"og:image:type\" content=\"image\/jpeg\" \/>\n<meta name=\"twitter:card\" content=\"summary_large_image\" \/>\n<meta name=\"twitter:title\" content=\"Pinole f\u00fcr L\u00fcnette | Zubeh\u00f6r SV18R\/RA\/RD | TOS Spare Parts\" \/>\n<script type=\"application\/ld+json\" class=\"yoast-schema-graph\">{\"@context\":\"https:\/\/schema.org\",\"@graph\":[{\"@type\":\"WebPage\",\"@id\":\"https:\/\/www.tosspareparts.com\/de\/product\/pinole-fuer-luenette-2\/\",\"url\":\"https:\/\/www.tosspareparts.com\/de\/product\/pinole-fuer-luenette-2\/\",\"name\":\"Pinole f\u00fcr L\u00fcnette | Zubeh\u00f6r SV18R\/RA\/RD | TOS Spare Parts\",\"isPartOf\":{\"@id\":\"https:\/\/www.tosspareparts.com\/#website\"},\"primaryImageOfPage\":{\"@id\":\"https:\/\/www.tosspareparts.com\/de\/product\/pinole-fuer-luenette-2\/#primaryimage\"},\"image\":{\"@id\":\"https:\/\/www.tosspareparts.com\/de\/product\/pinole-fuer-luenette-2\/#primaryimage\"},\"thumbnailUrl\":\"https:\/\/www.tosspareparts.com\/wp-content\/uploads\/2024\/08\/Sleeve-for-rest.jpg\",\"datePublished\":\"2026-03-17T14:07:58+00:00\",\"dateModified\":\"2026-03-17T14:43:14+00:00\",\"description\":\"Pinole f\u00fcr L\u00fcnette f\u00fcr Drehmaschinen SV18R, SV18RA und SV18RD. Ersatzteile und Zubeh\u00f6r f\u00fcr Drehmaschinen TOS \/ TRENS Tren\u010d\u00edn.\",\"breadcrumb\":{\"@id\":\"https:\/\/www.tosspareparts.com\/de\/product\/pinole-fuer-luenette-2\/#breadcrumb\"},\"inLanguage\":\"de\",\"potentialAction\":[{\"@type\":\"ReadAction\",\"target\":[\"https:\/\/www.tosspareparts.com\/de\/product\/pinole-fuer-luenette-2\/\"]}]},{\"@type\":\"ImageObject\",\"inLanguage\":\"de\",\"@id\":\"https:\/\/www.tosspareparts.com\/de\/product\/pinole-fuer-luenette-2\/#primaryimage\",\"url\":\"https:\/\/www.tosspareparts.com\/wp-content\/uploads\/2024\/08\/Sleeve-for-rest.jpg\",\"contentUrl\":\"https:\/\/www.tosspareparts.com\/wp-content\/uploads\/2024\/08\/Sleeve-for-rest.jpg\",\"width\":500,\"height\":500,\"caption\":\"SV18RA - Pinole f\u00fcr L\u00fcnette\"},{\"@type\":\"BreadcrumbList\",\"@id\":\"https:\/\/www.tosspareparts.com\/de\/product\/pinole-fuer-luenette-2\/#breadcrumb\",\"itemListElement\":[{\"@type\":\"ListItem\",\"position\":1,\"name\":\"Home\",\"item\":\"https:\/\/www.tosspareparts.com\/de\/\"},{\"@type\":\"ListItem\",\"position\":2,\"name\":\"Shop\",\"item\":\"https:\/\/www.tosspareparts.com\/de\/shop\/\"},{\"@type\":\"ListItem\",\"position\":3,\"name\":\"Pinole f\u00fcr L\u00fcnette\"}]},{\"@type\":\"WebSite\",\"@id\":\"https:\/\/www.tosspareparts.com\/#website\",\"url\":\"https:\/\/www.tosspareparts.com\/\",\"name\":\"TOS Spare Parts\",\"description\":\"Spare parts and accessories for metalworking machines\",\"publisher\":{\"@id\":\"https:\/\/www.tosspareparts.com\/#organization\"},\"potentialAction\":[{\"@type\":\"SearchAction\",\"target\":{\"@type\":\"EntryPoint\",\"urlTemplate\":\"https:\/\/www.tosspareparts.com\/?s={search_term_string}\"},\"query-input\":{\"@type\":\"PropertyValueSpecification\",\"valueRequired\":true,\"valueName\":\"search_term_string\"}}],\"inLanguage\":\"de\"},{\"@type\":\"Organization\",\"@id\":\"https:\/\/www.tosspareparts.com\/#organization\",\"name\":\"JTECHNIK, s.r.o.\",\"url\":\"https:\/\/www.tosspareparts.com\/\",\"logo\":{\"@type\":\"ImageObject\",\"inLanguage\":\"de\",\"@id\":\"https:\/\/www.tosspareparts.com\/#\/schema\/logo\/image\/\",\"url\":\"https:\/\/www.tosspareparts.com\/wp-content\/uploads\/2017\/05\/logo-JT-web.png\",\"contentUrl\":\"https:\/\/www.tosspareparts.com\/wp-content\/uploads\/2017\/05\/logo-JT-web.png\",\"width\":333,\"height\":115,\"caption\":\"JTECHNIK, s.r.o.\"},\"image\":{\"@id\":\"https:\/\/www.tosspareparts.com\/#\/schema\/logo\/image\/\"}}]}<\/script>\n<!-- \/ Yoast SEO plugin. -->","yoast_head_json":{"title":"Pinole f\u00fcr L\u00fcnette | Zubeh\u00f6r SV18R\/RA\/RD | TOS Spare Parts","description":"Pinole f\u00fcr L\u00fcnette f\u00fcr Drehmaschinen SV18R, SV18RA und SV18RD. Ersatzteile und Zubeh\u00f6r f\u00fcr Drehmaschinen TOS \/ TRENS Tren\u010d\u00edn.","robots":{"index":"index","follow":"follow","max-snippet":"max-snippet:-1","max-image-preview":"max-image-preview:large","max-video-preview":"max-video-preview:-1"},"canonical":"https:\/\/www.tosspareparts.com\/de\/product\/pinole-fuer-luenette-2\/","og_locale":"de_DE","og_type":"article","og_title":"Pinole f\u00fcr L\u00fcnette | Zubeh\u00f6r SV18R\/RA\/RD | TOS Spare Parts","og_description":"Pinole f\u00fcr L\u00fcnette f\u00fcr Drehmaschinen SV18R, SV18RA und SV18RD. Ersatzteile und Zubeh\u00f6r f\u00fcr Drehmaschinen TOS \/ TRENS Tren\u010d\u00edn.","og_url":"https:\/\/www.tosspareparts.com\/de\/product\/pinole-fuer-luenette-2\/","og_site_name":"TOS Spare Parts","article_modified_time":"2026-03-17T14:43:14+00:00","og_image":[{"width":500,"height":500,"url":"https:\/\/www.tosspareparts.com\/wp-content\/uploads\/2024\/08\/Sleeve-for-rest.jpg","type":"image\/jpeg"}],"twitter_card":"summary_large_image","twitter_title":"Pinole f\u00fcr L\u00fcnette | Zubeh\u00f6r SV18R\/RA\/RD | TOS Spare Parts","schema":{"@context":"https:\/\/schema.org","@graph":[{"@type":"WebPage","@id":"https:\/\/www.tosspareparts.com\/de\/product\/pinole-fuer-luenette-2\/","url":"https:\/\/www.tosspareparts.com\/de\/product\/pinole-fuer-luenette-2\/","name":"Pinole f\u00fcr L\u00fcnette | Zubeh\u00f6r SV18R\/RA\/RD | TOS Spare Parts","isPartOf":{"@id":"https:\/\/www.tosspareparts.com\/#website"},"primaryImageOfPage":{"@id":"https:\/\/www.tosspareparts.com\/de\/product\/pinole-fuer-luenette-2\/#primaryimage"},"image":{"@id":"https:\/\/www.tosspareparts.com\/de\/product\/pinole-fuer-luenette-2\/#primaryimage"},"thumbnailUrl":"https:\/\/www.tosspareparts.com\/wp-content\/uploads\/2024\/08\/Sleeve-for-rest.jpg","datePublished":"2026-03-17T14:07:58+00:00","dateModified":"2026-03-17T14:43:14+00:00","description":"Pinole f\u00fcr L\u00fcnette f\u00fcr Drehmaschinen SV18R, SV18RA und SV18RD. Ersatzteile und Zubeh\u00f6r f\u00fcr Drehmaschinen TOS \/ TRENS Tren\u010d\u00edn.","breadcrumb":{"@id":"https:\/\/www.tosspareparts.com\/de\/product\/pinole-fuer-luenette-2\/#breadcrumb"},"inLanguage":"de","potentialAction":[{"@type":"ReadAction","target":["https:\/\/www.tosspareparts.com\/de\/product\/pinole-fuer-luenette-2\/"]}]},{"@type":"ImageObject","inLanguage":"de","@id":"https:\/\/www.tosspareparts.com\/de\/product\/pinole-fuer-luenette-2\/#primaryimage","url":"https:\/\/www.tosspareparts.com\/wp-content\/uploads\/2024\/08\/Sleeve-for-rest.jpg","contentUrl":"https:\/\/www.tosspareparts.com\/wp-content\/uploads\/2024\/08\/Sleeve-for-rest.jpg","width":500,"height":500,"caption":"SV18RA - Pinole f\u00fcr L\u00fcnette"},{"@type":"BreadcrumbList","@id":"https:\/\/www.tosspareparts.com\/de\/product\/pinole-fuer-luenette-2\/#breadcrumb","itemListElement":[{"@type":"ListItem","position":1,"name":"Home","item":"https:\/\/www.tosspareparts.com\/de\/"},{"@type":"ListItem","position":2,"name":"Shop","item":"https:\/\/www.tosspareparts.com\/de\/shop\/"},{"@type":"ListItem","position":3,"name":"Pinole f\u00fcr L\u00fcnette"}]},{"@type":"WebSite","@id":"https:\/\/www.tosspareparts.com\/#website","url":"https:\/\/www.tosspareparts.com\/","name":"TOS Spare Parts","description":"Spare parts and accessories for metalworking machines","publisher":{"@id":"https:\/\/www.tosspareparts.com\/#organization"},"potentialAction":[{"@type":"SearchAction","target":{"@type":"EntryPoint","urlTemplate":"https:\/\/www.tosspareparts.com\/?s={search_term_string}"},"query-input":{"@type":"PropertyValueSpecification","valueRequired":true,"valueName":"search_term_string"}}],"inLanguage":"de"},{"@type":"Organization","@id":"https:\/\/www.tosspareparts.com\/#organization","name":"JTECHNIK, s.r.o.","url":"https:\/\/www.tosspareparts.com\/","logo":{"@type":"ImageObject","inLanguage":"de","@id":"https:\/\/www.tosspareparts.com\/#\/schema\/logo\/image\/","url":"https:\/\/www.tosspareparts.com\/wp-content\/uploads\/2017\/05\/logo-JT-web.png","contentUrl":"https:\/\/www.tosspareparts.com\/wp-content\/uploads\/2017\/05\/logo-JT-web.png","width":333,"height":115,"caption":"JTECHNIK, s.r.o."},"image":{"@id":"https:\/\/www.tosspareparts.com\/#\/schema\/logo\/image\/"}}]}},"jetpack_sharing_enabled":true,"_links":{"self":[{"href":"https:\/\/www.tosspareparts.com\/de\/wp-json\/wp\/v2\/product\/81291","targetHints":{"allow":["GET"]}}],"collection":[{"href":"https:\/\/www.tosspareparts.com\/de\/wp-json\/wp\/v2\/product"}],"about":[{"href":"https:\/\/www.tosspareparts.com\/de\/wp-json\/wp\/v2\/types\/product"}],"replies":[{"embeddable":true,"href":"https:\/\/www.tosspareparts.com\/de\/wp-json\/wp\/v2\/comments?post=81291"}],"wp:featuredmedia":[{"embeddable":true,"href":"https:\/\/www.tosspareparts.com\/de\/wp-json\/wp\/v2\/media\/75390"}],"wp:attachment":[{"href":"https:\/\/www.tosspareparts.com\/de\/wp-json\/wp\/v2\/media?parent=81291"}],"wp:term":[{"taxonomy":"product_brand","embeddable":true,"href":"https:\/\/www.tosspareparts.com\/de\/wp-json\/wp\/v2\/product_brand?post=81291"},{"taxonomy":"product_cat","embeddable":true,"href":"https:\/\/www.tosspareparts.com\/de\/wp-json\/wp\/v2\/product_cat?post=81291"},{"taxonomy":"product_tag","embeddable":true,"href":"https:\/\/www.tosspareparts.com\/de\/wp-json\/wp\/v2\/product_tag?post=81291"}],"curies":[{"name":"wp","href":"https:\/\/api.w.org\/{rel}","templated":true}]}}