{"id":81305,"date":"2026-03-17T15:36:02","date_gmt":"2026-03-17T14:36:02","guid":{"rendered":"https:\/\/www.tosspareparts.com\/product\/planscheibe-lud-2\/"},"modified":"2026-03-26T14:19:59","modified_gmt":"2026-03-26T13:19:59","slug":"planscheibe-lud-2","status":"publish","type":"product","link":"https:\/\/www.tosspareparts.com\/de\/product\/planscheibe-lud-2\/","title":{"rendered":"Planscheibe LUD"},"content":{"rendered":"<h2>Planscheibe mit einzeln verstellbaren Backen LUD<\/h2>\n<table class=\"tg\">\n<tbody>\n<tr>\n<th class=\"tg-031e\"><img loading=\"lazy\" decoding=\"async\" class=\"aligncenter size-full wp-image-7188\" src=\"https:\/\/www.tosspareparts.com\/wp-content\/uploads\/2024\/01\/LUD-TECH1.jpg\" alt=\"\" width=\"500\" height=\"500\" \/><\/th>\n<th class=\"tg-031e\"><img loading=\"lazy\" decoding=\"async\" class=\"aligncenter size-full wp-image-7189\" src=\"https:\/\/www.tosspareparts.com\/wp-content\/uploads\/2024\/01\/LUD-TECH2.jpg\" alt=\"\" width=\"500\" height=\"500\" \/><\/th>\n<\/tr>\n<\/tbody>\n<\/table>\n<div><\/div>\n<div><\/div>\n<div class=\"table-2\" style=\"text-align: left;\">\n<table width=\"100%\">\n<thead>\n<tr>\n<th>\u00d8<\/th>\n<th>E H7<\/th>\n<th>F\u00b10,2<\/th>\n<th>G<\/th>\n<th>H<\/th>\n<th>J<\/th>\n<th>K<\/th>\n<th>O<\/th>\n<th>P<\/th>\n<th>R<\/th>\n<th>S<\/th>\n<th style=\"text-align: left;\">T<\/th>\n<th style=\"text-align: left;\">U<\/th>\n<\/tr>\n<\/thead>\n<tbody>\n<tr>\n<td>85<\/td>\n<td>62<\/td>\n<td>72<\/td>\n<td>&#8211;<\/td>\n<td>34<\/td>\n<td>17<\/td>\n<td>6<\/td>\n<td>20<\/td>\n<td>4&#215;7<\/td>\n<td>25<\/td>\n<td>4<\/td>\n<td>42<\/td>\n<td>11<\/td>\n<\/tr>\n<tr>\n<td>100<\/td>\n<td>70<\/td>\n<td>83<\/td>\n<td>&#8211;<\/td>\n<td>41<\/td>\n<td>17<\/td>\n<td>6<\/td>\n<td>20<\/td>\n<td>4&#215;9<\/td>\n<td>25<\/td>\n<td>4<\/td>\n<td>42<\/td>\n<td>15<\/td>\n<\/tr>\n<tr>\n<td>125<\/td>\n<td>95<\/td>\n<td>108<\/td>\n<td>&#8211;<\/td>\n<td>51<\/td>\n<td>19<\/td>\n<td>8<\/td>\n<td>21<\/td>\n<td>4&#215;9<\/td>\n<td>28<\/td>\n<td>4<\/td>\n<td>44<\/td>\n<td>15<\/td>\n<\/tr>\n<tr>\n<td>160<\/td>\n<td>125<\/td>\n<td>140<\/td>\n<td>4xM10<\/td>\n<td>47<\/td>\n<td>22<\/td>\n<td>8<\/td>\n<td>32<\/td>\n<td>4&#215;11<\/td>\n<td>45<\/td>\n<td>4<\/td>\n<td>54<\/td>\n<td>17<\/td>\n<\/tr>\n<tr>\n<td>200<\/td>\n<td>125<\/td>\n<td>140<\/td>\n<td>4xM10<\/td>\n<td>75<\/td>\n<td>32<\/td>\n<td>12<\/td>\n<td>44<\/td>\n<td>4&#215;11<\/td>\n<td>50<\/td>\n<td>4<\/td>\n<td>72<\/td>\n<td>17<\/td>\n<\/tr>\n<tr>\n<td>250<\/td>\n<td>200<\/td>\n<td>224<\/td>\n<td>4xM12<\/td>\n<td>75<\/td>\n<td>32<\/td>\n<td>12<\/td>\n<td>44<\/td>\n<td>4&#215;13<\/td>\n<td>60<\/td>\n<td>5<\/td>\n<td>72<\/td>\n<td>20<\/td>\n<\/tr>\n<tr>\n<td>315<\/td>\n<td>200<\/td>\n<td>224<\/td>\n<td>4xM12<\/td>\n<td>100<\/td>\n<td>36<\/td>\n<td>14<\/td>\n<td>49<\/td>\n<td>4&#215;13<\/td>\n<td>75<\/td>\n<td>5<\/td>\n<td>80<\/td>\n<td>20<\/td>\n<\/tr>\n<tr>\n<td>350<\/td>\n<td>260<\/td>\n<td>286<\/td>\n<td>&#8211;<\/td>\n<td>100<\/td>\n<td>37<\/td>\n<td>14<\/td>\n<td>60<\/td>\n<td>4&#215;13<\/td>\n<td>75<\/td>\n<td>5<\/td>\n<td>92,5<\/td>\n<td>20<\/td>\n<\/tr>\n<tr>\n<td>400<\/td>\n<td>260<\/td>\n<td>286<\/td>\n<td>&#8211;<\/td>\n<td>100<\/td>\n<td>37<\/td>\n<td>14<\/td>\n<td>60<\/td>\n<td>4&#215;13<\/td>\n<td>105<\/td>\n<td>5<\/td>\n<td>92,5<\/td>\n<td>20<\/td>\n<\/tr>\n<\/tbody>\n<\/table>\n<div class=\"table-2\" style=\"text-align: left;\">\n<table width=\"100%\">\n<thead>\n<tr>\n<th>\u00d8<\/th>\n<th>M (Nm)<\/th>\n<th>F (kN)<\/th>\n<th>n (min-1)<\/th>\n<\/tr>\n<\/thead>\n<tbody>\n<tr>\n<td>85<\/td>\n<td>10<\/td>\n<td>20<\/td>\n<td>4800<\/td>\n<\/tr>\n<tr>\n<td>100<\/td>\n<td>15<\/td>\n<td>26<\/td>\n<td>4200<\/td>\n<\/tr>\n<tr>\n<td>125<\/td>\n<td>22<\/td>\n<td>36<\/td>\n<td>3700<\/td>\n<\/tr>\n<tr>\n<td>160<\/td>\n<td>38<\/td>\n<td>46<\/td>\n<td>3000<\/td>\n<\/tr>\n<tr>\n<td>200<\/td>\n<td>54<\/td>\n<td>74<\/td>\n<td>2300<\/td>\n<\/tr>\n<tr>\n<td>250<\/td>\n<td>80<\/td>\n<td>94<\/td>\n<td>1700<\/td>\n<\/tr>\n<tr>\n<td>315<\/td>\n<td>94<\/td>\n<td>126<\/td>\n<td>1500<\/td>\n<\/tr>\n<tr>\n<td>350<\/td>\n<td>94<\/td>\n<td>126<\/td>\n<td>1300<\/td>\n<\/tr>\n<tr>\n<td>400<\/td>\n<td>94<\/td>\n<td>126<\/td>\n<td>1300<\/td>\n<\/tr>\n<\/tbody>\n<\/table>\n<p>Max. Drehmoment M, max. Spannkraft F, max. Drehzahl n<\/p>\n<h2>Herunterladen<\/h2>\n<p><a href=\"https:\/\/www.tosspareparts.com\/wp-content\/uploads\/2024\/01\/2438125-LUD.pdf\" target=\"_blank\" rel=\"noopener noreferrer\">Datenblatt<\/a><\/p>\n","protected":false},"excerpt":{"rendered":"<p>Planscheibe mit einzeln verstellbaren Backen LUD<\/p>\n<p>Vierbacken Planscheibe mit unabh\u00e4ngig verstellbaren Backen<\/p>\n","protected":false},"featured_media":29541,"comment_status":"closed","ping_status":"open","template":"","meta":[],"product_brand":[],"product_cat":[5462,5452],"product_tag":[3416],"class_list":{"0":"post-81305","1":"product","2":"type-product","3":"status-publish","4":"has-post-thumbnail","6":"product_cat-lud-spannfutter","7":"product_cat-futter","8":"product_tag-tos-svitany-de","9":"pa_diameter--100-mm","10":"pa_diameter--125-mm","11":"pa_diameter--160-mm","12":"pa_diameter--200-mm","13":"pa_diameter--250-mm","14":"pa_diameter--315-mm","15":"pa_diameter--350-mm","16":"pa_diameter--400-mm","17":"pa_diameter--85-mm","19":"first","20":"instock","21":"taxable","22":"shipping-taxable","23":"purchasable","24":"product-type-variable","25":"has-default-attributes"},"yoast_head":"<!-- This site is optimized with the Yoast SEO plugin v26.5 - https:\/\/yoast.com\/wordpress\/plugins\/seo\/ -->\n<title>Planscheibe LUD TOS Svitavy | TOS Spare Parts<\/title>\n<meta name=\"description\" content=\"TOS Svitavy Spannfutter LUD 2438125 f\u00fcr Spannfutter f\u00fcr Werkzeugmaschinen. Ersatzteile und Zubeh\u00f6r f\u00fcr Werkzeugmaschinen.\" \/>\n<meta name=\"robots\" content=\"index, follow, max-snippet:-1, max-image-preview:large, max-video-preview:-1\" \/>\n<link rel=\"canonical\" href=\"https:\/\/www.tosspareparts.com\/de\/product\/planscheibe-lud-2\/\" \/>\n<meta property=\"og:locale\" content=\"de_DE\" \/>\n<meta property=\"og:type\" content=\"article\" \/>\n<meta property=\"og:title\" content=\"Planscheibe LUD TOS Svitavy | TOS Spare Parts\" \/>\n<meta property=\"og:description\" content=\"TOS Svitavy Spannfutter LUD 2438125 f\u00fcr Spannfutter f\u00fcr Werkzeugmaschinen. Ersatzteile und Zubeh\u00f6r f\u00fcr Werkzeugmaschinen.\" \/>\n<meta property=\"og:url\" content=\"https:\/\/www.tosspareparts.com\/de\/product\/planscheibe-lud-2\/\" \/>\n<meta property=\"og:site_name\" content=\"TOS Spare Parts\" \/>\n<meta property=\"article:modified_time\" content=\"2026-03-26T13:19:59+00:00\" \/>\n<meta property=\"og:image\" content=\"https:\/\/www.tosspareparts.com\/wp-content\/uploads\/2024\/03\/LUD-Spannfutter-1.jpg\" \/>\n\t<meta property=\"og:image:width\" content=\"375\" \/>\n\t<meta property=\"og:image:height\" content=\"375\" \/>\n\t<meta property=\"og:image:type\" content=\"image\/jpeg\" \/>\n<meta name=\"twitter:card\" content=\"summary_large_image\" \/>\n<meta name=\"twitter:title\" content=\"Planscheibe LUD TOS Svitavy | TOS Spare Parts\" \/>\n<script type=\"application\/ld+json\" class=\"yoast-schema-graph\">{\"@context\":\"https:\/\/schema.org\",\"@graph\":[{\"@type\":\"WebPage\",\"@id\":\"https:\/\/www.tosspareparts.com\/de\/product\/planscheibe-lud-2\/\",\"url\":\"https:\/\/www.tosspareparts.com\/de\/product\/planscheibe-lud-2\/\",\"name\":\"Planscheibe LUD TOS Svitavy | TOS Spare Parts\",\"isPartOf\":{\"@id\":\"https:\/\/www.tosspareparts.com\/#website\"},\"primaryImageOfPage\":{\"@id\":\"https:\/\/www.tosspareparts.com\/de\/product\/planscheibe-lud-2\/#primaryimage\"},\"image\":{\"@id\":\"https:\/\/www.tosspareparts.com\/de\/product\/planscheibe-lud-2\/#primaryimage\"},\"thumbnailUrl\":\"https:\/\/www.tosspareparts.com\/wp-content\/uploads\/2024\/03\/LUD-Spannfutter-1.jpg\",\"datePublished\":\"2026-03-17T14:36:02+00:00\",\"dateModified\":\"2026-03-26T13:19:59+00:00\",\"description\":\"TOS Svitavy Spannfutter LUD 2438125 f\u00fcr Spannfutter f\u00fcr Werkzeugmaschinen. Ersatzteile und Zubeh\u00f6r f\u00fcr Werkzeugmaschinen.\",\"breadcrumb\":{\"@id\":\"https:\/\/www.tosspareparts.com\/de\/product\/planscheibe-lud-2\/#breadcrumb\"},\"inLanguage\":\"de\",\"potentialAction\":[{\"@type\":\"ReadAction\",\"target\":[\"https:\/\/www.tosspareparts.com\/de\/product\/planscheibe-lud-2\/\"]}]},{\"@type\":\"ImageObject\",\"inLanguage\":\"de\",\"@id\":\"https:\/\/www.tosspareparts.com\/de\/product\/planscheibe-lud-2\/#primaryimage\",\"url\":\"https:\/\/www.tosspareparts.com\/wp-content\/uploads\/2024\/03\/LUD-Spannfutter-1.jpg\",\"contentUrl\":\"https:\/\/www.tosspareparts.com\/wp-content\/uploads\/2024\/03\/LUD-Spannfutter-1.jpg\",\"width\":375,\"height\":375,\"caption\":\"Planscheibe LUD\"},{\"@type\":\"BreadcrumbList\",\"@id\":\"https:\/\/www.tosspareparts.com\/de\/product\/planscheibe-lud-2\/#breadcrumb\",\"itemListElement\":[{\"@type\":\"ListItem\",\"position\":1,\"name\":\"Home\",\"item\":\"https:\/\/www.tosspareparts.com\/de\/\"},{\"@type\":\"ListItem\",\"position\":2,\"name\":\"Shop\",\"item\":\"https:\/\/www.tosspareparts.com\/de\/shop\/\"},{\"@type\":\"ListItem\",\"position\":3,\"name\":\"Planscheibe LUD\"}]},{\"@type\":\"WebSite\",\"@id\":\"https:\/\/www.tosspareparts.com\/#website\",\"url\":\"https:\/\/www.tosspareparts.com\/\",\"name\":\"TOS Spare Parts\",\"description\":\"Spare parts and accessories for metalworking machines\",\"publisher\":{\"@id\":\"https:\/\/www.tosspareparts.com\/#organization\"},\"potentialAction\":[{\"@type\":\"SearchAction\",\"target\":{\"@type\":\"EntryPoint\",\"urlTemplate\":\"https:\/\/www.tosspareparts.com\/?s={search_term_string}\"},\"query-input\":{\"@type\":\"PropertyValueSpecification\",\"valueRequired\":true,\"valueName\":\"search_term_string\"}}],\"inLanguage\":\"de\"},{\"@type\":\"Organization\",\"@id\":\"https:\/\/www.tosspareparts.com\/#organization\",\"name\":\"JTECHNIK, s.r.o.\",\"url\":\"https:\/\/www.tosspareparts.com\/\",\"logo\":{\"@type\":\"ImageObject\",\"inLanguage\":\"de\",\"@id\":\"https:\/\/www.tosspareparts.com\/#\/schema\/logo\/image\/\",\"url\":\"https:\/\/www.tosspareparts.com\/wp-content\/uploads\/2017\/05\/logo-JT-web.png\",\"contentUrl\":\"https:\/\/www.tosspareparts.com\/wp-content\/uploads\/2017\/05\/logo-JT-web.png\",\"width\":333,\"height\":115,\"caption\":\"JTECHNIK, s.r.o.\"},\"image\":{\"@id\":\"https:\/\/www.tosspareparts.com\/#\/schema\/logo\/image\/\"}}]}<\/script>\n<!-- \/ Yoast SEO plugin. -->","yoast_head_json":{"title":"Planscheibe LUD TOS Svitavy | TOS Spare Parts","description":"TOS Svitavy Spannfutter LUD 2438125 f\u00fcr Spannfutter f\u00fcr Werkzeugmaschinen. Ersatzteile und Zubeh\u00f6r f\u00fcr Werkzeugmaschinen.","robots":{"index":"index","follow":"follow","max-snippet":"max-snippet:-1","max-image-preview":"max-image-preview:large","max-video-preview":"max-video-preview:-1"},"canonical":"https:\/\/www.tosspareparts.com\/de\/product\/planscheibe-lud-2\/","og_locale":"de_DE","og_type":"article","og_title":"Planscheibe LUD TOS Svitavy | TOS Spare Parts","og_description":"TOS Svitavy Spannfutter LUD 2438125 f\u00fcr Spannfutter f\u00fcr Werkzeugmaschinen. Ersatzteile und Zubeh\u00f6r f\u00fcr Werkzeugmaschinen.","og_url":"https:\/\/www.tosspareparts.com\/de\/product\/planscheibe-lud-2\/","og_site_name":"TOS Spare Parts","article_modified_time":"2026-03-26T13:19:59+00:00","og_image":[{"width":375,"height":375,"url":"https:\/\/www.tosspareparts.com\/wp-content\/uploads\/2024\/03\/LUD-Spannfutter-1.jpg","type":"image\/jpeg"}],"twitter_card":"summary_large_image","twitter_title":"Planscheibe LUD TOS Svitavy | TOS Spare Parts","schema":{"@context":"https:\/\/schema.org","@graph":[{"@type":"WebPage","@id":"https:\/\/www.tosspareparts.com\/de\/product\/planscheibe-lud-2\/","url":"https:\/\/www.tosspareparts.com\/de\/product\/planscheibe-lud-2\/","name":"Planscheibe LUD TOS Svitavy | TOS Spare Parts","isPartOf":{"@id":"https:\/\/www.tosspareparts.com\/#website"},"primaryImageOfPage":{"@id":"https:\/\/www.tosspareparts.com\/de\/product\/planscheibe-lud-2\/#primaryimage"},"image":{"@id":"https:\/\/www.tosspareparts.com\/de\/product\/planscheibe-lud-2\/#primaryimage"},"thumbnailUrl":"https:\/\/www.tosspareparts.com\/wp-content\/uploads\/2024\/03\/LUD-Spannfutter-1.jpg","datePublished":"2026-03-17T14:36:02+00:00","dateModified":"2026-03-26T13:19:59+00:00","description":"TOS Svitavy Spannfutter LUD 2438125 f\u00fcr Spannfutter f\u00fcr Werkzeugmaschinen. Ersatzteile und Zubeh\u00f6r f\u00fcr Werkzeugmaschinen.","breadcrumb":{"@id":"https:\/\/www.tosspareparts.com\/de\/product\/planscheibe-lud-2\/#breadcrumb"},"inLanguage":"de","potentialAction":[{"@type":"ReadAction","target":["https:\/\/www.tosspareparts.com\/de\/product\/planscheibe-lud-2\/"]}]},{"@type":"ImageObject","inLanguage":"de","@id":"https:\/\/www.tosspareparts.com\/de\/product\/planscheibe-lud-2\/#primaryimage","url":"https:\/\/www.tosspareparts.com\/wp-content\/uploads\/2024\/03\/LUD-Spannfutter-1.jpg","contentUrl":"https:\/\/www.tosspareparts.com\/wp-content\/uploads\/2024\/03\/LUD-Spannfutter-1.jpg","width":375,"height":375,"caption":"Planscheibe LUD"},{"@type":"BreadcrumbList","@id":"https:\/\/www.tosspareparts.com\/de\/product\/planscheibe-lud-2\/#breadcrumb","itemListElement":[{"@type":"ListItem","position":1,"name":"Home","item":"https:\/\/www.tosspareparts.com\/de\/"},{"@type":"ListItem","position":2,"name":"Shop","item":"https:\/\/www.tosspareparts.com\/de\/shop\/"},{"@type":"ListItem","position":3,"name":"Planscheibe LUD"}]},{"@type":"WebSite","@id":"https:\/\/www.tosspareparts.com\/#website","url":"https:\/\/www.tosspareparts.com\/","name":"TOS Spare Parts","description":"Spare parts and accessories for metalworking machines","publisher":{"@id":"https:\/\/www.tosspareparts.com\/#organization"},"potentialAction":[{"@type":"SearchAction","target":{"@type":"EntryPoint","urlTemplate":"https:\/\/www.tosspareparts.com\/?s={search_term_string}"},"query-input":{"@type":"PropertyValueSpecification","valueRequired":true,"valueName":"search_term_string"}}],"inLanguage":"de"},{"@type":"Organization","@id":"https:\/\/www.tosspareparts.com\/#organization","name":"JTECHNIK, s.r.o.","url":"https:\/\/www.tosspareparts.com\/","logo":{"@type":"ImageObject","inLanguage":"de","@id":"https:\/\/www.tosspareparts.com\/#\/schema\/logo\/image\/","url":"https:\/\/www.tosspareparts.com\/wp-content\/uploads\/2017\/05\/logo-JT-web.png","contentUrl":"https:\/\/www.tosspareparts.com\/wp-content\/uploads\/2017\/05\/logo-JT-web.png","width":333,"height":115,"caption":"JTECHNIK, s.r.o."},"image":{"@id":"https:\/\/www.tosspareparts.com\/#\/schema\/logo\/image\/"}}]}},"jetpack_sharing_enabled":true,"_links":{"self":[{"href":"https:\/\/www.tosspareparts.com\/de\/wp-json\/wp\/v2\/product\/81305","targetHints":{"allow":["GET"]}}],"collection":[{"href":"https:\/\/www.tosspareparts.com\/de\/wp-json\/wp\/v2\/product"}],"about":[{"href":"https:\/\/www.tosspareparts.com\/de\/wp-json\/wp\/v2\/types\/product"}],"replies":[{"embeddable":true,"href":"https:\/\/www.tosspareparts.com\/de\/wp-json\/wp\/v2\/comments?post=81305"}],"wp:featuredmedia":[{"embeddable":true,"href":"https:\/\/www.tosspareparts.com\/de\/wp-json\/wp\/v2\/media\/29541"}],"wp:attachment":[{"href":"https:\/\/www.tosspareparts.com\/de\/wp-json\/wp\/v2\/media?parent=81305"}],"wp:term":[{"taxonomy":"product_brand","embeddable":true,"href":"https:\/\/www.tosspareparts.com\/de\/wp-json\/wp\/v2\/product_brand?post=81305"},{"taxonomy":"product_cat","embeddable":true,"href":"https:\/\/www.tosspareparts.com\/de\/wp-json\/wp\/v2\/product_cat?post=81305"},{"taxonomy":"product_tag","embeddable":true,"href":"https:\/\/www.tosspareparts.com\/de\/wp-json\/wp\/v2\/product_tag?post=81305"}],"curies":[{"name":"wp","href":"https:\/\/api.w.org\/{rel}","templated":true}]}}