{"id":81525,"date":"2026-03-25T13:01:00","date_gmt":"2026-03-25T12:01:00","guid":{"rendered":"https:\/\/www.tosspareparts.com\/product\/zahnrad-34-07-111\/"},"modified":"2026-03-25T13:21:15","modified_gmt":"2026-03-25T12:21:15","slug":"zahnrad-34-07-111","status":"publish","type":"product","link":"https:\/\/www.tosspareparts.com\/de\/product\/zahnrad-34-07-111\/","title":{"rendered":"Zahnrad &#8211; 34 07 111"},"content":{"rendered":"","protected":false},"excerpt":{"rendered":"<p>Zahnrad &#8211; 34 07 111 f\u00fcr Supportgetriebekasten f\u00fcr Drehmaschine SUI63 und SUI80.<\/p>\n<p>Modul 3 \/ 33 Z\u00e4hne.<\/p>\n","protected":false},"featured_media":81479,"comment_status":"closed","ping_status":"open","template":"","meta":[],"product_brand":[],"product_cat":[5646,5449],"product_tag":[3420],"class_list":{"0":"post-81525","1":"product","2":"type-product","3":"status-publish","4":"has-post-thumbnail","6":"product_cat-supportgetriebekasten-63-80","7":"product_cat-ersatzteile-sui63-80","8":"product_tag-jtechnik-de","10":"first","11":"instock","12":"taxable","13":"shipping-taxable","14":"purchasable","15":"product-type-simple"},"yoast_head":"<!-- This site is optimized with the Yoast SEO plugin v26.5 - https:\/\/yoast.com\/wordpress\/plugins\/seo\/ -->\n<title>Zahnrad - 34 07 111 | Ersatzteile SUI63-80 | TOS Spare Parts<\/title>\n<meta name=\"description\" content=\"Zahnrad - 34 07 111 f\u00fcr Supportgetriebekasten f\u00fcr Drehmaschine SUI63 und SUI80. Ersatzteile und Zubeh\u00f6r f\u00fcr Drehmaschinen TOS \/ TRENS Tren\u010d\u00edn.\" \/>\n<meta name=\"robots\" content=\"index, follow, max-snippet:-1, max-image-preview:large, max-video-preview:-1\" \/>\n<link rel=\"canonical\" href=\"https:\/\/www.tosspareparts.com\/de\/product\/zahnrad-34-07-111\/\" \/>\n<meta property=\"og:locale\" content=\"de_DE\" \/>\n<meta property=\"og:type\" content=\"article\" \/>\n<meta property=\"og:title\" content=\"Zahnrad - 34 07 111 | Ersatzteile SUI63-80 | TOS Spare Parts\" \/>\n<meta property=\"og:description\" content=\"Zahnrad - 34 07 111 f\u00fcr Supportgetriebekasten f\u00fcr Drehmaschine SUI63 und SUI80. Ersatzteile und Zubeh\u00f6r f\u00fcr Drehmaschinen TOS \/ TRENS Tren\u010d\u00edn.\" \/>\n<meta property=\"og:url\" content=\"https:\/\/www.tosspareparts.com\/de\/product\/zahnrad-34-07-111\/\" \/>\n<meta property=\"og:site_name\" content=\"TOS Spare Parts\" \/>\n<meta property=\"article:modified_time\" content=\"2026-03-25T12:21:15+00:00\" \/>\n<meta property=\"og:image\" content=\"https:\/\/www.tosspareparts.com\/wp-content\/uploads\/2026\/03\/Gear-wheel-34-07-111.jpg\" \/>\n\t<meta property=\"og:image:width\" content=\"1000\" \/>\n\t<meta property=\"og:image:height\" content=\"1000\" \/>\n\t<meta property=\"og:image:type\" content=\"image\/jpeg\" \/>\n<meta name=\"twitter:card\" content=\"summary_large_image\" \/>\n<meta name=\"twitter:title\" content=\"Zahnrad - 34 07 111 | Ersatzteile SUI63-80 | TOS Spare Parts\" \/>\n<script type=\"application\/ld+json\" class=\"yoast-schema-graph\">{\"@context\":\"https:\/\/schema.org\",\"@graph\":[{\"@type\":\"WebPage\",\"@id\":\"https:\/\/www.tosspareparts.com\/de\/product\/zahnrad-34-07-111\/\",\"url\":\"https:\/\/www.tosspareparts.com\/de\/product\/zahnrad-34-07-111\/\",\"name\":\"Zahnrad - 34 07 111 | Ersatzteile SUI63-80 | TOS Spare Parts\",\"isPartOf\":{\"@id\":\"https:\/\/www.tosspareparts.com\/#website\"},\"primaryImageOfPage\":{\"@id\":\"https:\/\/www.tosspareparts.com\/de\/product\/zahnrad-34-07-111\/#primaryimage\"},\"image\":{\"@id\":\"https:\/\/www.tosspareparts.com\/de\/product\/zahnrad-34-07-111\/#primaryimage\"},\"thumbnailUrl\":\"https:\/\/www.tosspareparts.com\/wp-content\/uploads\/2026\/03\/Gear-wheel-34-07-111.jpg\",\"datePublished\":\"2026-03-25T12:01:00+00:00\",\"dateModified\":\"2026-03-25T12:21:15+00:00\",\"description\":\"Zahnrad - 34 07 111 f\u00fcr Supportgetriebekasten f\u00fcr Drehmaschine SUI63 und SUI80. Ersatzteile und Zubeh\u00f6r f\u00fcr Drehmaschinen TOS \/ TRENS Tren\u010d\u00edn.\",\"breadcrumb\":{\"@id\":\"https:\/\/www.tosspareparts.com\/de\/product\/zahnrad-34-07-111\/#breadcrumb\"},\"inLanguage\":\"de\",\"potentialAction\":[{\"@type\":\"ReadAction\",\"target\":[\"https:\/\/www.tosspareparts.com\/de\/product\/zahnrad-34-07-111\/\"]}]},{\"@type\":\"ImageObject\",\"inLanguage\":\"de\",\"@id\":\"https:\/\/www.tosspareparts.com\/de\/product\/zahnrad-34-07-111\/#primaryimage\",\"url\":\"https:\/\/www.tosspareparts.com\/wp-content\/uploads\/2026\/03\/Gear-wheel-34-07-111.jpg\",\"contentUrl\":\"https:\/\/www.tosspareparts.com\/wp-content\/uploads\/2026\/03\/Gear-wheel-34-07-111.jpg\",\"width\":1000,\"height\":1000,\"caption\":\"SUI63-80 - 34 07 111 - Zahnrad - 34 07 111\"},{\"@type\":\"BreadcrumbList\",\"@id\":\"https:\/\/www.tosspareparts.com\/de\/product\/zahnrad-34-07-111\/#breadcrumb\",\"itemListElement\":[{\"@type\":\"ListItem\",\"position\":1,\"name\":\"Home\",\"item\":\"https:\/\/www.tosspareparts.com\/de\/\"},{\"@type\":\"ListItem\",\"position\":2,\"name\":\"Shop\",\"item\":\"https:\/\/www.tosspareparts.com\/de\/shop\/\"},{\"@type\":\"ListItem\",\"position\":3,\"name\":\"Zahnrad &#8211; 34 07 111\"}]},{\"@type\":\"WebSite\",\"@id\":\"https:\/\/www.tosspareparts.com\/#website\",\"url\":\"https:\/\/www.tosspareparts.com\/\",\"name\":\"TOS Spare Parts\",\"description\":\"Spare parts and accessories for metalworking machines\",\"publisher\":{\"@id\":\"https:\/\/www.tosspareparts.com\/#organization\"},\"potentialAction\":[{\"@type\":\"SearchAction\",\"target\":{\"@type\":\"EntryPoint\",\"urlTemplate\":\"https:\/\/www.tosspareparts.com\/?s={search_term_string}\"},\"query-input\":{\"@type\":\"PropertyValueSpecification\",\"valueRequired\":true,\"valueName\":\"search_term_string\"}}],\"inLanguage\":\"de\"},{\"@type\":\"Organization\",\"@id\":\"https:\/\/www.tosspareparts.com\/#organization\",\"name\":\"JTECHNIK, s.r.o.\",\"url\":\"https:\/\/www.tosspareparts.com\/\",\"logo\":{\"@type\":\"ImageObject\",\"inLanguage\":\"de\",\"@id\":\"https:\/\/www.tosspareparts.com\/#\/schema\/logo\/image\/\",\"url\":\"https:\/\/www.tosspareparts.com\/wp-content\/uploads\/2017\/05\/logo-JT-web.png\",\"contentUrl\":\"https:\/\/www.tosspareparts.com\/wp-content\/uploads\/2017\/05\/logo-JT-web.png\",\"width\":333,\"height\":115,\"caption\":\"JTECHNIK, s.r.o.\"},\"image\":{\"@id\":\"https:\/\/www.tosspareparts.com\/#\/schema\/logo\/image\/\"}}]}<\/script>\n<!-- \/ Yoast SEO plugin. -->","yoast_head_json":{"title":"Zahnrad - 34 07 111 | Ersatzteile SUI63-80 | TOS Spare Parts","description":"Zahnrad - 34 07 111 f\u00fcr Supportgetriebekasten f\u00fcr Drehmaschine SUI63 und SUI80. Ersatzteile und Zubeh\u00f6r f\u00fcr Drehmaschinen TOS \/ TRENS Tren\u010d\u00edn.","robots":{"index":"index","follow":"follow","max-snippet":"max-snippet:-1","max-image-preview":"max-image-preview:large","max-video-preview":"max-video-preview:-1"},"canonical":"https:\/\/www.tosspareparts.com\/de\/product\/zahnrad-34-07-111\/","og_locale":"de_DE","og_type":"article","og_title":"Zahnrad - 34 07 111 | Ersatzteile SUI63-80 | TOS Spare Parts","og_description":"Zahnrad - 34 07 111 f\u00fcr Supportgetriebekasten f\u00fcr Drehmaschine SUI63 und SUI80. Ersatzteile und Zubeh\u00f6r f\u00fcr Drehmaschinen TOS \/ TRENS Tren\u010d\u00edn.","og_url":"https:\/\/www.tosspareparts.com\/de\/product\/zahnrad-34-07-111\/","og_site_name":"TOS Spare Parts","article_modified_time":"2026-03-25T12:21:15+00:00","og_image":[{"width":1000,"height":1000,"url":"https:\/\/www.tosspareparts.com\/wp-content\/uploads\/2026\/03\/Gear-wheel-34-07-111.jpg","type":"image\/jpeg"}],"twitter_card":"summary_large_image","twitter_title":"Zahnrad - 34 07 111 | Ersatzteile SUI63-80 | TOS Spare Parts","schema":{"@context":"https:\/\/schema.org","@graph":[{"@type":"WebPage","@id":"https:\/\/www.tosspareparts.com\/de\/product\/zahnrad-34-07-111\/","url":"https:\/\/www.tosspareparts.com\/de\/product\/zahnrad-34-07-111\/","name":"Zahnrad - 34 07 111 | Ersatzteile SUI63-80 | TOS Spare Parts","isPartOf":{"@id":"https:\/\/www.tosspareparts.com\/#website"},"primaryImageOfPage":{"@id":"https:\/\/www.tosspareparts.com\/de\/product\/zahnrad-34-07-111\/#primaryimage"},"image":{"@id":"https:\/\/www.tosspareparts.com\/de\/product\/zahnrad-34-07-111\/#primaryimage"},"thumbnailUrl":"https:\/\/www.tosspareparts.com\/wp-content\/uploads\/2026\/03\/Gear-wheel-34-07-111.jpg","datePublished":"2026-03-25T12:01:00+00:00","dateModified":"2026-03-25T12:21:15+00:00","description":"Zahnrad - 34 07 111 f\u00fcr Supportgetriebekasten f\u00fcr Drehmaschine SUI63 und SUI80. Ersatzteile und Zubeh\u00f6r f\u00fcr Drehmaschinen TOS \/ TRENS Tren\u010d\u00edn.","breadcrumb":{"@id":"https:\/\/www.tosspareparts.com\/de\/product\/zahnrad-34-07-111\/#breadcrumb"},"inLanguage":"de","potentialAction":[{"@type":"ReadAction","target":["https:\/\/www.tosspareparts.com\/de\/product\/zahnrad-34-07-111\/"]}]},{"@type":"ImageObject","inLanguage":"de","@id":"https:\/\/www.tosspareparts.com\/de\/product\/zahnrad-34-07-111\/#primaryimage","url":"https:\/\/www.tosspareparts.com\/wp-content\/uploads\/2026\/03\/Gear-wheel-34-07-111.jpg","contentUrl":"https:\/\/www.tosspareparts.com\/wp-content\/uploads\/2026\/03\/Gear-wheel-34-07-111.jpg","width":1000,"height":1000,"caption":"SUI63-80 - 34 07 111 - Zahnrad - 34 07 111"},{"@type":"BreadcrumbList","@id":"https:\/\/www.tosspareparts.com\/de\/product\/zahnrad-34-07-111\/#breadcrumb","itemListElement":[{"@type":"ListItem","position":1,"name":"Home","item":"https:\/\/www.tosspareparts.com\/de\/"},{"@type":"ListItem","position":2,"name":"Shop","item":"https:\/\/www.tosspareparts.com\/de\/shop\/"},{"@type":"ListItem","position":3,"name":"Zahnrad &#8211; 34 07 111"}]},{"@type":"WebSite","@id":"https:\/\/www.tosspareparts.com\/#website","url":"https:\/\/www.tosspareparts.com\/","name":"TOS Spare Parts","description":"Spare parts and accessories for metalworking machines","publisher":{"@id":"https:\/\/www.tosspareparts.com\/#organization"},"potentialAction":[{"@type":"SearchAction","target":{"@type":"EntryPoint","urlTemplate":"https:\/\/www.tosspareparts.com\/?s={search_term_string}"},"query-input":{"@type":"PropertyValueSpecification","valueRequired":true,"valueName":"search_term_string"}}],"inLanguage":"de"},{"@type":"Organization","@id":"https:\/\/www.tosspareparts.com\/#organization","name":"JTECHNIK, s.r.o.","url":"https:\/\/www.tosspareparts.com\/","logo":{"@type":"ImageObject","inLanguage":"de","@id":"https:\/\/www.tosspareparts.com\/#\/schema\/logo\/image\/","url":"https:\/\/www.tosspareparts.com\/wp-content\/uploads\/2017\/05\/logo-JT-web.png","contentUrl":"https:\/\/www.tosspareparts.com\/wp-content\/uploads\/2017\/05\/logo-JT-web.png","width":333,"height":115,"caption":"JTECHNIK, s.r.o."},"image":{"@id":"https:\/\/www.tosspareparts.com\/#\/schema\/logo\/image\/"}}]}},"jetpack_sharing_enabled":true,"_links":{"self":[{"href":"https:\/\/www.tosspareparts.com\/de\/wp-json\/wp\/v2\/product\/81525","targetHints":{"allow":["GET"]}}],"collection":[{"href":"https:\/\/www.tosspareparts.com\/de\/wp-json\/wp\/v2\/product"}],"about":[{"href":"https:\/\/www.tosspareparts.com\/de\/wp-json\/wp\/v2\/types\/product"}],"replies":[{"embeddable":true,"href":"https:\/\/www.tosspareparts.com\/de\/wp-json\/wp\/v2\/comments?post=81525"}],"wp:featuredmedia":[{"embeddable":true,"href":"https:\/\/www.tosspareparts.com\/de\/wp-json\/wp\/v2\/media\/81479"}],"wp:attachment":[{"href":"https:\/\/www.tosspareparts.com\/de\/wp-json\/wp\/v2\/media?parent=81525"}],"wp:term":[{"taxonomy":"product_brand","embeddable":true,"href":"https:\/\/www.tosspareparts.com\/de\/wp-json\/wp\/v2\/product_brand?post=81525"},{"taxonomy":"product_cat","embeddable":true,"href":"https:\/\/www.tosspareparts.com\/de\/wp-json\/wp\/v2\/product_cat?post=81525"},{"taxonomy":"product_tag","embeddable":true,"href":"https:\/\/www.tosspareparts.com\/de\/wp-json\/wp\/v2\/product_tag?post=81525"}],"curies":[{"name":"wp","href":"https:\/\/api.w.org\/{rel}","templated":true}]}}