{"id":74626,"date":"2026-03-17T15:03:01","date_gmt":"2026-03-17T14:03:01","guid":{"rendered":"https:\/\/www.tosspareparts.com\/product\/bomba-de-refrigerante-pa70m-240-v-180-mm\/"},"modified":"2026-03-02T16:22:22","modified_gmt":"2026-03-02T15:22:22","slug":"bomba-de-refrigerante-pa70m-240-v-180-mm","status":"publish","type":"product","link":"https:\/\/www.tosspareparts.com\/es\/product\/bomba-de-refrigerante-pa70m-240-v-180-mm\/","title":{"rendered":"Bomba de refrigerante PA70M &#8211; 240 V &#8211; 180 mm"},"content":{"rendered":"<h1>Par\u00e1metros de la bomba<\/h1>\n<p><img loading=\"lazy\" decoding=\"async\" width=\"153\" height=\"300\" class=\"alignnone size-medium wp-image-13\" src=\"https:\/\/www.tosspareparts.com\/wp-content\/uploads\/2024\/01\/pa-front-153x300.png\" alt=\"\" \/><img decoding=\"async\" class=\"alignnone wp-image-12 size-medium\" src=\"https:\/\/www.tosspareparts.com\/wp-content\/uploads\/2024\/01\/pa-top-287x300.png\" alt=\"\" \/><br \/>\n<\/p>\n<div class=\"table-2\">\n<table width=\"100%\">\n<thead>\n<tr>\n<th align=\"left\">Tipo<\/th>\n<th align=\"left\">HP\/KW<\/th>\n<th align=\"left\">VOLT\/Hz<\/th>\n<th align=\"left\">A<\/th>\n<th align=\"left\">B<\/th>\n<th align=\"left\">C<\/th>\n<th align=\"left\">D<\/th>\n<th align=\"left\">E<\/th>\n<\/tr>\n<\/thead>\n<tbody>\n<tr>\n<td align=\"left\">PA-70<\/td>\n<td align=\"left\">0,12\/0,08<\/td>\n<td align=\"left\">400\/50<\/td>\n<td align=\"left\">180<\/td>\n<td align=\"left\">127<\/td>\n<td align=\"left\">96<\/td>\n<td align=\"left\">87<\/td>\n<td align=\"left\">1\/2&#8243;<\/td>\n<\/tr>\n<\/tbody>\n<\/table>\n<\/div>\n<p><\/p>\n<h1>Salida de la bomba<\/h1>\n<p><img loading=\"lazy\" decoding=\"async\" class=\"alignnone size-full wp-image-9\" src=\"https:\/\/www.tosspareparts.com\/wp-content\/uploads\/2024\/01\/pa-info.png\" alt=\"\" width=\"867\" height=\"548\" \/><\/p>\n","protected":false},"excerpt":{"rendered":"<p>Bomba de refrigerante para m\u00e1quinas herramienta.<\/p>\n<p>Profundidad de inmersi\u00f3n: 200 mm.<\/p>\n<p>Alimentaci\u00f3n: 1x240V.<\/p>\n<p>Grado de protecci\u00f3n contra la penetraci\u00f3n de fluidos: IP 54.<\/p>\n<p>Las partes del motor est\u00e1n hechas de material termopl\u00e1stico no inflamable de acuerdo con las siguientes normas: VDE 0730 y UL 94.<\/p>\n<p>Bajo peso y dimensiones, excelentes par\u00e1metros t\u00e9cnicos juntos incluyen una soluci\u00f3n ideal para enfriar los procesos de corte de m\u00e1quinas herramienta.<\/p>\n<p>Temperatura m\u00e1xima del fluido: 65\u00b0C.<\/p>\n","protected":false},"featured_media":30686,"comment_status":"closed","ping_status":"open","template":"","meta":[],"product_brand":[],"product_cat":[5376],"product_tag":[3353],"class_list":{"0":"post-74626","1":"product","2":"type-product","3":"status-publish","4":"has-post-thumbnail","6":"product_cat-bombas-de-refrigerante","7":"product_tag-jtechnik-es","9":"first","10":"instock","11":"taxable","12":"shipping-taxable","13":"purchasable","14":"product-type-simple"},"yoast_head":"<!-- This site is optimized with the Yoast SEO plugin v26.5 - https:\/\/yoast.com\/wordpress\/plugins\/seo\/ -->\n<title>Bomba de refrigerante PA70M - 240 V - 180 mm | Accesorios refrigerantes | TOS Spare Parts<\/title>\n<meta name=\"description\" content=\"Bomba de refrigerante PA-70M. Profundidad de inmersi\u00f3n: 180 mm. Alimentaci\u00f3n: 1x240V. Bomba de refrigeraci\u00f3n para mecanizado en m\u00e1quina herramienta.\" \/>\n<meta name=\"robots\" content=\"index, follow, max-snippet:-1, max-image-preview:large, max-video-preview:-1\" \/>\n<link rel=\"canonical\" href=\"https:\/\/www.tosspareparts.com\/es\/product\/bomba-de-refrigerante-pa70m-240-v-180-mm\/\" \/>\n<meta property=\"og:locale\" content=\"es_ES\" \/>\n<meta property=\"og:type\" content=\"article\" \/>\n<meta property=\"og:title\" content=\"Bomba de refrigerante PA70M - 240 V - 180 mm | Accesorios refrigerantes | TOS Spare Parts\" \/>\n<meta property=\"og:description\" content=\"Bomba de refrigerante PA-70M. Profundidad de inmersi\u00f3n: 180 mm. Alimentaci\u00f3n: 1x240V. Bomba de refrigeraci\u00f3n para mecanizado en m\u00e1quina herramienta.\" \/>\n<meta property=\"og:url\" content=\"https:\/\/www.tosspareparts.com\/es\/product\/bomba-de-refrigerante-pa70m-240-v-180-mm\/\" \/>\n<meta property=\"og:site_name\" content=\"TOS Spare Parts\" \/>\n<meta property=\"og:image\" content=\"https:\/\/www.tosspareparts.com\/wp-content\/uploads\/2024\/03\/Kuehlpumpen-2.jpg\" \/>\n\t<meta property=\"og:image:width\" content=\"300\" \/>\n\t<meta property=\"og:image:height\" content=\"300\" \/>\n\t<meta property=\"og:image:type\" content=\"image\/jpeg\" \/>\n<meta name=\"twitter:card\" content=\"summary_large_image\" \/>\n<meta name=\"twitter:title\" content=\"Bomba de refrigerante PA70M - 240 V - 180 mm | Accesorios refrigerantes | TOS Spare Parts\" \/>\n<script type=\"application\/ld+json\" class=\"yoast-schema-graph\">{\"@context\":\"https:\/\/schema.org\",\"@graph\":[{\"@type\":\"WebPage\",\"@id\":\"https:\/\/www.tosspareparts.com\/es\/product\/bomba-de-refrigerante-pa70m-240-v-180-mm\/\",\"url\":\"https:\/\/www.tosspareparts.com\/es\/product\/bomba-de-refrigerante-pa70m-240-v-180-mm\/\",\"name\":\"Bomba de refrigerante PA70M - 240 V - 180 mm | Accesorios refrigerantes | TOS Spare Parts\",\"isPartOf\":{\"@id\":\"https:\/\/www.tosspareparts.com\/#website\"},\"primaryImageOfPage\":{\"@id\":\"https:\/\/www.tosspareparts.com\/es\/product\/bomba-de-refrigerante-pa70m-240-v-180-mm\/#primaryimage\"},\"image\":{\"@id\":\"https:\/\/www.tosspareparts.com\/es\/product\/bomba-de-refrigerante-pa70m-240-v-180-mm\/#primaryimage\"},\"thumbnailUrl\":\"https:\/\/www.tosspareparts.com\/wp-content\/uploads\/2024\/03\/Kuehlpumpen-2.jpg\",\"datePublished\":\"2026-03-17T14:03:01+00:00\",\"description\":\"Bomba de refrigerante PA-70M. Profundidad de inmersi\u00f3n: 180 mm. Alimentaci\u00f3n: 1x240V. Bomba de refrigeraci\u00f3n para mecanizado en m\u00e1quina herramienta.\",\"breadcrumb\":{\"@id\":\"https:\/\/www.tosspareparts.com\/es\/product\/bomba-de-refrigerante-pa70m-240-v-180-mm\/#breadcrumb\"},\"inLanguage\":\"es\",\"potentialAction\":[{\"@type\":\"ReadAction\",\"target\":[\"https:\/\/www.tosspareparts.com\/es\/product\/bomba-de-refrigerante-pa70m-240-v-180-mm\/\"]}]},{\"@type\":\"ImageObject\",\"inLanguage\":\"es\",\"@id\":\"https:\/\/www.tosspareparts.com\/es\/product\/bomba-de-refrigerante-pa70m-240-v-180-mm\/#primaryimage\",\"url\":\"https:\/\/www.tosspareparts.com\/wp-content\/uploads\/2024\/03\/Kuehlpumpen-2.jpg\",\"contentUrl\":\"https:\/\/www.tosspareparts.com\/wp-content\/uploads\/2024\/03\/Kuehlpumpen-2.jpg\",\"width\":300,\"height\":300,\"caption\":\"Bombas de refrigerante\"},{\"@type\":\"BreadcrumbList\",\"@id\":\"https:\/\/www.tosspareparts.com\/es\/product\/bomba-de-refrigerante-pa70m-240-v-180-mm\/#breadcrumb\",\"itemListElement\":[{\"@type\":\"ListItem\",\"position\":1,\"name\":\"Home\",\"item\":\"https:\/\/www.tosspareparts.com\/es\/\"},{\"@type\":\"ListItem\",\"position\":2,\"name\":\"Tienda\",\"item\":\"https:\/\/www.tosspareparts.com\/es\/tienda\/\"},{\"@type\":\"ListItem\",\"position\":3,\"name\":\"Bomba de refrigerante PA70M &#8211; 240 V &#8211; 180 mm\"}]},{\"@type\":\"WebSite\",\"@id\":\"https:\/\/www.tosspareparts.com\/#website\",\"url\":\"https:\/\/www.tosspareparts.com\/\",\"name\":\"TOS Spare Parts\",\"description\":\"Spare parts and accessories for metalworking machines\",\"publisher\":{\"@id\":\"https:\/\/www.tosspareparts.com\/#organization\"},\"potentialAction\":[{\"@type\":\"SearchAction\",\"target\":{\"@type\":\"EntryPoint\",\"urlTemplate\":\"https:\/\/www.tosspareparts.com\/?s={search_term_string}\"},\"query-input\":{\"@type\":\"PropertyValueSpecification\",\"valueRequired\":true,\"valueName\":\"search_term_string\"}}],\"inLanguage\":\"es\"},{\"@type\":\"Organization\",\"@id\":\"https:\/\/www.tosspareparts.com\/#organization\",\"name\":\"JTECHNIK, s.r.o.\",\"url\":\"https:\/\/www.tosspareparts.com\/\",\"logo\":{\"@type\":\"ImageObject\",\"inLanguage\":\"es\",\"@id\":\"https:\/\/www.tosspareparts.com\/#\/schema\/logo\/image\/\",\"url\":\"https:\/\/www.tosspareparts.com\/wp-content\/uploads\/2017\/05\/logo-JT-web.png\",\"contentUrl\":\"https:\/\/www.tosspareparts.com\/wp-content\/uploads\/2017\/05\/logo-JT-web.png\",\"width\":333,\"height\":115,\"caption\":\"JTECHNIK, s.r.o.\"},\"image\":{\"@id\":\"https:\/\/www.tosspareparts.com\/#\/schema\/logo\/image\/\"}}]}<\/script>\n<!-- \/ Yoast SEO plugin. -->","yoast_head_json":{"title":"Bomba de refrigerante PA70M - 240 V - 180 mm | Accesorios refrigerantes | TOS Spare Parts","description":"Bomba de refrigerante PA-70M. Profundidad de inmersi\u00f3n: 180 mm. Alimentaci\u00f3n: 1x240V. Bomba de refrigeraci\u00f3n para mecanizado en m\u00e1quina herramienta.","robots":{"index":"index","follow":"follow","max-snippet":"max-snippet:-1","max-image-preview":"max-image-preview:large","max-video-preview":"max-video-preview:-1"},"canonical":"https:\/\/www.tosspareparts.com\/es\/product\/bomba-de-refrigerante-pa70m-240-v-180-mm\/","og_locale":"es_ES","og_type":"article","og_title":"Bomba de refrigerante PA70M - 240 V - 180 mm | Accesorios refrigerantes | TOS Spare Parts","og_description":"Bomba de refrigerante PA-70M. Profundidad de inmersi\u00f3n: 180 mm. Alimentaci\u00f3n: 1x240V. Bomba de refrigeraci\u00f3n para mecanizado en m\u00e1quina herramienta.","og_url":"https:\/\/www.tosspareparts.com\/es\/product\/bomba-de-refrigerante-pa70m-240-v-180-mm\/","og_site_name":"TOS Spare Parts","og_image":[{"width":300,"height":300,"url":"https:\/\/www.tosspareparts.com\/wp-content\/uploads\/2024\/03\/Kuehlpumpen-2.jpg","type":"image\/jpeg"}],"twitter_card":"summary_large_image","twitter_title":"Bomba de refrigerante PA70M - 240 V - 180 mm | Accesorios refrigerantes | TOS Spare Parts","schema":{"@context":"https:\/\/schema.org","@graph":[{"@type":"WebPage","@id":"https:\/\/www.tosspareparts.com\/es\/product\/bomba-de-refrigerante-pa70m-240-v-180-mm\/","url":"https:\/\/www.tosspareparts.com\/es\/product\/bomba-de-refrigerante-pa70m-240-v-180-mm\/","name":"Bomba de refrigerante PA70M - 240 V - 180 mm | Accesorios refrigerantes | TOS Spare Parts","isPartOf":{"@id":"https:\/\/www.tosspareparts.com\/#website"},"primaryImageOfPage":{"@id":"https:\/\/www.tosspareparts.com\/es\/product\/bomba-de-refrigerante-pa70m-240-v-180-mm\/#primaryimage"},"image":{"@id":"https:\/\/www.tosspareparts.com\/es\/product\/bomba-de-refrigerante-pa70m-240-v-180-mm\/#primaryimage"},"thumbnailUrl":"https:\/\/www.tosspareparts.com\/wp-content\/uploads\/2024\/03\/Kuehlpumpen-2.jpg","datePublished":"2026-03-17T14:03:01+00:00","description":"Bomba de refrigerante PA-70M. Profundidad de inmersi\u00f3n: 180 mm. Alimentaci\u00f3n: 1x240V. Bomba de refrigeraci\u00f3n para mecanizado en m\u00e1quina herramienta.","breadcrumb":{"@id":"https:\/\/www.tosspareparts.com\/es\/product\/bomba-de-refrigerante-pa70m-240-v-180-mm\/#breadcrumb"},"inLanguage":"es","potentialAction":[{"@type":"ReadAction","target":["https:\/\/www.tosspareparts.com\/es\/product\/bomba-de-refrigerante-pa70m-240-v-180-mm\/"]}]},{"@type":"ImageObject","inLanguage":"es","@id":"https:\/\/www.tosspareparts.com\/es\/product\/bomba-de-refrigerante-pa70m-240-v-180-mm\/#primaryimage","url":"https:\/\/www.tosspareparts.com\/wp-content\/uploads\/2024\/03\/Kuehlpumpen-2.jpg","contentUrl":"https:\/\/www.tosspareparts.com\/wp-content\/uploads\/2024\/03\/Kuehlpumpen-2.jpg","width":300,"height":300,"caption":"Bombas de refrigerante"},{"@type":"BreadcrumbList","@id":"https:\/\/www.tosspareparts.com\/es\/product\/bomba-de-refrigerante-pa70m-240-v-180-mm\/#breadcrumb","itemListElement":[{"@type":"ListItem","position":1,"name":"Home","item":"https:\/\/www.tosspareparts.com\/es\/"},{"@type":"ListItem","position":2,"name":"Tienda","item":"https:\/\/www.tosspareparts.com\/es\/tienda\/"},{"@type":"ListItem","position":3,"name":"Bomba de refrigerante PA70M &#8211; 240 V &#8211; 180 mm"}]},{"@type":"WebSite","@id":"https:\/\/www.tosspareparts.com\/#website","url":"https:\/\/www.tosspareparts.com\/","name":"TOS Spare Parts","description":"Spare parts and accessories for metalworking machines","publisher":{"@id":"https:\/\/www.tosspareparts.com\/#organization"},"potentialAction":[{"@type":"SearchAction","target":{"@type":"EntryPoint","urlTemplate":"https:\/\/www.tosspareparts.com\/?s={search_term_string}"},"query-input":{"@type":"PropertyValueSpecification","valueRequired":true,"valueName":"search_term_string"}}],"inLanguage":"es"},{"@type":"Organization","@id":"https:\/\/www.tosspareparts.com\/#organization","name":"JTECHNIK, s.r.o.","url":"https:\/\/www.tosspareparts.com\/","logo":{"@type":"ImageObject","inLanguage":"es","@id":"https:\/\/www.tosspareparts.com\/#\/schema\/logo\/image\/","url":"https:\/\/www.tosspareparts.com\/wp-content\/uploads\/2017\/05\/logo-JT-web.png","contentUrl":"https:\/\/www.tosspareparts.com\/wp-content\/uploads\/2017\/05\/logo-JT-web.png","width":333,"height":115,"caption":"JTECHNIK, s.r.o."},"image":{"@id":"https:\/\/www.tosspareparts.com\/#\/schema\/logo\/image\/"}}]}},"jetpack_sharing_enabled":true,"_links":{"self":[{"href":"https:\/\/www.tosspareparts.com\/es\/wp-json\/wp\/v2\/product\/74626","targetHints":{"allow":["GET"]}}],"collection":[{"href":"https:\/\/www.tosspareparts.com\/es\/wp-json\/wp\/v2\/product"}],"about":[{"href":"https:\/\/www.tosspareparts.com\/es\/wp-json\/wp\/v2\/types\/product"}],"replies":[{"embeddable":true,"href":"https:\/\/www.tosspareparts.com\/es\/wp-json\/wp\/v2\/comments?post=74626"}],"wp:featuredmedia":[{"embeddable":true,"href":"https:\/\/www.tosspareparts.com\/es\/wp-json\/wp\/v2\/media\/30686"}],"wp:attachment":[{"href":"https:\/\/www.tosspareparts.com\/es\/wp-json\/wp\/v2\/media?parent=74626"}],"wp:term":[{"taxonomy":"product_brand","embeddable":true,"href":"https:\/\/www.tosspareparts.com\/es\/wp-json\/wp\/v2\/product_brand?post=74626"},{"taxonomy":"product_cat","embeddable":true,"href":"https:\/\/www.tosspareparts.com\/es\/wp-json\/wp\/v2\/product_cat?post=74626"},{"taxonomy":"product_tag","embeddable":true,"href":"https:\/\/www.tosspareparts.com\/es\/wp-json\/wp\/v2\/product_tag?post=74626"}],"curies":[{"name":"wp","href":"https:\/\/api.w.org\/{rel}","templated":true}]}}