{"id":70264,"date":"2026-02-19T15:55:32","date_gmt":"2026-02-19T14:55:32","guid":{"rendered":"https:\/\/www.tosspareparts.com\/product\/clef-a-canon\/"},"modified":"2026-03-17T16:29:12","modified_gmt":"2026-03-17T15:29:12","slug":"clef-a-canon","status":"publish","type":"product","link":"https:\/\/www.tosspareparts.com\/fr\/product\/clef-a-canon\/","title":{"rendered":"Clef \u00e1 canon"},"content":{"rendered":"","protected":false},"excerpt":{"rendered":"<p>Clef \u00e1 canon pour tourelle carr\u00e9e pour tours.<\/p>\n<p> Tailles disponibles:<br \/>\n M12<br \/>\n M14<br \/>\n M16<\/p>\n","protected":false},"featured_media":69159,"comment_status":"closed","ping_status":"open","template":"","meta":[],"product_brand":[],"product_cat":[5480,5500,5509,5490,5493,5498,5484,5507,5515,5519],"product_tag":[3258],"class_list":{"0":"post-70264","1":"product","2":"type-product","3":"status-publish","4":"has-post-thumbnail","6":"product_cat-piece-detachees-sv18r-ra-rd","7":"product_cat-chariots-704000","8":"product_cat-chariots-sui32","9":"product_cat-piece-detachees-sn40-45-50","10":"product_cat-chariots-804000","11":"product_cat-piece-detachees-sn55-63-71","12":"product_cat-carriage-and-slides-906000","13":"product_cat-piece-detachees-sui32","14":"product_cat-piece-detachees-sui40-50","15":"product_cat-chariots-04","16":"product_tag-jtechnik-fr","17":"pa_diametre-de-la-vis-m12","18":"pa_diametre-de-la-vis-m14","19":"pa_diametre-de-la-vis-m16","20":"pa_screw-diameter-m12","21":"pa_screw-diameter-m14","22":"pa_screw-diameter-m16","24":"first","25":"instock","26":"taxable","27":"shipping-taxable","28":"purchasable","29":"product-type-variable","30":"has-default-attributes"},"yoast_head":"<!-- This site is optimized with the Yoast SEO plugin v26.5 - https:\/\/yoast.com\/wordpress\/plugins\/seo\/ -->\n<title>Clef \u00e1 canon TOS Tren\u010d\u00edn Pi\u00e8ces d\u00e9tach\u00e9es | TOS Spare Parts<\/title>\n<meta name=\"description\" content=\"Clef \u00e1 canon pour tourelle carr\u00e9e pour tours. Pi\u00e8ces de rechange et accessoires pour tours TOS Tren\u010d\u00edn.\" \/>\n<meta name=\"robots\" content=\"index, follow, max-snippet:-1, max-image-preview:large, max-video-preview:-1\" \/>\n<link rel=\"canonical\" href=\"https:\/\/www.tosspareparts.com\/fr\/product\/clef-a-canon\/\" \/>\n<meta property=\"og:locale\" content=\"fr_FR\" \/>\n<meta property=\"og:type\" content=\"article\" \/>\n<meta property=\"og:title\" content=\"Clef \u00e1 canon TOS Tren\u010d\u00edn Pi\u00e8ces d\u00e9tach\u00e9es | TOS Spare Parts\" \/>\n<meta property=\"og:description\" content=\"Clef \u00e1 canon pour tourelle carr\u00e9e pour tours. Pi\u00e8ces de rechange et accessoires pour tours TOS Tren\u010d\u00edn.\" \/>\n<meta property=\"og:url\" content=\"https:\/\/www.tosspareparts.com\/fr\/product\/clef-a-canon\/\" \/>\n<meta property=\"og:site_name\" content=\"TOS Spare Parts\" \/>\n<meta property=\"article:modified_time\" content=\"2026-03-17T15:29:12+00:00\" \/>\n<meta property=\"og:image\" content=\"https:\/\/www.tosspareparts.com\/wp-content\/uploads\/2024\/04\/Socket-spanner.jpg\" \/>\n\t<meta property=\"og:image:width\" content=\"500\" \/>\n\t<meta property=\"og:image:height\" content=\"500\" \/>\n\t<meta property=\"og:image:type\" content=\"image\/jpeg\" \/>\n<meta name=\"twitter:card\" content=\"summary_large_image\" \/>\n<meta name=\"twitter:title\" content=\"Clef \u00e1 canon TOS Tren\u010d\u00edn Pi\u00e8ces d\u00e9tach\u00e9es | TOS Spare Parts\" \/>\n<script type=\"application\/ld+json\" class=\"yoast-schema-graph\">{\"@context\":\"https:\/\/schema.org\",\"@graph\":[{\"@type\":\"WebPage\",\"@id\":\"https:\/\/www.tosspareparts.com\/fr\/product\/clef-a-canon\/\",\"url\":\"https:\/\/www.tosspareparts.com\/fr\/product\/clef-a-canon\/\",\"name\":\"Clef \u00e1 canon TOS Tren\u010d\u00edn Pi\u00e8ces d\u00e9tach\u00e9es | TOS Spare Parts\",\"isPartOf\":{\"@id\":\"https:\/\/www.tosspareparts.com\/#website\"},\"primaryImageOfPage\":{\"@id\":\"https:\/\/www.tosspareparts.com\/fr\/product\/clef-a-canon\/#primaryimage\"},\"image\":{\"@id\":\"https:\/\/www.tosspareparts.com\/fr\/product\/clef-a-canon\/#primaryimage\"},\"thumbnailUrl\":\"https:\/\/www.tosspareparts.com\/wp-content\/uploads\/2024\/04\/Socket-spanner.jpg\",\"datePublished\":\"2026-02-19T14:55:32+00:00\",\"dateModified\":\"2026-03-17T15:29:12+00:00\",\"description\":\"Clef \u00e1 canon pour tourelle carr\u00e9e pour tours. Pi\u00e8ces de rechange et accessoires pour tours TOS Tren\u010d\u00edn.\",\"breadcrumb\":{\"@id\":\"https:\/\/www.tosspareparts.com\/fr\/product\/clef-a-canon\/#breadcrumb\"},\"inLanguage\":\"fr-FR\",\"potentialAction\":[{\"@type\":\"ReadAction\",\"target\":[\"https:\/\/www.tosspareparts.com\/fr\/product\/clef-a-canon\/\"]}]},{\"@type\":\"ImageObject\",\"inLanguage\":\"fr-FR\",\"@id\":\"https:\/\/www.tosspareparts.com\/fr\/product\/clef-a-canon\/#primaryimage\",\"url\":\"https:\/\/www.tosspareparts.com\/wp-content\/uploads\/2024\/04\/Socket-spanner.jpg\",\"contentUrl\":\"https:\/\/www.tosspareparts.com\/wp-content\/uploads\/2024\/04\/Socket-spanner.jpg\",\"width\":500,\"height\":500,\"caption\":\"Clef \u00e1 canon\"},{\"@type\":\"BreadcrumbList\",\"@id\":\"https:\/\/www.tosspareparts.com\/fr\/product\/clef-a-canon\/#breadcrumb\",\"itemListElement\":[{\"@type\":\"ListItem\",\"position\":1,\"name\":\"Home\",\"item\":\"https:\/\/www.tosspareparts.com\/fr\/\"},{\"@type\":\"ListItem\",\"position\":2,\"name\":\"Boutique\",\"item\":\"https:\/\/www.tosspareparts.com\/fr\/boutique\/\"},{\"@type\":\"ListItem\",\"position\":3,\"name\":\"Clef \u00e1 canon\"}]},{\"@type\":\"WebSite\",\"@id\":\"https:\/\/www.tosspareparts.com\/#website\",\"url\":\"https:\/\/www.tosspareparts.com\/\",\"name\":\"TOS Spare Parts\",\"description\":\"Spare parts and accessories for metalworking machines\",\"publisher\":{\"@id\":\"https:\/\/www.tosspareparts.com\/#organization\"},\"potentialAction\":[{\"@type\":\"SearchAction\",\"target\":{\"@type\":\"EntryPoint\",\"urlTemplate\":\"https:\/\/www.tosspareparts.com\/?s={search_term_string}\"},\"query-input\":{\"@type\":\"PropertyValueSpecification\",\"valueRequired\":true,\"valueName\":\"search_term_string\"}}],\"inLanguage\":\"fr-FR\"},{\"@type\":\"Organization\",\"@id\":\"https:\/\/www.tosspareparts.com\/#organization\",\"name\":\"JTECHNIK, s.r.o.\",\"url\":\"https:\/\/www.tosspareparts.com\/\",\"logo\":{\"@type\":\"ImageObject\",\"inLanguage\":\"fr-FR\",\"@id\":\"https:\/\/www.tosspareparts.com\/#\/schema\/logo\/image\/\",\"url\":\"https:\/\/www.tosspareparts.com\/wp-content\/uploads\/2017\/05\/logo-JT-web.png\",\"contentUrl\":\"https:\/\/www.tosspareparts.com\/wp-content\/uploads\/2017\/05\/logo-JT-web.png\",\"width\":333,\"height\":115,\"caption\":\"JTECHNIK, s.r.o.\"},\"image\":{\"@id\":\"https:\/\/www.tosspareparts.com\/#\/schema\/logo\/image\/\"}}]}<\/script>\n<!-- \/ Yoast SEO plugin. -->","yoast_head_json":{"title":"Clef \u00e1 canon TOS Tren\u010d\u00edn Pi\u00e8ces d\u00e9tach\u00e9es | TOS Spare Parts","description":"Clef \u00e1 canon pour tourelle carr\u00e9e pour tours. Pi\u00e8ces de rechange et accessoires pour tours TOS Tren\u010d\u00edn.","robots":{"index":"index","follow":"follow","max-snippet":"max-snippet:-1","max-image-preview":"max-image-preview:large","max-video-preview":"max-video-preview:-1"},"canonical":"https:\/\/www.tosspareparts.com\/fr\/product\/clef-a-canon\/","og_locale":"fr_FR","og_type":"article","og_title":"Clef \u00e1 canon TOS Tren\u010d\u00edn Pi\u00e8ces d\u00e9tach\u00e9es | TOS Spare Parts","og_description":"Clef \u00e1 canon pour tourelle carr\u00e9e pour tours. Pi\u00e8ces de rechange et accessoires pour tours TOS Tren\u010d\u00edn.","og_url":"https:\/\/www.tosspareparts.com\/fr\/product\/clef-a-canon\/","og_site_name":"TOS Spare Parts","article_modified_time":"2026-03-17T15:29:12+00:00","og_image":[{"width":500,"height":500,"url":"https:\/\/www.tosspareparts.com\/wp-content\/uploads\/2024\/04\/Socket-spanner.jpg","type":"image\/jpeg"}],"twitter_card":"summary_large_image","twitter_title":"Clef \u00e1 canon TOS Tren\u010d\u00edn Pi\u00e8ces d\u00e9tach\u00e9es | TOS Spare Parts","schema":{"@context":"https:\/\/schema.org","@graph":[{"@type":"WebPage","@id":"https:\/\/www.tosspareparts.com\/fr\/product\/clef-a-canon\/","url":"https:\/\/www.tosspareparts.com\/fr\/product\/clef-a-canon\/","name":"Clef \u00e1 canon TOS Tren\u010d\u00edn Pi\u00e8ces d\u00e9tach\u00e9es | TOS Spare Parts","isPartOf":{"@id":"https:\/\/www.tosspareparts.com\/#website"},"primaryImageOfPage":{"@id":"https:\/\/www.tosspareparts.com\/fr\/product\/clef-a-canon\/#primaryimage"},"image":{"@id":"https:\/\/www.tosspareparts.com\/fr\/product\/clef-a-canon\/#primaryimage"},"thumbnailUrl":"https:\/\/www.tosspareparts.com\/wp-content\/uploads\/2024\/04\/Socket-spanner.jpg","datePublished":"2026-02-19T14:55:32+00:00","dateModified":"2026-03-17T15:29:12+00:00","description":"Clef \u00e1 canon pour tourelle carr\u00e9e pour tours. Pi\u00e8ces de rechange et accessoires pour tours TOS Tren\u010d\u00edn.","breadcrumb":{"@id":"https:\/\/www.tosspareparts.com\/fr\/product\/clef-a-canon\/#breadcrumb"},"inLanguage":"fr-FR","potentialAction":[{"@type":"ReadAction","target":["https:\/\/www.tosspareparts.com\/fr\/product\/clef-a-canon\/"]}]},{"@type":"ImageObject","inLanguage":"fr-FR","@id":"https:\/\/www.tosspareparts.com\/fr\/product\/clef-a-canon\/#primaryimage","url":"https:\/\/www.tosspareparts.com\/wp-content\/uploads\/2024\/04\/Socket-spanner.jpg","contentUrl":"https:\/\/www.tosspareparts.com\/wp-content\/uploads\/2024\/04\/Socket-spanner.jpg","width":500,"height":500,"caption":"Clef \u00e1 canon"},{"@type":"BreadcrumbList","@id":"https:\/\/www.tosspareparts.com\/fr\/product\/clef-a-canon\/#breadcrumb","itemListElement":[{"@type":"ListItem","position":1,"name":"Home","item":"https:\/\/www.tosspareparts.com\/fr\/"},{"@type":"ListItem","position":2,"name":"Boutique","item":"https:\/\/www.tosspareparts.com\/fr\/boutique\/"},{"@type":"ListItem","position":3,"name":"Clef \u00e1 canon"}]},{"@type":"WebSite","@id":"https:\/\/www.tosspareparts.com\/#website","url":"https:\/\/www.tosspareparts.com\/","name":"TOS Spare Parts","description":"Spare parts and accessories for metalworking machines","publisher":{"@id":"https:\/\/www.tosspareparts.com\/#organization"},"potentialAction":[{"@type":"SearchAction","target":{"@type":"EntryPoint","urlTemplate":"https:\/\/www.tosspareparts.com\/?s={search_term_string}"},"query-input":{"@type":"PropertyValueSpecification","valueRequired":true,"valueName":"search_term_string"}}],"inLanguage":"fr-FR"},{"@type":"Organization","@id":"https:\/\/www.tosspareparts.com\/#organization","name":"JTECHNIK, s.r.o.","url":"https:\/\/www.tosspareparts.com\/","logo":{"@type":"ImageObject","inLanguage":"fr-FR","@id":"https:\/\/www.tosspareparts.com\/#\/schema\/logo\/image\/","url":"https:\/\/www.tosspareparts.com\/wp-content\/uploads\/2017\/05\/logo-JT-web.png","contentUrl":"https:\/\/www.tosspareparts.com\/wp-content\/uploads\/2017\/05\/logo-JT-web.png","width":333,"height":115,"caption":"JTECHNIK, s.r.o."},"image":{"@id":"https:\/\/www.tosspareparts.com\/#\/schema\/logo\/image\/"}}]}},"jetpack_sharing_enabled":true,"_links":{"self":[{"href":"https:\/\/www.tosspareparts.com\/fr\/wp-json\/wp\/v2\/product\/70264","targetHints":{"allow":["GET"]}}],"collection":[{"href":"https:\/\/www.tosspareparts.com\/fr\/wp-json\/wp\/v2\/product"}],"about":[{"href":"https:\/\/www.tosspareparts.com\/fr\/wp-json\/wp\/v2\/types\/product"}],"replies":[{"embeddable":true,"href":"https:\/\/www.tosspareparts.com\/fr\/wp-json\/wp\/v2\/comments?post=70264"}],"wp:featuredmedia":[{"embeddable":true,"href":"https:\/\/www.tosspareparts.com\/fr\/wp-json\/wp\/v2\/media\/69159"}],"wp:attachment":[{"href":"https:\/\/www.tosspareparts.com\/fr\/wp-json\/wp\/v2\/media?parent=70264"}],"wp:term":[{"taxonomy":"product_brand","embeddable":true,"href":"https:\/\/www.tosspareparts.com\/fr\/wp-json\/wp\/v2\/product_brand?post=70264"},{"taxonomy":"product_cat","embeddable":true,"href":"https:\/\/www.tosspareparts.com\/fr\/wp-json\/wp\/v2\/product_cat?post=70264"},{"taxonomy":"product_tag","embeddable":true,"href":"https:\/\/www.tosspareparts.com\/fr\/wp-json\/wp\/v2\/product_tag?post=70264"}],"curies":[{"name":"wp","href":"https:\/\/api.w.org\/{rel}","templated":true}]}}