{"id":70282,"date":"2026-02-19T15:55:52","date_gmt":"2026-02-19T14:55:52","guid":{"rendered":"https:\/\/www.tosspareparts.com\/product\/sv18-lardon-pour-chariot-superieur\/"},"modified":"2026-03-17T16:29:35","modified_gmt":"2026-03-17T15:29:35","slug":"sv18-lardon-pour-chariot-superieur","status":"publish","type":"product","link":"https:\/\/www.tosspareparts.com\/fr\/product\/sv18-lardon-pour-chariot-superieur\/","title":{"rendered":"SV18 lardon pour chariot sup\u00e9rieur"},"content":{"rendered":"","protected":false},"excerpt":{"rendered":"<p>Lardon pour chariot sup\u00e9rieur pour tours SV18R, SV18RA et SV18RD.<\/p>\n<p>Tailles disponibles:<br \/>\n6,5 mm<br \/>\n7 mm<br \/>\n7,5 mm<br \/>\n8 mm<br \/>\n8,5 mm<br \/>\n9 mm <\/p>\n<p>L&rsquo;\u00e9paisseur du lardon doit \u00eatre mesur\u00e9e sur le c\u00f4t\u00e9 fin.<\/p>\n<p>Autres \u00e9paisseurs sur demande.<\/p>\n","protected":false},"featured_media":69189,"comment_status":"closed","ping_status":"open","template":"","meta":[],"product_brand":[],"product_cat":[5480,5484],"product_tag":[3258],"class_list":{"0":"post-70282","1":"product","2":"type-product","3":"status-publish","4":"has-post-thumbnail","6":"product_cat-piece-detachees-sv18r-ra-rd","7":"product_cat-carriage-and-slides-906000","8":"product_tag-jtechnik-fr","9":"pa_epaisseur-65-mm","10":"pa_epaisseur-7-mm","11":"pa_epaisseur-75-mm","12":"pa_epaisseur-8-mm","13":"pa_epaisseur-85-mm","14":"pa_epaisseur-9-mm","15":"pa_thickness-65-mm","16":"pa_thickness-7-mm","17":"pa_thickness-75-mm","18":"pa_thickness-8-mm","19":"pa_thickness-85-mm","20":"pa_thickness-9-mm","22":"first","23":"instock","24":"taxable","25":"shipping-taxable","26":"purchasable","27":"product-type-variable","28":"has-default-attributes"},"yoast_head":"<!-- This site is optimized with the Yoast SEO plugin v26.5 - https:\/\/yoast.com\/wordpress\/plugins\/seo\/ -->\n<title>SV18 lardon pour chariot sup\u00e9rieur Pi\u00e8ces d\u00e9tach\u00e9es SV18R\/RA\/RD | TOS Spare Parts<\/title>\n<meta name=\"description\" content=\"Lardon pour chariot sup\u00e9rieur pour tours SV18R, SV18RA et SV18RD. Pi\u00e8ces de rechange et accessoires pour tours TOS Tren\u010d\u00edn.\" \/>\n<meta name=\"robots\" content=\"index, follow, max-snippet:-1, max-image-preview:large, max-video-preview:-1\" \/>\n<link rel=\"canonical\" href=\"https:\/\/www.tosspareparts.com\/fr\/product\/sv18-lardon-pour-chariot-superieur\/\" \/>\n<meta property=\"og:locale\" content=\"fr_FR\" \/>\n<meta property=\"og:type\" content=\"article\" \/>\n<meta property=\"og:title\" content=\"SV18 lardon pour chariot sup\u00e9rieur Pi\u00e8ces d\u00e9tach\u00e9es SV18R\/RA\/RD | TOS Spare Parts\" \/>\n<meta property=\"og:description\" content=\"Lardon pour chariot sup\u00e9rieur pour tours SV18R, SV18RA et SV18RD. Pi\u00e8ces de rechange et accessoires pour tours TOS Tren\u010d\u00edn.\" \/>\n<meta property=\"og:url\" content=\"https:\/\/www.tosspareparts.com\/fr\/product\/sv18-lardon-pour-chariot-superieur\/\" \/>\n<meta property=\"og:site_name\" content=\"TOS Spare Parts\" \/>\n<meta property=\"article:modified_time\" content=\"2026-03-17T15:29:35+00:00\" \/>\n<meta property=\"og:image\" content=\"https:\/\/www.tosspareparts.com\/wp-content\/uploads\/2024\/04\/SV18-gib-for-tool-slide.jpg\" \/>\n\t<meta property=\"og:image:width\" content=\"500\" \/>\n\t<meta property=\"og:image:height\" content=\"500\" \/>\n\t<meta property=\"og:image:type\" content=\"image\/jpeg\" \/>\n<meta name=\"twitter:card\" content=\"summary_large_image\" \/>\n<meta name=\"twitter:title\" content=\"SV18 lardon pour chariot sup\u00e9rieur Pi\u00e8ces d\u00e9tach\u00e9es SV18R\/RA\/RD | TOS Spare Parts\" \/>\n<script type=\"application\/ld+json\" class=\"yoast-schema-graph\">{\"@context\":\"https:\/\/schema.org\",\"@graph\":[{\"@type\":\"WebPage\",\"@id\":\"https:\/\/www.tosspareparts.com\/fr\/product\/sv18-lardon-pour-chariot-superieur\/\",\"url\":\"https:\/\/www.tosspareparts.com\/fr\/product\/sv18-lardon-pour-chariot-superieur\/\",\"name\":\"SV18 lardon pour chariot sup\u00e9rieur Pi\u00e8ces d\u00e9tach\u00e9es SV18R\/RA\/RD | TOS Spare Parts\",\"isPartOf\":{\"@id\":\"https:\/\/www.tosspareparts.com\/#website\"},\"primaryImageOfPage\":{\"@id\":\"https:\/\/www.tosspareparts.com\/fr\/product\/sv18-lardon-pour-chariot-superieur\/#primaryimage\"},\"image\":{\"@id\":\"https:\/\/www.tosspareparts.com\/fr\/product\/sv18-lardon-pour-chariot-superieur\/#primaryimage\"},\"thumbnailUrl\":\"https:\/\/www.tosspareparts.com\/wp-content\/uploads\/2024\/04\/SV18-gib-for-tool-slide.jpg\",\"datePublished\":\"2026-02-19T14:55:52+00:00\",\"dateModified\":\"2026-03-17T15:29:35+00:00\",\"description\":\"Lardon pour chariot sup\u00e9rieur pour tours SV18R, SV18RA et SV18RD. Pi\u00e8ces de rechange et accessoires pour tours TOS Tren\u010d\u00edn.\",\"breadcrumb\":{\"@id\":\"https:\/\/www.tosspareparts.com\/fr\/product\/sv18-lardon-pour-chariot-superieur\/#breadcrumb\"},\"inLanguage\":\"fr-FR\",\"potentialAction\":[{\"@type\":\"ReadAction\",\"target\":[\"https:\/\/www.tosspareparts.com\/fr\/product\/sv18-lardon-pour-chariot-superieur\/\"]}]},{\"@type\":\"ImageObject\",\"inLanguage\":\"fr-FR\",\"@id\":\"https:\/\/www.tosspareparts.com\/fr\/product\/sv18-lardon-pour-chariot-superieur\/#primaryimage\",\"url\":\"https:\/\/www.tosspareparts.com\/wp-content\/uploads\/2024\/04\/SV18-gib-for-tool-slide.jpg\",\"contentUrl\":\"https:\/\/www.tosspareparts.com\/wp-content\/uploads\/2024\/04\/SV18-gib-for-tool-slide.jpg\",\"width\":500,\"height\":500,\"caption\":\"SV18 lardon pour chariot sup\u00e9rieur\"},{\"@type\":\"BreadcrumbList\",\"@id\":\"https:\/\/www.tosspareparts.com\/fr\/product\/sv18-lardon-pour-chariot-superieur\/#breadcrumb\",\"itemListElement\":[{\"@type\":\"ListItem\",\"position\":1,\"name\":\"Home\",\"item\":\"https:\/\/www.tosspareparts.com\/fr\/\"},{\"@type\":\"ListItem\",\"position\":2,\"name\":\"Boutique\",\"item\":\"https:\/\/www.tosspareparts.com\/fr\/boutique\/\"},{\"@type\":\"ListItem\",\"position\":3,\"name\":\"SV18 lardon pour chariot sup\u00e9rieur\"}]},{\"@type\":\"WebSite\",\"@id\":\"https:\/\/www.tosspareparts.com\/#website\",\"url\":\"https:\/\/www.tosspareparts.com\/\",\"name\":\"TOS Spare Parts\",\"description\":\"Spare parts and accessories for metalworking machines\",\"publisher\":{\"@id\":\"https:\/\/www.tosspareparts.com\/#organization\"},\"potentialAction\":[{\"@type\":\"SearchAction\",\"target\":{\"@type\":\"EntryPoint\",\"urlTemplate\":\"https:\/\/www.tosspareparts.com\/?s={search_term_string}\"},\"query-input\":{\"@type\":\"PropertyValueSpecification\",\"valueRequired\":true,\"valueName\":\"search_term_string\"}}],\"inLanguage\":\"fr-FR\"},{\"@type\":\"Organization\",\"@id\":\"https:\/\/www.tosspareparts.com\/#organization\",\"name\":\"JTECHNIK, s.r.o.\",\"url\":\"https:\/\/www.tosspareparts.com\/\",\"logo\":{\"@type\":\"ImageObject\",\"inLanguage\":\"fr-FR\",\"@id\":\"https:\/\/www.tosspareparts.com\/#\/schema\/logo\/image\/\",\"url\":\"https:\/\/www.tosspareparts.com\/wp-content\/uploads\/2017\/05\/logo-JT-web.png\",\"contentUrl\":\"https:\/\/www.tosspareparts.com\/wp-content\/uploads\/2017\/05\/logo-JT-web.png\",\"width\":333,\"height\":115,\"caption\":\"JTECHNIK, s.r.o.\"},\"image\":{\"@id\":\"https:\/\/www.tosspareparts.com\/#\/schema\/logo\/image\/\"}}]}<\/script>\n<!-- \/ Yoast SEO plugin. -->","yoast_head_json":{"title":"SV18 lardon pour chariot sup\u00e9rieur Pi\u00e8ces d\u00e9tach\u00e9es SV18R\/RA\/RD | TOS Spare Parts","description":"Lardon pour chariot sup\u00e9rieur pour tours SV18R, SV18RA et SV18RD. Pi\u00e8ces de rechange et accessoires pour tours TOS Tren\u010d\u00edn.","robots":{"index":"index","follow":"follow","max-snippet":"max-snippet:-1","max-image-preview":"max-image-preview:large","max-video-preview":"max-video-preview:-1"},"canonical":"https:\/\/www.tosspareparts.com\/fr\/product\/sv18-lardon-pour-chariot-superieur\/","og_locale":"fr_FR","og_type":"article","og_title":"SV18 lardon pour chariot sup\u00e9rieur Pi\u00e8ces d\u00e9tach\u00e9es SV18R\/RA\/RD | TOS Spare Parts","og_description":"Lardon pour chariot sup\u00e9rieur pour tours SV18R, SV18RA et SV18RD. Pi\u00e8ces de rechange et accessoires pour tours TOS Tren\u010d\u00edn.","og_url":"https:\/\/www.tosspareparts.com\/fr\/product\/sv18-lardon-pour-chariot-superieur\/","og_site_name":"TOS Spare Parts","article_modified_time":"2026-03-17T15:29:35+00:00","og_image":[{"width":500,"height":500,"url":"https:\/\/www.tosspareparts.com\/wp-content\/uploads\/2024\/04\/SV18-gib-for-tool-slide.jpg","type":"image\/jpeg"}],"twitter_card":"summary_large_image","twitter_title":"SV18 lardon pour chariot sup\u00e9rieur Pi\u00e8ces d\u00e9tach\u00e9es SV18R\/RA\/RD | TOS Spare Parts","schema":{"@context":"https:\/\/schema.org","@graph":[{"@type":"WebPage","@id":"https:\/\/www.tosspareparts.com\/fr\/product\/sv18-lardon-pour-chariot-superieur\/","url":"https:\/\/www.tosspareparts.com\/fr\/product\/sv18-lardon-pour-chariot-superieur\/","name":"SV18 lardon pour chariot sup\u00e9rieur Pi\u00e8ces d\u00e9tach\u00e9es SV18R\/RA\/RD | TOS Spare Parts","isPartOf":{"@id":"https:\/\/www.tosspareparts.com\/#website"},"primaryImageOfPage":{"@id":"https:\/\/www.tosspareparts.com\/fr\/product\/sv18-lardon-pour-chariot-superieur\/#primaryimage"},"image":{"@id":"https:\/\/www.tosspareparts.com\/fr\/product\/sv18-lardon-pour-chariot-superieur\/#primaryimage"},"thumbnailUrl":"https:\/\/www.tosspareparts.com\/wp-content\/uploads\/2024\/04\/SV18-gib-for-tool-slide.jpg","datePublished":"2026-02-19T14:55:52+00:00","dateModified":"2026-03-17T15:29:35+00:00","description":"Lardon pour chariot sup\u00e9rieur pour tours SV18R, SV18RA et SV18RD. Pi\u00e8ces de rechange et accessoires pour tours TOS Tren\u010d\u00edn.","breadcrumb":{"@id":"https:\/\/www.tosspareparts.com\/fr\/product\/sv18-lardon-pour-chariot-superieur\/#breadcrumb"},"inLanguage":"fr-FR","potentialAction":[{"@type":"ReadAction","target":["https:\/\/www.tosspareparts.com\/fr\/product\/sv18-lardon-pour-chariot-superieur\/"]}]},{"@type":"ImageObject","inLanguage":"fr-FR","@id":"https:\/\/www.tosspareparts.com\/fr\/product\/sv18-lardon-pour-chariot-superieur\/#primaryimage","url":"https:\/\/www.tosspareparts.com\/wp-content\/uploads\/2024\/04\/SV18-gib-for-tool-slide.jpg","contentUrl":"https:\/\/www.tosspareparts.com\/wp-content\/uploads\/2024\/04\/SV18-gib-for-tool-slide.jpg","width":500,"height":500,"caption":"SV18 lardon pour chariot sup\u00e9rieur"},{"@type":"BreadcrumbList","@id":"https:\/\/www.tosspareparts.com\/fr\/product\/sv18-lardon-pour-chariot-superieur\/#breadcrumb","itemListElement":[{"@type":"ListItem","position":1,"name":"Home","item":"https:\/\/www.tosspareparts.com\/fr\/"},{"@type":"ListItem","position":2,"name":"Boutique","item":"https:\/\/www.tosspareparts.com\/fr\/boutique\/"},{"@type":"ListItem","position":3,"name":"SV18 lardon pour chariot sup\u00e9rieur"}]},{"@type":"WebSite","@id":"https:\/\/www.tosspareparts.com\/#website","url":"https:\/\/www.tosspareparts.com\/","name":"TOS Spare Parts","description":"Spare parts and accessories for metalworking machines","publisher":{"@id":"https:\/\/www.tosspareparts.com\/#organization"},"potentialAction":[{"@type":"SearchAction","target":{"@type":"EntryPoint","urlTemplate":"https:\/\/www.tosspareparts.com\/?s={search_term_string}"},"query-input":{"@type":"PropertyValueSpecification","valueRequired":true,"valueName":"search_term_string"}}],"inLanguage":"fr-FR"},{"@type":"Organization","@id":"https:\/\/www.tosspareparts.com\/#organization","name":"JTECHNIK, s.r.o.","url":"https:\/\/www.tosspareparts.com\/","logo":{"@type":"ImageObject","inLanguage":"fr-FR","@id":"https:\/\/www.tosspareparts.com\/#\/schema\/logo\/image\/","url":"https:\/\/www.tosspareparts.com\/wp-content\/uploads\/2017\/05\/logo-JT-web.png","contentUrl":"https:\/\/www.tosspareparts.com\/wp-content\/uploads\/2017\/05\/logo-JT-web.png","width":333,"height":115,"caption":"JTECHNIK, s.r.o."},"image":{"@id":"https:\/\/www.tosspareparts.com\/#\/schema\/logo\/image\/"}}]}},"jetpack_sharing_enabled":true,"_links":{"self":[{"href":"https:\/\/www.tosspareparts.com\/fr\/wp-json\/wp\/v2\/product\/70282","targetHints":{"allow":["GET"]}}],"collection":[{"href":"https:\/\/www.tosspareparts.com\/fr\/wp-json\/wp\/v2\/product"}],"about":[{"href":"https:\/\/www.tosspareparts.com\/fr\/wp-json\/wp\/v2\/types\/product"}],"replies":[{"embeddable":true,"href":"https:\/\/www.tosspareparts.com\/fr\/wp-json\/wp\/v2\/comments?post=70282"}],"wp:featuredmedia":[{"embeddable":true,"href":"https:\/\/www.tosspareparts.com\/fr\/wp-json\/wp\/v2\/media\/69189"}],"wp:attachment":[{"href":"https:\/\/www.tosspareparts.com\/fr\/wp-json\/wp\/v2\/media?parent=70282"}],"wp:term":[{"taxonomy":"product_brand","embeddable":true,"href":"https:\/\/www.tosspareparts.com\/fr\/wp-json\/wp\/v2\/product_brand?post=70282"},{"taxonomy":"product_cat","embeddable":true,"href":"https:\/\/www.tosspareparts.com\/fr\/wp-json\/wp\/v2\/product_cat?post=70282"},{"taxonomy":"product_tag","embeddable":true,"href":"https:\/\/www.tosspareparts.com\/fr\/wp-json\/wp\/v2\/product_tag?post=70282"}],"curies":[{"name":"wp","href":"https:\/\/api.w.org\/{rel}","templated":true}]}}