{"id":70299,"date":"2026-02-19T15:56:11","date_gmt":"2026-02-19T14:56:11","guid":{"rendered":"https:\/\/www.tosspareparts.com\/product\/cle-de-serrage-lud\/"},"modified":"2026-03-17T16:29:56","modified_gmt":"2026-03-17T15:29:56","slug":"cle-de-serrage-lud","status":"publish","type":"product","link":"https:\/\/www.tosspareparts.com\/fr\/product\/cle-de-serrage-lud\/","title":{"rendered":"Cl\u00e9 de serrage LUD"},"content":{"rendered":"<p><img loading=\"lazy\" decoding=\"async\" class=\"aligncenter size-full wp-image-7205\" src=\"https:\/\/www.tosspareparts.com\/wp-content\/uploads\/2024\/01\/243870-tech.jpg\" alt=\"LUD key\" width=\"576\" height=\"426\" \/><\/p>\n<\/p>\n<div class=\"table-2\">\n<table width=\"100%\">\n<thead>\n<tr>\n<th align=\"left\">\u2300<\/th>\n<th align=\"left\">kg<\/th>\n<th align=\"left\">E<\/th>\n<th align=\"left\">F<\/th>\n<th align=\"left\">G<\/th>\n<\/tr>\n<\/thead>\n<tbody>\n<tr>\n<td align=\"left\">85<\/td>\n<td align=\"left\">0,11<\/td>\n<td align=\"left\">105<\/td>\n<td align=\"left\">65<\/td>\n<td align=\"left\">6<\/td>\n<\/tr>\n<tr>\n<td align=\"left\">100<\/td>\n<td align=\"left\">0,18<\/td>\n<td align=\"left\">105<\/td>\n<td align=\"left\">65<\/td>\n<td align=\"left\">6<\/td>\n<\/tr>\n<tr>\n<td align=\"left\">125<\/td>\n<td align=\"left\">0,18<\/td>\n<td align=\"left\">170<\/td>\n<td align=\"left\">95<\/td>\n<td align=\"left\">8<\/td>\n<\/tr>\n<tr>\n<td align=\"left\">160<\/td>\n<td align=\"left\">0,32<\/td>\n<td align=\"left\">150<\/td>\n<td align=\"left\">130<\/td>\n<td align=\"left\">8<\/td>\n<\/tr>\n<tr>\n<td align=\"left\">200<\/td>\n<td align=\"left\">0,75<\/td>\n<td align=\"left\">250<\/td>\n<td align=\"left\">160<\/td>\n<td align=\"left\">12<\/td>\n<\/tr>\n<tr>\n<td align=\"left\">250<\/td>\n<td align=\"left\">0,96<\/td>\n<td align=\"left\">250<\/td>\n<td align=\"left\">165<\/td>\n<td align=\"left\">12<\/td>\n<\/tr>\n<tr>\n<td align=\"left\">315<\/td>\n<td align=\"left\">1,39<\/td>\n<td align=\"left\">300<\/td>\n<td align=\"left\">180<\/td>\n<td align=\"left\">14<\/td>\n<\/tr>\n<tr>\n<td align=\"left\">350<\/td>\n<td align=\"left\">2,03<\/td>\n<td align=\"left\">300<\/td>\n<td align=\"left\">180<\/td>\n<td align=\"left\">14<\/td>\n<\/tr>\n<tr>\n<td align=\"left\">400<\/td>\n<td align=\"left\">2,03<\/td>\n<td align=\"left\">300<\/td>\n<td align=\"left\">180<\/td>\n<td align=\"left\">14<\/td>\n<\/tr>\n<\/tbody>\n<\/table>\n<\/div>\n<p>\n<h2>T\u00e9l\u00e9charger<\/h2>\n<p><a href=\"https:\/\/www.tosspareparts.com\/wp-content\/uploads\/2024\/01\/TOS-keys.pdf\" target=\"_blank\" rel=\"noopener\">Fiche de donn\u00e9es<\/a><\/p>\n","protected":false},"excerpt":{"rendered":"<p>Cl\u00e9 de serrage 243870 pour mandrins LUD.<\/p>\n","protected":false},"featured_media":69200,"comment_status":"closed","ping_status":"open","template":"","meta":[],"product_brand":[],"product_cat":[5550,5549],"product_tag":[3254],"class_list":{"0":"post-70299","1":"product","2":"type-product","3":"status-publish","4":"has-post-thumbnail","6":"product_cat-cle-de-serrage","7":"product_cat-pieces-detaches-mandrins","8":"product_tag-tos-svitany-fr","9":"pa_diameter--100-mm","10":"pa_diameter--125-mm","11":"pa_diameter--160-mm","12":"pa_diameter--200-mm","13":"pa_diameter--250-mm","14":"pa_diameter--315-mm","15":"pa_diameter--400-mm","16":"pa_diameter--500-mm","17":"pa_diameter--80-mm","18":"pa_diametre--100-mm","19":"pa_diametre--125-mm","20":"pa_diametre--160-mm","21":"pa_diametre--200-mm","22":"pa_diametre--250-mm","23":"pa_diametre--315-mm","24":"pa_diametre--400-mm","25":"pa_diametre--500-mm","26":"pa_diametre--80-mm","28":"first","29":"instock","30":"taxable","31":"shipping-taxable","32":"purchasable","33":"product-type-variable","34":"has-default-attributes"},"yoast_head":"<!-- This site is optimized with the Yoast SEO plugin v26.5 - https:\/\/yoast.com\/wordpress\/plugins\/seo\/ -->\n<title>Cl\u00e9 de serrage LUD TOS Svitavy | TOS Spare Parts<\/title>\n<meta name=\"description\" content=\"Cl\u00e9 de serrage 243870 TOS Svitavy de mandrins pour machines-outils. Pi\u00e8ces de rechange et accessoires pour machines-outils.\" \/>\n<meta name=\"robots\" content=\"index, follow, max-snippet:-1, max-image-preview:large, max-video-preview:-1\" \/>\n<link rel=\"canonical\" href=\"https:\/\/www.tosspareparts.com\/fr\/product\/cle-de-serrage-lud\/\" \/>\n<meta property=\"og:locale\" content=\"fr_FR\" \/>\n<meta property=\"og:type\" content=\"article\" \/>\n<meta property=\"og:title\" content=\"Cl\u00e9 de serrage LUD TOS Svitavy | TOS Spare Parts\" \/>\n<meta property=\"og:description\" content=\"Cl\u00e9 de serrage 243870 TOS Svitavy de mandrins pour machines-outils. Pi\u00e8ces de rechange et accessoires pour machines-outils.\" \/>\n<meta property=\"og:url\" content=\"https:\/\/www.tosspareparts.com\/fr\/product\/cle-de-serrage-lud\/\" \/>\n<meta property=\"og:site_name\" content=\"TOS Spare Parts\" \/>\n<meta property=\"article:modified_time\" content=\"2026-03-17T15:29:56+00:00\" \/>\n<meta property=\"og:image\" content=\"https:\/\/www.tosspareparts.com\/wp-content\/uploads\/2024\/04\/Key-with-spring.jpg\" \/>\n\t<meta property=\"og:image:width\" content=\"500\" \/>\n\t<meta property=\"og:image:height\" content=\"500\" \/>\n\t<meta property=\"og:image:type\" content=\"image\/jpeg\" \/>\n<meta name=\"twitter:card\" content=\"summary_large_image\" \/>\n<meta name=\"twitter:title\" content=\"Cl\u00e9 de serrage LUD TOS Svitavy | TOS Spare Parts\" \/>\n<script type=\"application\/ld+json\" class=\"yoast-schema-graph\">{\"@context\":\"https:\/\/schema.org\",\"@graph\":[{\"@type\":\"WebPage\",\"@id\":\"https:\/\/www.tosspareparts.com\/fr\/product\/cle-de-serrage-lud\/\",\"url\":\"https:\/\/www.tosspareparts.com\/fr\/product\/cle-de-serrage-lud\/\",\"name\":\"Cl\u00e9 de serrage LUD TOS Svitavy | TOS Spare Parts\",\"isPartOf\":{\"@id\":\"https:\/\/www.tosspareparts.com\/#website\"},\"primaryImageOfPage\":{\"@id\":\"https:\/\/www.tosspareparts.com\/fr\/product\/cle-de-serrage-lud\/#primaryimage\"},\"image\":{\"@id\":\"https:\/\/www.tosspareparts.com\/fr\/product\/cle-de-serrage-lud\/#primaryimage\"},\"thumbnailUrl\":\"https:\/\/www.tosspareparts.com\/wp-content\/uploads\/2024\/04\/Key-with-spring.jpg\",\"datePublished\":\"2026-02-19T14:56:11+00:00\",\"dateModified\":\"2026-03-17T15:29:56+00:00\",\"description\":\"Cl\u00e9 de serrage 243870 TOS Svitavy de mandrins pour machines-outils. Pi\u00e8ces de rechange et accessoires pour machines-outils.\",\"breadcrumb\":{\"@id\":\"https:\/\/www.tosspareparts.com\/fr\/product\/cle-de-serrage-lud\/#breadcrumb\"},\"inLanguage\":\"fr-FR\",\"potentialAction\":[{\"@type\":\"ReadAction\",\"target\":[\"https:\/\/www.tosspareparts.com\/fr\/product\/cle-de-serrage-lud\/\"]}]},{\"@type\":\"ImageObject\",\"inLanguage\":\"fr-FR\",\"@id\":\"https:\/\/www.tosspareparts.com\/fr\/product\/cle-de-serrage-lud\/#primaryimage\",\"url\":\"https:\/\/www.tosspareparts.com\/wp-content\/uploads\/2024\/04\/Key-with-spring.jpg\",\"contentUrl\":\"https:\/\/www.tosspareparts.com\/wp-content\/uploads\/2024\/04\/Key-with-spring.jpg\",\"width\":500,\"height\":500,\"caption\":\"Cl\u00e9 de serrage 243870 TOS Svitavy\"},{\"@type\":\"BreadcrumbList\",\"@id\":\"https:\/\/www.tosspareparts.com\/fr\/product\/cle-de-serrage-lud\/#breadcrumb\",\"itemListElement\":[{\"@type\":\"ListItem\",\"position\":1,\"name\":\"Home\",\"item\":\"https:\/\/www.tosspareparts.com\/fr\/\"},{\"@type\":\"ListItem\",\"position\":2,\"name\":\"Boutique\",\"item\":\"https:\/\/www.tosspareparts.com\/fr\/boutique\/\"},{\"@type\":\"ListItem\",\"position\":3,\"name\":\"Cl\u00e9 de serrage LUD\"}]},{\"@type\":\"WebSite\",\"@id\":\"https:\/\/www.tosspareparts.com\/#website\",\"url\":\"https:\/\/www.tosspareparts.com\/\",\"name\":\"TOS Spare Parts\",\"description\":\"Spare parts and accessories for metalworking machines\",\"publisher\":{\"@id\":\"https:\/\/www.tosspareparts.com\/#organization\"},\"potentialAction\":[{\"@type\":\"SearchAction\",\"target\":{\"@type\":\"EntryPoint\",\"urlTemplate\":\"https:\/\/www.tosspareparts.com\/?s={search_term_string}\"},\"query-input\":{\"@type\":\"PropertyValueSpecification\",\"valueRequired\":true,\"valueName\":\"search_term_string\"}}],\"inLanguage\":\"fr-FR\"},{\"@type\":\"Organization\",\"@id\":\"https:\/\/www.tosspareparts.com\/#organization\",\"name\":\"JTECHNIK, s.r.o.\",\"url\":\"https:\/\/www.tosspareparts.com\/\",\"logo\":{\"@type\":\"ImageObject\",\"inLanguage\":\"fr-FR\",\"@id\":\"https:\/\/www.tosspareparts.com\/#\/schema\/logo\/image\/\",\"url\":\"https:\/\/www.tosspareparts.com\/wp-content\/uploads\/2017\/05\/logo-JT-web.png\",\"contentUrl\":\"https:\/\/www.tosspareparts.com\/wp-content\/uploads\/2017\/05\/logo-JT-web.png\",\"width\":333,\"height\":115,\"caption\":\"JTECHNIK, s.r.o.\"},\"image\":{\"@id\":\"https:\/\/www.tosspareparts.com\/#\/schema\/logo\/image\/\"}}]}<\/script>\n<!-- \/ Yoast SEO plugin. -->","yoast_head_json":{"title":"Cl\u00e9 de serrage LUD TOS Svitavy | TOS Spare Parts","description":"Cl\u00e9 de serrage 243870 TOS Svitavy de mandrins pour machines-outils. Pi\u00e8ces de rechange et accessoires pour machines-outils.","robots":{"index":"index","follow":"follow","max-snippet":"max-snippet:-1","max-image-preview":"max-image-preview:large","max-video-preview":"max-video-preview:-1"},"canonical":"https:\/\/www.tosspareparts.com\/fr\/product\/cle-de-serrage-lud\/","og_locale":"fr_FR","og_type":"article","og_title":"Cl\u00e9 de serrage LUD TOS Svitavy | TOS Spare Parts","og_description":"Cl\u00e9 de serrage 243870 TOS Svitavy de mandrins pour machines-outils. Pi\u00e8ces de rechange et accessoires pour machines-outils.","og_url":"https:\/\/www.tosspareparts.com\/fr\/product\/cle-de-serrage-lud\/","og_site_name":"TOS Spare Parts","article_modified_time":"2026-03-17T15:29:56+00:00","og_image":[{"width":500,"height":500,"url":"https:\/\/www.tosspareparts.com\/wp-content\/uploads\/2024\/04\/Key-with-spring.jpg","type":"image\/jpeg"}],"twitter_card":"summary_large_image","twitter_title":"Cl\u00e9 de serrage LUD TOS Svitavy | TOS Spare Parts","schema":{"@context":"https:\/\/schema.org","@graph":[{"@type":"WebPage","@id":"https:\/\/www.tosspareparts.com\/fr\/product\/cle-de-serrage-lud\/","url":"https:\/\/www.tosspareparts.com\/fr\/product\/cle-de-serrage-lud\/","name":"Cl\u00e9 de serrage LUD TOS Svitavy | TOS Spare Parts","isPartOf":{"@id":"https:\/\/www.tosspareparts.com\/#website"},"primaryImageOfPage":{"@id":"https:\/\/www.tosspareparts.com\/fr\/product\/cle-de-serrage-lud\/#primaryimage"},"image":{"@id":"https:\/\/www.tosspareparts.com\/fr\/product\/cle-de-serrage-lud\/#primaryimage"},"thumbnailUrl":"https:\/\/www.tosspareparts.com\/wp-content\/uploads\/2024\/04\/Key-with-spring.jpg","datePublished":"2026-02-19T14:56:11+00:00","dateModified":"2026-03-17T15:29:56+00:00","description":"Cl\u00e9 de serrage 243870 TOS Svitavy de mandrins pour machines-outils. Pi\u00e8ces de rechange et accessoires pour machines-outils.","breadcrumb":{"@id":"https:\/\/www.tosspareparts.com\/fr\/product\/cle-de-serrage-lud\/#breadcrumb"},"inLanguage":"fr-FR","potentialAction":[{"@type":"ReadAction","target":["https:\/\/www.tosspareparts.com\/fr\/product\/cle-de-serrage-lud\/"]}]},{"@type":"ImageObject","inLanguage":"fr-FR","@id":"https:\/\/www.tosspareparts.com\/fr\/product\/cle-de-serrage-lud\/#primaryimage","url":"https:\/\/www.tosspareparts.com\/wp-content\/uploads\/2024\/04\/Key-with-spring.jpg","contentUrl":"https:\/\/www.tosspareparts.com\/wp-content\/uploads\/2024\/04\/Key-with-spring.jpg","width":500,"height":500,"caption":"Cl\u00e9 de serrage 243870 TOS Svitavy"},{"@type":"BreadcrumbList","@id":"https:\/\/www.tosspareparts.com\/fr\/product\/cle-de-serrage-lud\/#breadcrumb","itemListElement":[{"@type":"ListItem","position":1,"name":"Home","item":"https:\/\/www.tosspareparts.com\/fr\/"},{"@type":"ListItem","position":2,"name":"Boutique","item":"https:\/\/www.tosspareparts.com\/fr\/boutique\/"},{"@type":"ListItem","position":3,"name":"Cl\u00e9 de serrage LUD"}]},{"@type":"WebSite","@id":"https:\/\/www.tosspareparts.com\/#website","url":"https:\/\/www.tosspareparts.com\/","name":"TOS Spare Parts","description":"Spare parts and accessories for metalworking machines","publisher":{"@id":"https:\/\/www.tosspareparts.com\/#organization"},"potentialAction":[{"@type":"SearchAction","target":{"@type":"EntryPoint","urlTemplate":"https:\/\/www.tosspareparts.com\/?s={search_term_string}"},"query-input":{"@type":"PropertyValueSpecification","valueRequired":true,"valueName":"search_term_string"}}],"inLanguage":"fr-FR"},{"@type":"Organization","@id":"https:\/\/www.tosspareparts.com\/#organization","name":"JTECHNIK, s.r.o.","url":"https:\/\/www.tosspareparts.com\/","logo":{"@type":"ImageObject","inLanguage":"fr-FR","@id":"https:\/\/www.tosspareparts.com\/#\/schema\/logo\/image\/","url":"https:\/\/www.tosspareparts.com\/wp-content\/uploads\/2017\/05\/logo-JT-web.png","contentUrl":"https:\/\/www.tosspareparts.com\/wp-content\/uploads\/2017\/05\/logo-JT-web.png","width":333,"height":115,"caption":"JTECHNIK, s.r.o."},"image":{"@id":"https:\/\/www.tosspareparts.com\/#\/schema\/logo\/image\/"}}]}},"jetpack_sharing_enabled":true,"_links":{"self":[{"href":"https:\/\/www.tosspareparts.com\/fr\/wp-json\/wp\/v2\/product\/70299","targetHints":{"allow":["GET"]}}],"collection":[{"href":"https:\/\/www.tosspareparts.com\/fr\/wp-json\/wp\/v2\/product"}],"about":[{"href":"https:\/\/www.tosspareparts.com\/fr\/wp-json\/wp\/v2\/types\/product"}],"replies":[{"embeddable":true,"href":"https:\/\/www.tosspareparts.com\/fr\/wp-json\/wp\/v2\/comments?post=70299"}],"wp:featuredmedia":[{"embeddable":true,"href":"https:\/\/www.tosspareparts.com\/fr\/wp-json\/wp\/v2\/media\/69200"}],"wp:attachment":[{"href":"https:\/\/www.tosspareparts.com\/fr\/wp-json\/wp\/v2\/media?parent=70299"}],"wp:term":[{"taxonomy":"product_brand","embeddable":true,"href":"https:\/\/www.tosspareparts.com\/fr\/wp-json\/wp\/v2\/product_brand?post=70299"},{"taxonomy":"product_cat","embeddable":true,"href":"https:\/\/www.tosspareparts.com\/fr\/wp-json\/wp\/v2\/product_cat?post=70299"},{"taxonomy":"product_tag","embeddable":true,"href":"https:\/\/www.tosspareparts.com\/fr\/wp-json\/wp\/v2\/product_tag?post=70299"}],"curies":[{"name":"wp","href":"https:\/\/api.w.org\/{rel}","templated":true}]}}