{"id":70363,"date":"2026-03-26T13:45:22","date_gmt":"2026-03-26T12:45:22","guid":{"rendered":"https:\/\/www.tosspareparts.com\/product\/mandrins-ius-3-machoires-superior\/"},"modified":"2026-03-17T16:31:39","modified_gmt":"2026-03-17T15:31:39","slug":"mandrins-ius-3-machoires-superior","status":"publish","type":"product","link":"https:\/\/www.tosspareparts.com\/fr\/product\/mandrins-ius-3-machoires-superior\/","title":{"rendered":"Mandrins IUS &#8211; 3 m\u00e2choires &#8211; SUPERIOR"},"content":{"rendered":"<h2>Mandrin IUS \u00e0 3 m\u00e2choires- SUPERIOR<\/h2>\n<table class=\"tg\">\n<tbody>\n<tr>\n<th class=\"tg-031e\">\u00a0<img loading=\"lazy\" decoding=\"async\" class=\"alignnone size-full wp-image-491\" src=\"http:\/\/sklucovadlo.sk\/wp-content\/uploads\/2017\/03\/IUS1tech.jpg\" alt=\"\" width=\"550\" height=\"649\" srcset=\"https:\/\/www.tosspareparts.com\/wp-content\/uploads\/2017\/03\/IUS1tech-200x236.jpg 200w, https:\/\/www.tosspareparts.com\/wp-content\/uploads\/2017\/03\/IUS1tech-254x300.jpg 254w, https:\/\/www.tosspareparts.com\/wp-content\/uploads\/2017\/03\/IUS1tech-300x354.jpg 300w, https:\/\/www.tosspareparts.com\/wp-content\/uploads\/2017\/03\/IUS1tech-400x472.jpg 400w, https:\/\/www.tosspareparts.com\/wp-content\/uploads\/2017\/03\/IUS1tech.jpg 550w\" sizes=\"auto, (max-width: 550px) 100vw, 550px\" \/><\/th>\n<th class=\"tg-031e\"><img loading=\"lazy\" decoding=\"async\" class=\"alignnone size-full wp-image-492\" src=\"http:\/\/sklucovadlo.sk\/wp-content\/uploads\/2017\/03\/IUS2tech.jpg\" alt=\"\" width=\"590\" height=\"887\" srcset=\"https:\/\/www.tosspareparts.com\/wp-content\/uploads\/2017\/03\/IUS2tech-200x301.jpg 200w, https:\/\/www.tosspareparts.com\/wp-content\/uploads\/2017\/03\/IUS2tech-300x451.jpg 300w, https:\/\/www.tosspareparts.com\/wp-content\/uploads\/2017\/03\/IUS2tech-400x601.jpg 400w, https:\/\/www.tosspareparts.com\/wp-content\/uploads\/2017\/03\/IUS2tech.jpg 590w\" sizes=\"auto, (max-width: 590px) 100vw, 590px\" \/><\/th>\n<\/tr>\n<\/tbody>\n<\/table>\n<div><\/div>\n<div class=\"table-2\" style=\"text-align: left;\">\n<table width=\"100%\">\n<thead>\n<tr>\n<th>\u00d8<\/th>\n<th>E H6<\/th>\n<th>F\u00b10,2<\/th>\n<th>G<\/th>\n<th>H<\/th>\n<th>J<\/th>\n<th>K<\/th>\n<th>O<\/th>\n<th>S<\/th>\n<th style=\"text-align: left;\">T<\/th>\n<th style=\"text-align: left;\">R<\/th>\n<\/tr>\n<\/thead>\n<tbody>\n<tr>\n<td>80<\/td>\n<td>63<\/td>\n<td>70<\/td>\n<td>3xM5<\/td>\n<td>35,5<\/td>\n<td>13<\/td>\n<td>6<\/td>\n<td>16,5<\/td>\n<td>3<\/td>\n<td>45<\/td>\n<td>17<\/td>\n<\/tr>\n<tr>\n<td>100<\/td>\n<td>80<\/td>\n<td>900<\/td>\n<td>3xM6<\/td>\n<td>41,5<\/td>\n<td>17<\/td>\n<td>8<\/td>\n<td>18<\/td>\n<td>3<\/td>\n<td>52<\/td>\n<td>23<\/td>\n<\/tr>\n<tr>\n<td>125<\/td>\n<td>100<\/td>\n<td>110<\/td>\n<td>3xM8<\/td>\n<td>51,5<\/td>\n<td>19<\/td>\n<td>8<\/td>\n<td>22<\/td>\n<td>4<\/td>\n<td>58<\/td>\n<td>28<\/td>\n<\/tr>\n<tr>\n<td>160<\/td>\n<td>130<\/td>\n<td>143<\/td>\n<td>3xM8<\/td>\n<td>66<\/td>\n<td>23<\/td>\n<td>9<\/td>\n<td>22<\/td>\n<td>4<\/td>\n<td>62<\/td>\n<td>48<\/td>\n<\/tr>\n<tr>\n<td>200<\/td>\n<td>162<\/td>\n<td>180<\/td>\n<td>3xM10<\/td>\n<td>74<\/td>\n<td>29<\/td>\n<td>11<\/td>\n<td>27,5<\/td>\n<td>5<\/td>\n<td>76<\/td>\n<td>52<\/td>\n<\/tr>\n<tr>\n<td>250<\/td>\n<td>210<\/td>\n<td>226<\/td>\n<td>3xM10<\/td>\n<td>97,5<\/td>\n<td>33<\/td>\n<td>12<\/td>\n<td>29,5<\/td>\n<td>5<\/td>\n<td>82<\/td>\n<td>78<\/td>\n<\/tr>\n<tr>\n<td>315<\/td>\n<td>265<\/td>\n<td>290<\/td>\n<td>3xM12<\/td>\n<td>123<\/td>\n<td>40<\/td>\n<td>14<\/td>\n<td>35<\/td>\n<td>6<\/td>\n<td>100<\/td>\n<td>108<\/td>\n<\/tr>\n<tr>\n<td>400<\/td>\n<td>350<\/td>\n<td>375<\/td>\n<td>3xM12<\/td>\n<td>152,5<\/td>\n<td>50<\/td>\n<td>17<\/td>\n<td>39<\/td>\n<td>7<\/td>\n<td>110<\/td>\n<td>144<\/td>\n<\/tr>\n<\/tbody>\n<\/table>\n<\/div>\n<h2><\/h2>\n<h2>Informations techniques<\/h2>\n<p>pour mandrins \u00e0 3 et 4 m\u00e2choires IUS, IUZ, IUT, IUG, IUGO, IUH, IUHO, IUGG, IUGS, IUHG, IUHS<\/p>\n<p><img loading=\"lazy\" decoding=\"async\" class=\"size-large wp-image-4666 aligncenter\" src=\"https:\/\/www.tosspareparts.com\/wp-content\/uploads\/2024\/01\/technical-info-IUS-IUZ-IUT-IUG-IUH-IUHO-IUGG-IUGS-IUHG-IUHS-1024x380-1.png\" alt=\"\" width=\"1024\" height=\"380\" \/><\/p>\n<\/p>\n<div class=\"table-2\">\n<table width=\"100%\">\n<thead>\n<tr>\n<th>\u2300<\/th>\n<th>E<\/th>\n<th>F<\/th>\n<th>G<\/th>\n<th>H<\/th>\n<th>J<\/th>\n<th>K<\/th>\n<th>L<\/th>\n<th>N<\/th>\n<th>O<\/th>\n<th>P<\/th>\n<th>R<\/th>\n<th>S max.<\/th>\n<th>T max.<\/th>\n<\/tr>\n<\/thead>\n<tbody>\n<tr>\n<td>80<\/td>\n<td>3-27<\/td>\n<td>&#8211;<\/td>\n<td>23-48<\/td>\n<td>48-73<\/td>\n<td>&#8211;<\/td>\n<td>&#8211;<\/td>\n<td>3-27<\/td>\n<td>27-51<\/td>\n<td>53-76<\/td>\n<td>&#8211;<\/td>\n<td>&#8211;<\/td>\n<td>98<\/td>\n<td>&#8211;<\/td>\n<\/tr>\n<tr>\n<td>100<\/td>\n<td>3-39<\/td>\n<td>3-45<\/td>\n<td>24-60<\/td>\n<td>58-94<\/td>\n<td>25-67<\/td>\n<td>60-102<\/td>\n<td>3-39<\/td>\n<td>30-66<\/td>\n<td>64-100<\/td>\n<td>42-72<\/td>\n<td>77-107<\/td>\n<td>122<\/td>\n<td>130<\/td>\n<\/tr>\n<tr>\n<td>125<\/td>\n<td>3-49<\/td>\n<td>3-45<\/td>\n<td>30-75<\/td>\n<td>70-116<\/td>\n<td>28-74<\/td>\n<td>69-115<\/td>\n<td>3-49<\/td>\n<td>38-84<\/td>\n<td>83-125<\/td>\n<td>50-95<\/td>\n<td>90-136<\/td>\n<td>152<\/td>\n<td>163<\/td>\n<\/tr>\n<tr>\n<td>160<\/td>\n<td>3-76<\/td>\n<td>3-76<\/td>\n<td>46-119<\/td>\n<td>87-160<\/td>\n<td>35-108<\/td>\n<td>91-166<\/td>\n<td>3-76<\/td>\n<td>50-123<\/td>\n<td>91-164<\/td>\n<td>51-128<\/td>\n<td>109-185<\/td>\n<td>208<\/td>\n<td>218<\/td>\n<\/tr>\n<tr>\n<td>200<\/td>\n<td>5-88<\/td>\n<td>5-83<\/td>\n<td>56-140<\/td>\n<td>116-200<\/td>\n<td>46-125<\/td>\n<td>105-185<\/td>\n<td>5-88<\/td>\n<td>57-140<\/td>\n<td>117-200<\/td>\n<td>69-148<\/td>\n<td>127-207<\/td>\n<td>246<\/td>\n<td>254<\/td>\n<\/tr>\n<tr>\n<td>250<\/td>\n<td>5-107<\/td>\n<td>5-125<\/td>\n<td>68-162<\/td>\n<td>156-250<\/td>\n<td>60-183<\/td>\n<td>124-247<\/td>\n<td>5-107<\/td>\n<td>66-168<\/td>\n<td>154-256<\/td>\n<td>83-206<\/td>\n<td>147-270<\/td>\n<td>314<\/td>\n<td>328<\/td>\n<\/tr>\n<tr>\n<td>315<\/td>\n<td>8-136<\/td>\n<td>8-131<\/td>\n<td>74-201<\/td>\n<td>188-315<\/td>\n<td>65-193<\/td>\n<td>145-273<\/td>\n<td>8-131<\/td>\n<td>79-207<\/td>\n<td>193-321<\/td>\n<td>99-225<\/td>\n<td>174-305<\/td>\n<td>392<\/td>\n<td>382<\/td>\n<\/tr>\n<tr>\n<td>400<\/td>\n<td>10-187<\/td>\n<td>10-187<\/td>\n<td>90-268<\/td>\n<td>223-400<\/td>\n<td>105-282<\/td>\n<td>173-350<\/td>\n<td>10-187<\/td>\n<td>92-274<\/td>\n<td>224-406<\/td>\n<td>118-290<\/td>\n<td>189-358<\/td>\n<td>498<\/td>\n<td>454<\/td>\n<\/tr>\n<tr>\n<td>500<\/td>\n<td>25-250<\/td>\n<td>25-250<\/td>\n<td>135-360<\/td>\n<td>275-500<\/td>\n<td>135-11<\/td>\n<td>201-477<\/td>\n<td>25-250<\/td>\n<td>135-3650<\/td>\n<td>275-500<\/td>\n<td>125-447<\/td>\n<td>191-512<\/td>\n<td>626<\/td>\n<td>579<\/td>\n<\/tr>\n<\/tbody>\n<\/table>\n<\/div>\n<p>\n<h2>T\u00e9l\u00e9charger<\/h2>\n<p><a href=\"https:\/\/www.tosspareparts.com\/wp-content\/uploads\/2024\/01\/TOS-IUS.pdf\" target=\"_blank\" rel=\"noopener noreferrer\">Fiche de donn\u00e9es<\/a><\/p>\n<p><a href=\"https:\/\/www.tosspareparts.com\/wp-content\/uploads\/2024\/01\/TOS-chuck-technical-data.pdf\" target=\"_blank\" rel=\"noopener noreferrer\">Informations techniques<\/a><\/p>\n<p><a href=\"https:\/\/www.tosspareparts.com\/wp-content\/uploads\/2024\/01\/TOS-Svitavy-accuracy.pdf\" target=\"_blank\" rel=\"noopener\">Pr\u00e9cision g\u00e9om\u00e9trique<\/a><\/p>\n<\/div>\n","protected":false},"excerpt":{"rendered":"<p>Mandrin universel \u00e1 centrage automatique IUS\/3-1-M1 SUPERIOR<\/p>\n<p>Mandrins de tour \u00e0 3 m\u00e2choires \u00e0 serrage concentrique. Dimensions et fixation par l&rsquo;avant selon DIN 6350.<\/p>\n<p>Contient:<br \/>\n\u2022 M\u00e1choire dure int\u00e9rieure SCN<br \/>\n\u2022 M\u00e1choire dure ext\u00e9rieure SCV<br \/>\n\u2022 Cl\u00e9 de serrage<\/p>\n","protected":false},"featured_media":69269,"comment_status":"closed","ping_status":"open","template":"","meta":[],"product_brand":[],"product_cat":[5528,5529,5527],"product_tag":[3254],"class_list":{"0":"post-70363","1":"product","2":"type-product","3":"status-publish","4":"has-post-thumbnail","6":"product_cat-ius-mandrins","7":"product_cat-ius-3-machoires-mandrin","8":"product_cat-mandrins","9":"product_tag-tos-svitany-fr","10":"pa_diameter--100-mm","11":"pa_diameter--125-mm","12":"pa_diameter--160-mm","13":"pa_diameter--200-mm","14":"pa_diameter--250-mm","15":"pa_diameter--315-mm","16":"pa_diameter--400-mm","17":"pa_diameter--80-mm","18":"pa_diametre--100-mm","19":"pa_diametre--125-mm","20":"pa_diametre--160-mm","21":"pa_diametre--200-mm","22":"pa_diametre--250-mm","23":"pa_diametre--315-mm","24":"pa_diametre--400-mm","25":"pa_diametre--80-mm","27":"first","28":"instock","29":"taxable","30":"shipping-taxable","31":"purchasable","32":"product-type-variable"},"yoast_head":"<!-- This site is optimized with the Yoast SEO plugin v26.5 - https:\/\/yoast.com\/wordpress\/plugins\/seo\/ -->\n<title>Mandrins IUS - 3 m\u00e2choires - SUPERIOR TOS Svitavy | TOS Spare Parts<\/title>\n<meta name=\"description\" content=\"Mandrin IUS SUPEROIR 243801 TOS Svitavy pour machines-outils. Pi\u00e8ces de rechange et accessoires pour machines-outils.\" \/>\n<meta name=\"robots\" content=\"index, follow, max-snippet:-1, max-image-preview:large, max-video-preview:-1\" \/>\n<link rel=\"canonical\" href=\"https:\/\/www.tosspareparts.com\/product\/self-centring-scroll-chuck-ius-3-jaws-superior\/\" \/>\n<meta property=\"og:locale\" content=\"fr_FR\" \/>\n<meta property=\"og:type\" content=\"article\" \/>\n<meta property=\"og:title\" content=\"Mandrins IUS - 3 m\u00e2choires - SUPERIOR TOS Svitavy | TOS Spare Parts\" \/>\n<meta property=\"og:description\" content=\"Mandrin IUS SUPEROIR 243801 TOS Svitavy pour machines-outils. Pi\u00e8ces de rechange et accessoires pour machines-outils.\" \/>\n<meta property=\"og:url\" content=\"https:\/\/www.tosspareparts.com\/product\/self-centring-scroll-chuck-ius-3-jaws-superior\/\" \/>\n<meta property=\"og:site_name\" content=\"TOS Spare Parts\" \/>\n<meta property=\"og:image\" content=\"https:\/\/www.tosspareparts.com\/wp-content\/uploads\/2024\/04\/Self-centring-Scroll-Chuck-IUS-3-jaws.jpg\" \/>\n\t<meta property=\"og:image:width\" content=\"600\" \/>\n\t<meta property=\"og:image:height\" content=\"600\" \/>\n\t<meta property=\"og:image:type\" content=\"image\/jpeg\" \/>\n<meta name=\"twitter:card\" content=\"summary_large_image\" \/>\n<meta name=\"twitter:title\" content=\"Mandrins IUS - 3 m\u00e2choires - SUPERIOR TOS Svitavy | TOS Spare Parts\" \/>\n<meta name=\"twitter:label1\" content=\"Dur\u00e9e de lecture estim\u00e9e\" \/>\n\t<meta name=\"twitter:data1\" content=\"1 minute\" \/>\n<script type=\"application\/ld+json\" class=\"yoast-schema-graph\">{\"@context\":\"https:\/\/schema.org\",\"@graph\":[{\"@type\":\"WebPage\",\"@id\":\"https:\/\/www.tosspareparts.com\/product\/self-centring-scroll-chuck-ius-3-jaws-superior\/\",\"url\":\"https:\/\/www.tosspareparts.com\/product\/self-centring-scroll-chuck-ius-3-jaws-superior\/\",\"name\":\"Mandrins IUS - 3 m\u00e2choires - SUPERIOR TOS Svitavy | TOS Spare Parts\",\"isPartOf\":{\"@id\":\"https:\/\/www.tosspareparts.com\/#website\"},\"primaryImageOfPage\":{\"@id\":\"https:\/\/www.tosspareparts.com\/product\/self-centring-scroll-chuck-ius-3-jaws-superior\/#primaryimage\"},\"image\":{\"@id\":\"https:\/\/www.tosspareparts.com\/product\/self-centring-scroll-chuck-ius-3-jaws-superior\/#primaryimage\"},\"thumbnailUrl\":\"https:\/\/www.tosspareparts.com\/wp-content\/uploads\/2024\/04\/Self-centring-Scroll-Chuck-IUS-3-jaws.jpg\",\"datePublished\":\"2026-03-26T12:45:22+00:00\",\"description\":\"Mandrin IUS SUPEROIR 243801 TOS Svitavy pour machines-outils. Pi\u00e8ces de rechange et accessoires pour machines-outils.\",\"breadcrumb\":{\"@id\":\"https:\/\/www.tosspareparts.com\/product\/self-centring-scroll-chuck-ius-3-jaws-superior\/#breadcrumb\"},\"inLanguage\":\"fr-FR\",\"potentialAction\":[{\"@type\":\"ReadAction\",\"target\":[\"https:\/\/www.tosspareparts.com\/product\/self-centring-scroll-chuck-ius-3-jaws-superior\/\"]}]},{\"@type\":\"ImageObject\",\"inLanguage\":\"fr-FR\",\"@id\":\"https:\/\/www.tosspareparts.com\/product\/self-centring-scroll-chuck-ius-3-jaws-superior\/#primaryimage\",\"url\":\"https:\/\/www.tosspareparts.com\/wp-content\/uploads\/2024\/04\/Self-centring-Scroll-Chuck-IUS-3-jaws.jpg\",\"contentUrl\":\"https:\/\/www.tosspareparts.com\/wp-content\/uploads\/2024\/04\/Self-centring-Scroll-Chuck-IUS-3-jaws.jpg\",\"width\":600,\"height\":600,\"caption\":\"Mandrins IUS - 3 m\u00e2choires - SUPERIOR\"},{\"@type\":\"BreadcrumbList\",\"@id\":\"https:\/\/www.tosspareparts.com\/product\/self-centring-scroll-chuck-ius-3-jaws-superior\/#breadcrumb\",\"itemListElement\":[{\"@type\":\"ListItem\",\"position\":1,\"name\":\"Home\",\"item\":\"https:\/\/www.tosspareparts.com\/fr\/\"},{\"@type\":\"ListItem\",\"position\":2,\"name\":\"Boutique\",\"item\":\"https:\/\/www.tosspareparts.com\/fr\/boutique\/\"},{\"@type\":\"ListItem\",\"position\":3,\"name\":\"Mandrins IUS &#8211; 3 m\u00e2choires &#8211; SUPERIOR\"}]},{\"@type\":\"WebSite\",\"@id\":\"https:\/\/www.tosspareparts.com\/#website\",\"url\":\"https:\/\/www.tosspareparts.com\/\",\"name\":\"TOS Spare Parts\",\"description\":\"Spare parts and accessories for metalworking machines\",\"publisher\":{\"@id\":\"https:\/\/www.tosspareparts.com\/#organization\"},\"potentialAction\":[{\"@type\":\"SearchAction\",\"target\":{\"@type\":\"EntryPoint\",\"urlTemplate\":\"https:\/\/www.tosspareparts.com\/?s={search_term_string}\"},\"query-input\":{\"@type\":\"PropertyValueSpecification\",\"valueRequired\":true,\"valueName\":\"search_term_string\"}}],\"inLanguage\":\"fr-FR\"},{\"@type\":\"Organization\",\"@id\":\"https:\/\/www.tosspareparts.com\/#organization\",\"name\":\"JTECHNIK, s.r.o.\",\"url\":\"https:\/\/www.tosspareparts.com\/\",\"logo\":{\"@type\":\"ImageObject\",\"inLanguage\":\"fr-FR\",\"@id\":\"https:\/\/www.tosspareparts.com\/#\/schema\/logo\/image\/\",\"url\":\"https:\/\/www.tosspareparts.com\/wp-content\/uploads\/2017\/05\/logo-JT-web.png\",\"contentUrl\":\"https:\/\/www.tosspareparts.com\/wp-content\/uploads\/2017\/05\/logo-JT-web.png\",\"width\":333,\"height\":115,\"caption\":\"JTECHNIK, s.r.o.\"},\"image\":{\"@id\":\"https:\/\/www.tosspareparts.com\/#\/schema\/logo\/image\/\"}}]}<\/script>\n<!-- \/ Yoast SEO plugin. -->","yoast_head_json":{"title":"Mandrins IUS - 3 m\u00e2choires - SUPERIOR TOS Svitavy | TOS Spare Parts","description":"Mandrin IUS SUPEROIR 243801 TOS Svitavy pour machines-outils. Pi\u00e8ces de rechange et accessoires pour machines-outils.","robots":{"index":"index","follow":"follow","max-snippet":"max-snippet:-1","max-image-preview":"max-image-preview:large","max-video-preview":"max-video-preview:-1"},"canonical":"https:\/\/www.tosspareparts.com\/product\/self-centring-scroll-chuck-ius-3-jaws-superior\/","og_locale":"fr_FR","og_type":"article","og_title":"Mandrins IUS - 3 m\u00e2choires - SUPERIOR TOS Svitavy | TOS Spare Parts","og_description":"Mandrin IUS SUPEROIR 243801 TOS Svitavy pour machines-outils. Pi\u00e8ces de rechange et accessoires pour machines-outils.","og_url":"https:\/\/www.tosspareparts.com\/product\/self-centring-scroll-chuck-ius-3-jaws-superior\/","og_site_name":"TOS Spare Parts","og_image":[{"width":600,"height":600,"url":"https:\/\/www.tosspareparts.com\/wp-content\/uploads\/2024\/04\/Self-centring-Scroll-Chuck-IUS-3-jaws.jpg","type":"image\/jpeg"}],"twitter_card":"summary_large_image","twitter_title":"Mandrins IUS - 3 m\u00e2choires - SUPERIOR TOS Svitavy | TOS Spare Parts","twitter_misc":{"Dur\u00e9e de lecture estim\u00e9e":"1 minute"},"schema":{"@context":"https:\/\/schema.org","@graph":[{"@type":"WebPage","@id":"https:\/\/www.tosspareparts.com\/product\/self-centring-scroll-chuck-ius-3-jaws-superior\/","url":"https:\/\/www.tosspareparts.com\/product\/self-centring-scroll-chuck-ius-3-jaws-superior\/","name":"Mandrins IUS - 3 m\u00e2choires - SUPERIOR TOS Svitavy | TOS Spare Parts","isPartOf":{"@id":"https:\/\/www.tosspareparts.com\/#website"},"primaryImageOfPage":{"@id":"https:\/\/www.tosspareparts.com\/product\/self-centring-scroll-chuck-ius-3-jaws-superior\/#primaryimage"},"image":{"@id":"https:\/\/www.tosspareparts.com\/product\/self-centring-scroll-chuck-ius-3-jaws-superior\/#primaryimage"},"thumbnailUrl":"https:\/\/www.tosspareparts.com\/wp-content\/uploads\/2024\/04\/Self-centring-Scroll-Chuck-IUS-3-jaws.jpg","datePublished":"2026-03-26T12:45:22+00:00","description":"Mandrin IUS SUPEROIR 243801 TOS Svitavy pour machines-outils. Pi\u00e8ces de rechange et accessoires pour machines-outils.","breadcrumb":{"@id":"https:\/\/www.tosspareparts.com\/product\/self-centring-scroll-chuck-ius-3-jaws-superior\/#breadcrumb"},"inLanguage":"fr-FR","potentialAction":[{"@type":"ReadAction","target":["https:\/\/www.tosspareparts.com\/product\/self-centring-scroll-chuck-ius-3-jaws-superior\/"]}]},{"@type":"ImageObject","inLanguage":"fr-FR","@id":"https:\/\/www.tosspareparts.com\/product\/self-centring-scroll-chuck-ius-3-jaws-superior\/#primaryimage","url":"https:\/\/www.tosspareparts.com\/wp-content\/uploads\/2024\/04\/Self-centring-Scroll-Chuck-IUS-3-jaws.jpg","contentUrl":"https:\/\/www.tosspareparts.com\/wp-content\/uploads\/2024\/04\/Self-centring-Scroll-Chuck-IUS-3-jaws.jpg","width":600,"height":600,"caption":"Mandrins IUS - 3 m\u00e2choires - SUPERIOR"},{"@type":"BreadcrumbList","@id":"https:\/\/www.tosspareparts.com\/product\/self-centring-scroll-chuck-ius-3-jaws-superior\/#breadcrumb","itemListElement":[{"@type":"ListItem","position":1,"name":"Home","item":"https:\/\/www.tosspareparts.com\/fr\/"},{"@type":"ListItem","position":2,"name":"Boutique","item":"https:\/\/www.tosspareparts.com\/fr\/boutique\/"},{"@type":"ListItem","position":3,"name":"Mandrins IUS &#8211; 3 m\u00e2choires &#8211; SUPERIOR"}]},{"@type":"WebSite","@id":"https:\/\/www.tosspareparts.com\/#website","url":"https:\/\/www.tosspareparts.com\/","name":"TOS Spare Parts","description":"Spare parts and accessories for metalworking machines","publisher":{"@id":"https:\/\/www.tosspareparts.com\/#organization"},"potentialAction":[{"@type":"SearchAction","target":{"@type":"EntryPoint","urlTemplate":"https:\/\/www.tosspareparts.com\/?s={search_term_string}"},"query-input":{"@type":"PropertyValueSpecification","valueRequired":true,"valueName":"search_term_string"}}],"inLanguage":"fr-FR"},{"@type":"Organization","@id":"https:\/\/www.tosspareparts.com\/#organization","name":"JTECHNIK, s.r.o.","url":"https:\/\/www.tosspareparts.com\/","logo":{"@type":"ImageObject","inLanguage":"fr-FR","@id":"https:\/\/www.tosspareparts.com\/#\/schema\/logo\/image\/","url":"https:\/\/www.tosspareparts.com\/wp-content\/uploads\/2017\/05\/logo-JT-web.png","contentUrl":"https:\/\/www.tosspareparts.com\/wp-content\/uploads\/2017\/05\/logo-JT-web.png","width":333,"height":115,"caption":"JTECHNIK, s.r.o."},"image":{"@id":"https:\/\/www.tosspareparts.com\/#\/schema\/logo\/image\/"}}]}},"jetpack_sharing_enabled":true,"_links":{"self":[{"href":"https:\/\/www.tosspareparts.com\/fr\/wp-json\/wp\/v2\/product\/70363","targetHints":{"allow":["GET"]}}],"collection":[{"href":"https:\/\/www.tosspareparts.com\/fr\/wp-json\/wp\/v2\/product"}],"about":[{"href":"https:\/\/www.tosspareparts.com\/fr\/wp-json\/wp\/v2\/types\/product"}],"replies":[{"embeddable":true,"href":"https:\/\/www.tosspareparts.com\/fr\/wp-json\/wp\/v2\/comments?post=70363"}],"wp:featuredmedia":[{"embeddable":true,"href":"https:\/\/www.tosspareparts.com\/fr\/wp-json\/wp\/v2\/media\/69269"}],"wp:attachment":[{"href":"https:\/\/www.tosspareparts.com\/fr\/wp-json\/wp\/v2\/media?parent=70363"}],"wp:term":[{"taxonomy":"product_brand","embeddable":true,"href":"https:\/\/www.tosspareparts.com\/fr\/wp-json\/wp\/v2\/product_brand?post=70363"},{"taxonomy":"product_cat","embeddable":true,"href":"https:\/\/www.tosspareparts.com\/fr\/wp-json\/wp\/v2\/product_cat?post=70363"},{"taxonomy":"product_tag","embeddable":true,"href":"https:\/\/www.tosspareparts.com\/fr\/wp-json\/wp\/v2\/product_tag?post=70363"}],"curies":[{"name":"wp","href":"https:\/\/api.w.org\/{rel}","templated":true}]}}