{"id":70467,"date":"2026-02-19T15:59:26","date_gmt":"2026-02-19T14:59:26","guid":{"rendered":"https:\/\/www.tosspareparts.com\/product\/brides-intermediaires-a-cone-court-iug-b-8\/"},"modified":"2026-03-26T14:44:26","modified_gmt":"2026-03-26T13:44:26","slug":"brides-intermediaires-a-cone-court-iug-b-8","status":"publish","type":"product","link":"https:\/\/www.tosspareparts.com\/fr\/product\/brides-intermediaires-a-cone-court-iug-b-8\/","title":{"rendered":"Brides interm\u00e9diaires \u00e0 c\u00f4ne court &#8211; IUG-B\/8"},"content":{"rendered":"<h2>T\u00e9l\u00e9charger<\/h2>\n<p><a href=\"https:\/\/sklucovadlo.sk\/wp-content\/uploads\/2024\/03\/TOS-flanges.pdf\" target=\"_blank\" rel=\"noopener noreferrer\">Fiche de donn\u00e9es<\/a><\/p>\n","protected":false},"excerpt":{"rendered":"<p>Brides interm\u00e9diaires \u00e0 c\u00f4ne court IUG-B\/8 DIN 55027 \/ ISO ISO702-III \/ \u010cSN ISO702-III.<\/p>\n<p>Pour mandrins: IUG, IUGO, IIUH. IUHO.<\/p>\n<p>Tailles disponibles:<br \/>\n&#8211; 250 mm<br \/>\n&#8211; 315 mm<br \/>\n&#8211; 400 mm<\/p>\n","protected":false},"featured_media":69398,"comment_status":"closed","ping_status":"open","template":"","meta":[],"product_brand":[],"product_cat":[5540,5538],"product_tag":[3254],"class_list":{"0":"post-70467","1":"product","2":"type-product","3":"status-publish","4":"has-post-thumbnail","6":"product_cat-iug-brides","7":"product_cat-brides","8":"product_tag-tos-svitany-fr","9":"pa_diameter--250-mm","10":"pa_diameter--315-mm","11":"pa_diameter--400-mm","12":"pa_diametre--250-mm","13":"pa_diametre--315-mm","14":"pa_diametre--400-mm","16":"first","17":"instock","18":"taxable","19":"shipping-taxable","20":"purchasable","21":"product-type-variable","22":"has-default-attributes"},"yoast_head":"<!-- This site is optimized with the Yoast SEO plugin v26.5 - https:\/\/yoast.com\/wordpress\/plugins\/seo\/ -->\n<title>Brides interm\u00e9diaires \u00e0 c\u00f4ne court - IUG-B\/8 TOS Svitavy | TOS Spare Parts<\/title>\n<meta name=\"description\" content=\"Bride - IUG-B\/8. TOS Svitavy. Equipement de serrage. Pi\u00e8ces de rechange et accessoires pour machines-outils.\" \/>\n<meta name=\"robots\" content=\"index, follow, max-snippet:-1, max-image-preview:large, max-video-preview:-1\" \/>\n<link rel=\"canonical\" href=\"https:\/\/www.tosspareparts.com\/fr\/product\/brides-intermediaires-a-cone-court-iug-b-8\/\" \/>\n<meta property=\"og:locale\" content=\"fr_FR\" \/>\n<meta property=\"og:type\" content=\"article\" \/>\n<meta property=\"og:title\" content=\"Brides interm\u00e9diaires \u00e0 c\u00f4ne court - IUG-B\/8 TOS Svitavy | TOS Spare Parts\" \/>\n<meta property=\"og:description\" content=\"Bride - IUG-B\/8. TOS Svitavy. Equipement de serrage. Pi\u00e8ces de rechange et accessoires pour machines-outils.\" \/>\n<meta property=\"og:url\" content=\"https:\/\/www.tosspareparts.com\/fr\/product\/brides-intermediaires-a-cone-court-iug-b-8\/\" \/>\n<meta property=\"og:site_name\" content=\"TOS Spare Parts\" \/>\n<meta property=\"article:modified_time\" content=\"2026-03-26T13:44:26+00:00\" \/>\n<meta property=\"og:image\" content=\"https:\/\/www.tosspareparts.com\/wp-content\/uploads\/2024\/04\/Short-taper-flange-IUG-B5.jpg\" \/>\n\t<meta property=\"og:image:width\" content=\"372\" \/>\n\t<meta property=\"og:image:height\" content=\"372\" \/>\n\t<meta property=\"og:image:type\" content=\"image\/jpeg\" \/>\n<meta name=\"twitter:card\" content=\"summary_large_image\" \/>\n<meta name=\"twitter:title\" content=\"Brides interm\u00e9diaires \u00e0 c\u00f4ne court - IUG-B\/8 TOS Svitavy | TOS Spare Parts\" \/>\n<script type=\"application\/ld+json\" class=\"yoast-schema-graph\">{\"@context\":\"https:\/\/schema.org\",\"@graph\":[{\"@type\":\"WebPage\",\"@id\":\"https:\/\/www.tosspareparts.com\/fr\/product\/brides-intermediaires-a-cone-court-iug-b-8\/\",\"url\":\"https:\/\/www.tosspareparts.com\/fr\/product\/brides-intermediaires-a-cone-court-iug-b-8\/\",\"name\":\"Brides interm\u00e9diaires \u00e0 c\u00f4ne court - IUG-B\/8 TOS Svitavy | TOS Spare Parts\",\"isPartOf\":{\"@id\":\"https:\/\/www.tosspareparts.com\/#website\"},\"primaryImageOfPage\":{\"@id\":\"https:\/\/www.tosspareparts.com\/fr\/product\/brides-intermediaires-a-cone-court-iug-b-8\/#primaryimage\"},\"image\":{\"@id\":\"https:\/\/www.tosspareparts.com\/fr\/product\/brides-intermediaires-a-cone-court-iug-b-8\/#primaryimage\"},\"thumbnailUrl\":\"https:\/\/www.tosspareparts.com\/wp-content\/uploads\/2024\/04\/Short-taper-flange-IUG-B5.jpg\",\"datePublished\":\"2026-02-19T14:59:26+00:00\",\"dateModified\":\"2026-03-26T13:44:26+00:00\",\"description\":\"Bride - IUG-B\/8. TOS Svitavy. Equipement de serrage. Pi\u00e8ces de rechange et accessoires pour machines-outils.\",\"breadcrumb\":{\"@id\":\"https:\/\/www.tosspareparts.com\/fr\/product\/brides-intermediaires-a-cone-court-iug-b-8\/#breadcrumb\"},\"inLanguage\":\"fr-FR\",\"potentialAction\":[{\"@type\":\"ReadAction\",\"target\":[\"https:\/\/www.tosspareparts.com\/fr\/product\/brides-intermediaires-a-cone-court-iug-b-8\/\"]}]},{\"@type\":\"ImageObject\",\"inLanguage\":\"fr-FR\",\"@id\":\"https:\/\/www.tosspareparts.com\/fr\/product\/brides-intermediaires-a-cone-court-iug-b-8\/#primaryimage\",\"url\":\"https:\/\/www.tosspareparts.com\/wp-content\/uploads\/2024\/04\/Short-taper-flange-IUG-B5.jpg\",\"contentUrl\":\"https:\/\/www.tosspareparts.com\/wp-content\/uploads\/2024\/04\/Short-taper-flange-IUG-B5.jpg\",\"width\":372,\"height\":372,\"caption\":\"Bride - IUG-B\/11\"},{\"@type\":\"BreadcrumbList\",\"@id\":\"https:\/\/www.tosspareparts.com\/fr\/product\/brides-intermediaires-a-cone-court-iug-b-8\/#breadcrumb\",\"itemListElement\":[{\"@type\":\"ListItem\",\"position\":1,\"name\":\"Home\",\"item\":\"https:\/\/www.tosspareparts.com\/fr\/\"},{\"@type\":\"ListItem\",\"position\":2,\"name\":\"Boutique\",\"item\":\"https:\/\/www.tosspareparts.com\/fr\/boutique\/\"},{\"@type\":\"ListItem\",\"position\":3,\"name\":\"Brides interm\u00e9diaires \u00e0 c\u00f4ne court &#8211; IUG-B\/8\"}]},{\"@type\":\"WebSite\",\"@id\":\"https:\/\/www.tosspareparts.com\/#website\",\"url\":\"https:\/\/www.tosspareparts.com\/\",\"name\":\"TOS Spare Parts\",\"description\":\"Spare parts and accessories for metalworking machines\",\"publisher\":{\"@id\":\"https:\/\/www.tosspareparts.com\/#organization\"},\"potentialAction\":[{\"@type\":\"SearchAction\",\"target\":{\"@type\":\"EntryPoint\",\"urlTemplate\":\"https:\/\/www.tosspareparts.com\/?s={search_term_string}\"},\"query-input\":{\"@type\":\"PropertyValueSpecification\",\"valueRequired\":true,\"valueName\":\"search_term_string\"}}],\"inLanguage\":\"fr-FR\"},{\"@type\":\"Organization\",\"@id\":\"https:\/\/www.tosspareparts.com\/#organization\",\"name\":\"JTECHNIK, s.r.o.\",\"url\":\"https:\/\/www.tosspareparts.com\/\",\"logo\":{\"@type\":\"ImageObject\",\"inLanguage\":\"fr-FR\",\"@id\":\"https:\/\/www.tosspareparts.com\/#\/schema\/logo\/image\/\",\"url\":\"https:\/\/www.tosspareparts.com\/wp-content\/uploads\/2017\/05\/logo-JT-web.png\",\"contentUrl\":\"https:\/\/www.tosspareparts.com\/wp-content\/uploads\/2017\/05\/logo-JT-web.png\",\"width\":333,\"height\":115,\"caption\":\"JTECHNIK, s.r.o.\"},\"image\":{\"@id\":\"https:\/\/www.tosspareparts.com\/#\/schema\/logo\/image\/\"}}]}<\/script>\n<!-- \/ Yoast SEO plugin. -->","yoast_head_json":{"title":"Brides interm\u00e9diaires \u00e0 c\u00f4ne court - IUG-B\/8 TOS Svitavy | TOS Spare Parts","description":"Bride - IUG-B\/8. TOS Svitavy. Equipement de serrage. Pi\u00e8ces de rechange et accessoires pour machines-outils.","robots":{"index":"index","follow":"follow","max-snippet":"max-snippet:-1","max-image-preview":"max-image-preview:large","max-video-preview":"max-video-preview:-1"},"canonical":"https:\/\/www.tosspareparts.com\/fr\/product\/brides-intermediaires-a-cone-court-iug-b-8\/","og_locale":"fr_FR","og_type":"article","og_title":"Brides interm\u00e9diaires \u00e0 c\u00f4ne court - IUG-B\/8 TOS Svitavy | TOS Spare Parts","og_description":"Bride - IUG-B\/8. TOS Svitavy. Equipement de serrage. Pi\u00e8ces de rechange et accessoires pour machines-outils.","og_url":"https:\/\/www.tosspareparts.com\/fr\/product\/brides-intermediaires-a-cone-court-iug-b-8\/","og_site_name":"TOS Spare Parts","article_modified_time":"2026-03-26T13:44:26+00:00","og_image":[{"width":372,"height":372,"url":"https:\/\/www.tosspareparts.com\/wp-content\/uploads\/2024\/04\/Short-taper-flange-IUG-B5.jpg","type":"image\/jpeg"}],"twitter_card":"summary_large_image","twitter_title":"Brides interm\u00e9diaires \u00e0 c\u00f4ne court - IUG-B\/8 TOS Svitavy | TOS Spare Parts","schema":{"@context":"https:\/\/schema.org","@graph":[{"@type":"WebPage","@id":"https:\/\/www.tosspareparts.com\/fr\/product\/brides-intermediaires-a-cone-court-iug-b-8\/","url":"https:\/\/www.tosspareparts.com\/fr\/product\/brides-intermediaires-a-cone-court-iug-b-8\/","name":"Brides interm\u00e9diaires \u00e0 c\u00f4ne court - IUG-B\/8 TOS Svitavy | TOS Spare Parts","isPartOf":{"@id":"https:\/\/www.tosspareparts.com\/#website"},"primaryImageOfPage":{"@id":"https:\/\/www.tosspareparts.com\/fr\/product\/brides-intermediaires-a-cone-court-iug-b-8\/#primaryimage"},"image":{"@id":"https:\/\/www.tosspareparts.com\/fr\/product\/brides-intermediaires-a-cone-court-iug-b-8\/#primaryimage"},"thumbnailUrl":"https:\/\/www.tosspareparts.com\/wp-content\/uploads\/2024\/04\/Short-taper-flange-IUG-B5.jpg","datePublished":"2026-02-19T14:59:26+00:00","dateModified":"2026-03-26T13:44:26+00:00","description":"Bride - IUG-B\/8. TOS Svitavy. Equipement de serrage. Pi\u00e8ces de rechange et accessoires pour machines-outils.","breadcrumb":{"@id":"https:\/\/www.tosspareparts.com\/fr\/product\/brides-intermediaires-a-cone-court-iug-b-8\/#breadcrumb"},"inLanguage":"fr-FR","potentialAction":[{"@type":"ReadAction","target":["https:\/\/www.tosspareparts.com\/fr\/product\/brides-intermediaires-a-cone-court-iug-b-8\/"]}]},{"@type":"ImageObject","inLanguage":"fr-FR","@id":"https:\/\/www.tosspareparts.com\/fr\/product\/brides-intermediaires-a-cone-court-iug-b-8\/#primaryimage","url":"https:\/\/www.tosspareparts.com\/wp-content\/uploads\/2024\/04\/Short-taper-flange-IUG-B5.jpg","contentUrl":"https:\/\/www.tosspareparts.com\/wp-content\/uploads\/2024\/04\/Short-taper-flange-IUG-B5.jpg","width":372,"height":372,"caption":"Bride - IUG-B\/11"},{"@type":"BreadcrumbList","@id":"https:\/\/www.tosspareparts.com\/fr\/product\/brides-intermediaires-a-cone-court-iug-b-8\/#breadcrumb","itemListElement":[{"@type":"ListItem","position":1,"name":"Home","item":"https:\/\/www.tosspareparts.com\/fr\/"},{"@type":"ListItem","position":2,"name":"Boutique","item":"https:\/\/www.tosspareparts.com\/fr\/boutique\/"},{"@type":"ListItem","position":3,"name":"Brides interm\u00e9diaires \u00e0 c\u00f4ne court &#8211; IUG-B\/8"}]},{"@type":"WebSite","@id":"https:\/\/www.tosspareparts.com\/#website","url":"https:\/\/www.tosspareparts.com\/","name":"TOS Spare Parts","description":"Spare parts and accessories for metalworking machines","publisher":{"@id":"https:\/\/www.tosspareparts.com\/#organization"},"potentialAction":[{"@type":"SearchAction","target":{"@type":"EntryPoint","urlTemplate":"https:\/\/www.tosspareparts.com\/?s={search_term_string}"},"query-input":{"@type":"PropertyValueSpecification","valueRequired":true,"valueName":"search_term_string"}}],"inLanguage":"fr-FR"},{"@type":"Organization","@id":"https:\/\/www.tosspareparts.com\/#organization","name":"JTECHNIK, s.r.o.","url":"https:\/\/www.tosspareparts.com\/","logo":{"@type":"ImageObject","inLanguage":"fr-FR","@id":"https:\/\/www.tosspareparts.com\/#\/schema\/logo\/image\/","url":"https:\/\/www.tosspareparts.com\/wp-content\/uploads\/2017\/05\/logo-JT-web.png","contentUrl":"https:\/\/www.tosspareparts.com\/wp-content\/uploads\/2017\/05\/logo-JT-web.png","width":333,"height":115,"caption":"JTECHNIK, s.r.o."},"image":{"@id":"https:\/\/www.tosspareparts.com\/#\/schema\/logo\/image\/"}}]}},"jetpack_sharing_enabled":true,"_links":{"self":[{"href":"https:\/\/www.tosspareparts.com\/fr\/wp-json\/wp\/v2\/product\/70467","targetHints":{"allow":["GET"]}}],"collection":[{"href":"https:\/\/www.tosspareparts.com\/fr\/wp-json\/wp\/v2\/product"}],"about":[{"href":"https:\/\/www.tosspareparts.com\/fr\/wp-json\/wp\/v2\/types\/product"}],"replies":[{"embeddable":true,"href":"https:\/\/www.tosspareparts.com\/fr\/wp-json\/wp\/v2\/comments?post=70467"}],"wp:featuredmedia":[{"embeddable":true,"href":"https:\/\/www.tosspareparts.com\/fr\/wp-json\/wp\/v2\/media\/69398"}],"wp:attachment":[{"href":"https:\/\/www.tosspareparts.com\/fr\/wp-json\/wp\/v2\/media?parent=70467"}],"wp:term":[{"taxonomy":"product_brand","embeddable":true,"href":"https:\/\/www.tosspareparts.com\/fr\/wp-json\/wp\/v2\/product_brand?post=70467"},{"taxonomy":"product_cat","embeddable":true,"href":"https:\/\/www.tosspareparts.com\/fr\/wp-json\/wp\/v2\/product_cat?post=70467"},{"taxonomy":"product_tag","embeddable":true,"href":"https:\/\/www.tosspareparts.com\/fr\/wp-json\/wp\/v2\/product_tag?post=70467"}],"curies":[{"name":"wp","href":"https:\/\/api.w.org\/{rel}","templated":true}]}}