{"id":74186,"date":"2026-03-17T15:03:01","date_gmt":"2026-03-17T14:03:01","guid":{"rendered":"https:\/\/www.tosspareparts.com\/product\/pompe-de-refroidissement-pa70m-240-v-180-mm\/"},"modified":"2026-03-02T16:46:24","modified_gmt":"2026-03-02T15:46:24","slug":"pompe-de-refroidissement-pa70m-240-v-180-mm","status":"publish","type":"product","link":"https:\/\/www.tosspareparts.com\/fr\/product\/pompe-de-refroidissement-pa70m-240-v-180-mm\/","title":{"rendered":"Pompe de refroidissement PA70M &#8211; 240 V &#8211; 180 mm"},"content":{"rendered":"<h1>Caract\u00e9ristiques<\/h1>\n<p><img loading=\"lazy\" decoding=\"async\" width=\"153\" height=\"300\" class=\"alignnone size-medium wp-image-13\" src=\"https:\/\/www.tosspareparts.com\/wp-content\/uploads\/2024\/01\/pa-front-153x300.png\" alt=\"\" \/><img decoding=\"async\" class=\"alignnone wp-image-12 size-medium\" src=\"https:\/\/www.tosspareparts.com\/wp-content\/uploads\/2024\/01\/pa-top-287x300.png\" alt=\"\" \/><br \/>\n<\/p>\n<div class=\"table-2\">\n<table width=\"100%\">\n<thead>\n<tr>\n<th align=\"left\">Type<\/th>\n<th align=\"left\">HP\/KW<\/th>\n<th align=\"left\">VOLT\/Hz<\/th>\n<th align=\"left\">A<\/th>\n<th align=\"left\">B<\/th>\n<th align=\"left\">C<\/th>\n<th align=\"left\">D<\/th>\n<th align=\"left\">E<\/th>\n<\/tr>\n<\/thead>\n<tbody>\n<tr>\n<td align=\"left\">PA-70<\/td>\n<td align=\"left\">0,12\/0,08<\/td>\n<td align=\"left\">400\/50<\/td>\n<td align=\"left\">180<\/td>\n<td align=\"left\">127<\/td>\n<td align=\"left\">96<\/td>\n<td align=\"left\">87<\/td>\n<td align=\"left\">1\/2&Prime;<\/td>\n<\/tr>\n<\/tbody>\n<\/table>\n<\/div>\n<p><\/p>\n<h1>D\u00e9bit<\/h1>\n<p><img loading=\"lazy\" decoding=\"async\" class=\"alignnone size-full wp-image-9\" src=\"https:\/\/www.tosspareparts.com\/wp-content\/uploads\/2024\/01\/pa-info.png\" alt=\"\" width=\"867\" height=\"548\" \/><\/p>\n","protected":false},"excerpt":{"rendered":"<p>Pompe de liquide de refroidissement pour machines-outils.<\/p>\n<p>Profondeur d&rsquo;immersion: 180 mm.<\/p>\n<p>Alimentation: 1x240V.<\/p>\n<p>Degr\u00e9 de protection contre la p\u00e9n\u00e9tration de fluide: IP 54.<\/p>\n<p>Les pi\u00e8ces du moteur sont en mat\u00e9riau thermoplastique ininflammable conform\u00e9ment aux normes suivantes: VDE 0730 et UL 94.<\/p>\n<p>Poids et dimensions r\u00e9duits, excellents param\u00e8tres techniques r\u00e9unis pour une solution id\u00e9ale pour le refroidissement des processus de coupe des machines-outils.<\/p>\n<p>Temp\u00e9rature maximale du fluide : 65\u00b0C.<\/p>\n","protected":false},"featured_media":30685,"comment_status":"closed","ping_status":"open","template":"","meta":[],"product_brand":[],"product_cat":[5526],"product_tag":[3258],"class_list":{"0":"post-74186","1":"product","2":"type-product","3":"status-publish","4":"has-post-thumbnail","6":"product_cat-pompes-de-refroidissement","7":"product_tag-jtechnik-fr","9":"first","10":"instock","11":"taxable","12":"shipping-taxable","13":"purchasable","14":"product-type-simple"},"yoast_head":"<!-- This site is optimized with the Yoast SEO plugin v26.5 - https:\/\/yoast.com\/wordpress\/plugins\/seo\/ -->\n<title>Pompe de refroidissement PA70M - 240 V - 180 mm | Accessoires de refroidissement | TOS Spare Parts<\/title>\n<meta name=\"description\" content=\"PA-70M coolant pump. Immersion depth: 180 mm. Power supply: 1x240V. Cooling pump for machining on machine tools.\" \/>\n<meta name=\"robots\" content=\"index, follow, max-snippet:-1, max-image-preview:large, max-video-preview:-1\" \/>\n<link rel=\"canonical\" href=\"https:\/\/www.tosspareparts.com\/fr\/product\/pompe-de-refroidissement-pa70m-240-v-180-mm\/\" \/>\n<meta property=\"og:locale\" content=\"fr_FR\" \/>\n<meta property=\"og:type\" content=\"article\" \/>\n<meta property=\"og:title\" content=\"Pompe de refroidissement PA70M - 240 V - 180 mm | Accessoires de refroidissement | TOS Spare Parts\" \/>\n<meta property=\"og:description\" content=\"PA-70M coolant pump. Immersion depth: 180 mm. Power supply: 1x240V. Cooling pump for machining on machine tools.\" \/>\n<meta property=\"og:url\" content=\"https:\/\/www.tosspareparts.com\/fr\/product\/pompe-de-refroidissement-pa70m-240-v-180-mm\/\" \/>\n<meta property=\"og:site_name\" content=\"TOS Spare Parts\" \/>\n<meta property=\"og:image\" content=\"https:\/\/www.tosspareparts.com\/wp-content\/uploads\/2024\/03\/Kuehlpumpen-2.jpg\" \/>\n\t<meta property=\"og:image:width\" content=\"300\" \/>\n\t<meta property=\"og:image:height\" content=\"300\" \/>\n\t<meta property=\"og:image:type\" content=\"image\/jpeg\" \/>\n<meta name=\"twitter:card\" content=\"summary_large_image\" \/>\n<meta name=\"twitter:title\" content=\"Pompe de refroidissement PA70M - 240 V - 180 mm | Accessoires de refroidissement | TOS Spare Parts\" \/>\n<script type=\"application\/ld+json\" class=\"yoast-schema-graph\">{\"@context\":\"https:\/\/schema.org\",\"@graph\":[{\"@type\":\"WebPage\",\"@id\":\"https:\/\/www.tosspareparts.com\/fr\/product\/pompe-de-refroidissement-pa70m-240-v-180-mm\/\",\"url\":\"https:\/\/www.tosspareparts.com\/fr\/product\/pompe-de-refroidissement-pa70m-240-v-180-mm\/\",\"name\":\"Pompe de refroidissement PA70M - 240 V - 180 mm | Accessoires de refroidissement | TOS Spare Parts\",\"isPartOf\":{\"@id\":\"https:\/\/www.tosspareparts.com\/#website\"},\"primaryImageOfPage\":{\"@id\":\"https:\/\/www.tosspareparts.com\/fr\/product\/pompe-de-refroidissement-pa70m-240-v-180-mm\/#primaryimage\"},\"image\":{\"@id\":\"https:\/\/www.tosspareparts.com\/fr\/product\/pompe-de-refroidissement-pa70m-240-v-180-mm\/#primaryimage\"},\"thumbnailUrl\":\"https:\/\/www.tosspareparts.com\/wp-content\/uploads\/2024\/03\/Kuehlpumpen-2.jpg\",\"datePublished\":\"2026-03-17T14:03:01+00:00\",\"description\":\"PA-70M coolant pump. Immersion depth: 180 mm. Power supply: 1x240V. Cooling pump for machining on machine tools.\",\"breadcrumb\":{\"@id\":\"https:\/\/www.tosspareparts.com\/fr\/product\/pompe-de-refroidissement-pa70m-240-v-180-mm\/#breadcrumb\"},\"inLanguage\":\"fr-FR\",\"potentialAction\":[{\"@type\":\"ReadAction\",\"target\":[\"https:\/\/www.tosspareparts.com\/fr\/product\/pompe-de-refroidissement-pa70m-240-v-180-mm\/\"]}]},{\"@type\":\"ImageObject\",\"inLanguage\":\"fr-FR\",\"@id\":\"https:\/\/www.tosspareparts.com\/fr\/product\/pompe-de-refroidissement-pa70m-240-v-180-mm\/#primaryimage\",\"url\":\"https:\/\/www.tosspareparts.com\/wp-content\/uploads\/2024\/03\/Kuehlpumpen-2.jpg\",\"contentUrl\":\"https:\/\/www.tosspareparts.com\/wp-content\/uploads\/2024\/03\/Kuehlpumpen-2.jpg\",\"width\":300,\"height\":300,\"caption\":\"Pompes de refroidissement\"},{\"@type\":\"BreadcrumbList\",\"@id\":\"https:\/\/www.tosspareparts.com\/fr\/product\/pompe-de-refroidissement-pa70m-240-v-180-mm\/#breadcrumb\",\"itemListElement\":[{\"@type\":\"ListItem\",\"position\":1,\"name\":\"Home\",\"item\":\"https:\/\/www.tosspareparts.com\/fr\/\"},{\"@type\":\"ListItem\",\"position\":2,\"name\":\"Boutique\",\"item\":\"https:\/\/www.tosspareparts.com\/fr\/boutique\/\"},{\"@type\":\"ListItem\",\"position\":3,\"name\":\"Pompe de refroidissement PA70M &#8211; 240 V &#8211; 180 mm\"}]},{\"@type\":\"WebSite\",\"@id\":\"https:\/\/www.tosspareparts.com\/#website\",\"url\":\"https:\/\/www.tosspareparts.com\/\",\"name\":\"TOS Spare Parts\",\"description\":\"Spare parts and accessories for metalworking machines\",\"publisher\":{\"@id\":\"https:\/\/www.tosspareparts.com\/#organization\"},\"potentialAction\":[{\"@type\":\"SearchAction\",\"target\":{\"@type\":\"EntryPoint\",\"urlTemplate\":\"https:\/\/www.tosspareparts.com\/?s={search_term_string}\"},\"query-input\":{\"@type\":\"PropertyValueSpecification\",\"valueRequired\":true,\"valueName\":\"search_term_string\"}}],\"inLanguage\":\"fr-FR\"},{\"@type\":\"Organization\",\"@id\":\"https:\/\/www.tosspareparts.com\/#organization\",\"name\":\"JTECHNIK, s.r.o.\",\"url\":\"https:\/\/www.tosspareparts.com\/\",\"logo\":{\"@type\":\"ImageObject\",\"inLanguage\":\"fr-FR\",\"@id\":\"https:\/\/www.tosspareparts.com\/#\/schema\/logo\/image\/\",\"url\":\"https:\/\/www.tosspareparts.com\/wp-content\/uploads\/2017\/05\/logo-JT-web.png\",\"contentUrl\":\"https:\/\/www.tosspareparts.com\/wp-content\/uploads\/2017\/05\/logo-JT-web.png\",\"width\":333,\"height\":115,\"caption\":\"JTECHNIK, s.r.o.\"},\"image\":{\"@id\":\"https:\/\/www.tosspareparts.com\/#\/schema\/logo\/image\/\"}}]}<\/script>\n<!-- \/ Yoast SEO plugin. -->","yoast_head_json":{"title":"Pompe de refroidissement PA70M - 240 V - 180 mm | Accessoires de refroidissement | TOS Spare Parts","description":"PA-70M coolant pump. Immersion depth: 180 mm. Power supply: 1x240V. Cooling pump for machining on machine tools.","robots":{"index":"index","follow":"follow","max-snippet":"max-snippet:-1","max-image-preview":"max-image-preview:large","max-video-preview":"max-video-preview:-1"},"canonical":"https:\/\/www.tosspareparts.com\/fr\/product\/pompe-de-refroidissement-pa70m-240-v-180-mm\/","og_locale":"fr_FR","og_type":"article","og_title":"Pompe de refroidissement PA70M - 240 V - 180 mm | Accessoires de refroidissement | TOS Spare Parts","og_description":"PA-70M coolant pump. Immersion depth: 180 mm. Power supply: 1x240V. Cooling pump for machining on machine tools.","og_url":"https:\/\/www.tosspareparts.com\/fr\/product\/pompe-de-refroidissement-pa70m-240-v-180-mm\/","og_site_name":"TOS Spare Parts","og_image":[{"width":300,"height":300,"url":"https:\/\/www.tosspareparts.com\/wp-content\/uploads\/2024\/03\/Kuehlpumpen-2.jpg","type":"image\/jpeg"}],"twitter_card":"summary_large_image","twitter_title":"Pompe de refroidissement PA70M - 240 V - 180 mm | Accessoires de refroidissement | TOS Spare Parts","schema":{"@context":"https:\/\/schema.org","@graph":[{"@type":"WebPage","@id":"https:\/\/www.tosspareparts.com\/fr\/product\/pompe-de-refroidissement-pa70m-240-v-180-mm\/","url":"https:\/\/www.tosspareparts.com\/fr\/product\/pompe-de-refroidissement-pa70m-240-v-180-mm\/","name":"Pompe de refroidissement PA70M - 240 V - 180 mm | Accessoires de refroidissement | TOS Spare Parts","isPartOf":{"@id":"https:\/\/www.tosspareparts.com\/#website"},"primaryImageOfPage":{"@id":"https:\/\/www.tosspareparts.com\/fr\/product\/pompe-de-refroidissement-pa70m-240-v-180-mm\/#primaryimage"},"image":{"@id":"https:\/\/www.tosspareparts.com\/fr\/product\/pompe-de-refroidissement-pa70m-240-v-180-mm\/#primaryimage"},"thumbnailUrl":"https:\/\/www.tosspareparts.com\/wp-content\/uploads\/2024\/03\/Kuehlpumpen-2.jpg","datePublished":"2026-03-17T14:03:01+00:00","description":"PA-70M coolant pump. Immersion depth: 180 mm. Power supply: 1x240V. Cooling pump for machining on machine tools.","breadcrumb":{"@id":"https:\/\/www.tosspareparts.com\/fr\/product\/pompe-de-refroidissement-pa70m-240-v-180-mm\/#breadcrumb"},"inLanguage":"fr-FR","potentialAction":[{"@type":"ReadAction","target":["https:\/\/www.tosspareparts.com\/fr\/product\/pompe-de-refroidissement-pa70m-240-v-180-mm\/"]}]},{"@type":"ImageObject","inLanguage":"fr-FR","@id":"https:\/\/www.tosspareparts.com\/fr\/product\/pompe-de-refroidissement-pa70m-240-v-180-mm\/#primaryimage","url":"https:\/\/www.tosspareparts.com\/wp-content\/uploads\/2024\/03\/Kuehlpumpen-2.jpg","contentUrl":"https:\/\/www.tosspareparts.com\/wp-content\/uploads\/2024\/03\/Kuehlpumpen-2.jpg","width":300,"height":300,"caption":"Pompes de refroidissement"},{"@type":"BreadcrumbList","@id":"https:\/\/www.tosspareparts.com\/fr\/product\/pompe-de-refroidissement-pa70m-240-v-180-mm\/#breadcrumb","itemListElement":[{"@type":"ListItem","position":1,"name":"Home","item":"https:\/\/www.tosspareparts.com\/fr\/"},{"@type":"ListItem","position":2,"name":"Boutique","item":"https:\/\/www.tosspareparts.com\/fr\/boutique\/"},{"@type":"ListItem","position":3,"name":"Pompe de refroidissement PA70M &#8211; 240 V &#8211; 180 mm"}]},{"@type":"WebSite","@id":"https:\/\/www.tosspareparts.com\/#website","url":"https:\/\/www.tosspareparts.com\/","name":"TOS Spare Parts","description":"Spare parts and accessories for metalworking machines","publisher":{"@id":"https:\/\/www.tosspareparts.com\/#organization"},"potentialAction":[{"@type":"SearchAction","target":{"@type":"EntryPoint","urlTemplate":"https:\/\/www.tosspareparts.com\/?s={search_term_string}"},"query-input":{"@type":"PropertyValueSpecification","valueRequired":true,"valueName":"search_term_string"}}],"inLanguage":"fr-FR"},{"@type":"Organization","@id":"https:\/\/www.tosspareparts.com\/#organization","name":"JTECHNIK, s.r.o.","url":"https:\/\/www.tosspareparts.com\/","logo":{"@type":"ImageObject","inLanguage":"fr-FR","@id":"https:\/\/www.tosspareparts.com\/#\/schema\/logo\/image\/","url":"https:\/\/www.tosspareparts.com\/wp-content\/uploads\/2017\/05\/logo-JT-web.png","contentUrl":"https:\/\/www.tosspareparts.com\/wp-content\/uploads\/2017\/05\/logo-JT-web.png","width":333,"height":115,"caption":"JTECHNIK, s.r.o."},"image":{"@id":"https:\/\/www.tosspareparts.com\/#\/schema\/logo\/image\/"}}]}},"jetpack_sharing_enabled":true,"_links":{"self":[{"href":"https:\/\/www.tosspareparts.com\/fr\/wp-json\/wp\/v2\/product\/74186","targetHints":{"allow":["GET"]}}],"collection":[{"href":"https:\/\/www.tosspareparts.com\/fr\/wp-json\/wp\/v2\/product"}],"about":[{"href":"https:\/\/www.tosspareparts.com\/fr\/wp-json\/wp\/v2\/types\/product"}],"replies":[{"embeddable":true,"href":"https:\/\/www.tosspareparts.com\/fr\/wp-json\/wp\/v2\/comments?post=74186"}],"wp:featuredmedia":[{"embeddable":true,"href":"https:\/\/www.tosspareparts.com\/fr\/wp-json\/wp\/v2\/media\/30685"}],"wp:attachment":[{"href":"https:\/\/www.tosspareparts.com\/fr\/wp-json\/wp\/v2\/media?parent=74186"}],"wp:term":[{"taxonomy":"product_brand","embeddable":true,"href":"https:\/\/www.tosspareparts.com\/fr\/wp-json\/wp\/v2\/product_brand?post=74186"},{"taxonomy":"product_cat","embeddable":true,"href":"https:\/\/www.tosspareparts.com\/fr\/wp-json\/wp\/v2\/product_cat?post=74186"},{"taxonomy":"product_tag","embeddable":true,"href":"https:\/\/www.tosspareparts.com\/fr\/wp-json\/wp\/v2\/product_tag?post=74186"}],"curies":[{"name":"wp","href":"https:\/\/api.w.org\/{rel}","templated":true}]}}