{"id":74229,"date":"2026-03-17T15:04:05","date_gmt":"2026-03-17T14:04:05","guid":{"rendered":"https:\/\/www.tosspareparts.com\/product\/rondelle-de-retenue-9020160\/"},"modified":"2026-03-02T16:47:19","modified_gmt":"2026-03-02T15:47:19","slug":"rondelle-de-retenue-9020160","status":"publish","type":"product","link":"https:\/\/www.tosspareparts.com\/fr\/product\/rondelle-de-retenue-9020160\/","title":{"rendered":"Rondelle de retenue &#8211; 9020160"},"content":{"rendered":"","protected":false},"excerpt":{"rendered":"<p>Rondelle de retenue &#8211; 9020160 de bo\u00eete de vitesses pour tour SV18R et SV18RA.<\/p>\n","protected":false},"featured_media":71431,"comment_status":"closed","ping_status":"open","template":"","meta":[],"product_brand":[],"product_cat":[5480,5483],"product_tag":[3258],"class_list":{"0":"post-74229","1":"product","2":"type-product","3":"status-publish","4":"has-post-thumbnail","6":"product_cat-piece-detachees-sv18r-ra-rd","7":"product_cat-speed-gearbox-902000","8":"product_tag-jtechnik-fr","10":"first","11":"instock","12":"taxable","13":"shipping-taxable","14":"purchasable","15":"product-type-simple"},"yoast_head":"<!-- This site is optimized with the Yoast SEO plugin v26.5 - https:\/\/yoast.com\/wordpress\/plugins\/seo\/ -->\n<title>Rondelle de retenue - 9020160 | Pi\u00e8ces d\u00e9tach\u00e9es SV18R\/RA\/RD | TOS Spare Parts<\/title>\n<meta name=\"description\" content=\"Rondelle de retenue - 9020160 de bo\u00eete de vitesses pour tour SV18R er SV18RA. Pi\u00e8ces de rechange et accessoires pour tours TOS \/ TRENS Tren\u010d\u00edn.\" \/>\n<meta name=\"robots\" content=\"index, follow, max-snippet:-1, max-image-preview:large, max-video-preview:-1\" \/>\n<link rel=\"canonical\" href=\"https:\/\/www.tosspareparts.com\/fr\/product\/rondelle-de-retenue-9020160\/\" \/>\n<meta property=\"og:locale\" content=\"fr_FR\" \/>\n<meta property=\"og:type\" content=\"article\" \/>\n<meta property=\"og:title\" content=\"Rondelle de retenue - 9020160 | Pi\u00e8ces d\u00e9tach\u00e9es SV18R\/RA\/RD | TOS Spare Parts\" \/>\n<meta property=\"og:description\" content=\"Rondelle de retenue - 9020160 de bo\u00eete de vitesses pour tour SV18R er SV18RA. Pi\u00e8ces de rechange et accessoires pour tours TOS \/ TRENS Tren\u010d\u00edn.\" \/>\n<meta property=\"og:url\" content=\"https:\/\/www.tosspareparts.com\/fr\/product\/rondelle-de-retenue-9020160\/\" \/>\n<meta property=\"og:site_name\" content=\"TOS Spare Parts\" \/>\n<meta property=\"og:image\" content=\"https:\/\/www.tosspareparts.com\/wp-content\/uploads\/2024\/04\/Locking-washer-9020160.jpg\" \/>\n\t<meta property=\"og:image:width\" content=\"500\" \/>\n\t<meta property=\"og:image:height\" content=\"500\" \/>\n\t<meta property=\"og:image:type\" content=\"image\/jpeg\" \/>\n<meta name=\"twitter:card\" content=\"summary_large_image\" \/>\n<meta name=\"twitter:title\" content=\"Rondelle de retenue - 9020160 | Pi\u00e8ces d\u00e9tach\u00e9es SV18R\/RA\/RD | TOS Spare Parts\" \/>\n<script type=\"application\/ld+json\" class=\"yoast-schema-graph\">{\"@context\":\"https:\/\/schema.org\",\"@graph\":[{\"@type\":\"WebPage\",\"@id\":\"https:\/\/www.tosspareparts.com\/fr\/product\/rondelle-de-retenue-9020160\/\",\"url\":\"https:\/\/www.tosspareparts.com\/fr\/product\/rondelle-de-retenue-9020160\/\",\"name\":\"Rondelle de retenue - 9020160 | Pi\u00e8ces d\u00e9tach\u00e9es SV18R\/RA\/RD | TOS Spare Parts\",\"isPartOf\":{\"@id\":\"https:\/\/www.tosspareparts.com\/#website\"},\"primaryImageOfPage\":{\"@id\":\"https:\/\/www.tosspareparts.com\/fr\/product\/rondelle-de-retenue-9020160\/#primaryimage\"},\"image\":{\"@id\":\"https:\/\/www.tosspareparts.com\/fr\/product\/rondelle-de-retenue-9020160\/#primaryimage\"},\"thumbnailUrl\":\"https:\/\/www.tosspareparts.com\/wp-content\/uploads\/2024\/04\/Locking-washer-9020160.jpg\",\"datePublished\":\"2026-03-17T14:04:05+00:00\",\"description\":\"Rondelle de retenue - 9020160 de bo\u00eete de vitesses pour tour SV18R er SV18RA. Pi\u00e8ces de rechange et accessoires pour tours TOS \/ TRENS Tren\u010d\u00edn.\",\"breadcrumb\":{\"@id\":\"https:\/\/www.tosspareparts.com\/fr\/product\/rondelle-de-retenue-9020160\/#breadcrumb\"},\"inLanguage\":\"fr-FR\",\"potentialAction\":[{\"@type\":\"ReadAction\",\"target\":[\"https:\/\/www.tosspareparts.com\/fr\/product\/rondelle-de-retenue-9020160\/\"]}]},{\"@type\":\"ImageObject\",\"inLanguage\":\"fr-FR\",\"@id\":\"https:\/\/www.tosspareparts.com\/fr\/product\/rondelle-de-retenue-9020160\/#primaryimage\",\"url\":\"https:\/\/www.tosspareparts.com\/wp-content\/uploads\/2024\/04\/Locking-washer-9020160.jpg\",\"contentUrl\":\"https:\/\/www.tosspareparts.com\/wp-content\/uploads\/2024\/04\/Locking-washer-9020160.jpg\",\"width\":500,\"height\":500,\"caption\":\"SV18RA - 9020159 - Rondelle de retenue - 9020159\"},{\"@type\":\"BreadcrumbList\",\"@id\":\"https:\/\/www.tosspareparts.com\/fr\/product\/rondelle-de-retenue-9020160\/#breadcrumb\",\"itemListElement\":[{\"@type\":\"ListItem\",\"position\":1,\"name\":\"Home\",\"item\":\"https:\/\/www.tosspareparts.com\/fr\/\"},{\"@type\":\"ListItem\",\"position\":2,\"name\":\"Boutique\",\"item\":\"https:\/\/www.tosspareparts.com\/fr\/boutique\/\"},{\"@type\":\"ListItem\",\"position\":3,\"name\":\"Rondelle de retenue &#8211; 9020160\"}]},{\"@type\":\"WebSite\",\"@id\":\"https:\/\/www.tosspareparts.com\/#website\",\"url\":\"https:\/\/www.tosspareparts.com\/\",\"name\":\"TOS Spare Parts\",\"description\":\"Spare parts and accessories for metalworking machines\",\"publisher\":{\"@id\":\"https:\/\/www.tosspareparts.com\/#organization\"},\"potentialAction\":[{\"@type\":\"SearchAction\",\"target\":{\"@type\":\"EntryPoint\",\"urlTemplate\":\"https:\/\/www.tosspareparts.com\/?s={search_term_string}\"},\"query-input\":{\"@type\":\"PropertyValueSpecification\",\"valueRequired\":true,\"valueName\":\"search_term_string\"}}],\"inLanguage\":\"fr-FR\"},{\"@type\":\"Organization\",\"@id\":\"https:\/\/www.tosspareparts.com\/#organization\",\"name\":\"JTECHNIK, s.r.o.\",\"url\":\"https:\/\/www.tosspareparts.com\/\",\"logo\":{\"@type\":\"ImageObject\",\"inLanguage\":\"fr-FR\",\"@id\":\"https:\/\/www.tosspareparts.com\/#\/schema\/logo\/image\/\",\"url\":\"https:\/\/www.tosspareparts.com\/wp-content\/uploads\/2017\/05\/logo-JT-web.png\",\"contentUrl\":\"https:\/\/www.tosspareparts.com\/wp-content\/uploads\/2017\/05\/logo-JT-web.png\",\"width\":333,\"height\":115,\"caption\":\"JTECHNIK, s.r.o.\"},\"image\":{\"@id\":\"https:\/\/www.tosspareparts.com\/#\/schema\/logo\/image\/\"}}]}<\/script>\n<!-- \/ Yoast SEO plugin. -->","yoast_head_json":{"title":"Rondelle de retenue - 9020160 | Pi\u00e8ces d\u00e9tach\u00e9es SV18R\/RA\/RD | TOS Spare Parts","description":"Rondelle de retenue - 9020160 de bo\u00eete de vitesses pour tour SV18R er SV18RA. Pi\u00e8ces de rechange et accessoires pour tours TOS \/ TRENS Tren\u010d\u00edn.","robots":{"index":"index","follow":"follow","max-snippet":"max-snippet:-1","max-image-preview":"max-image-preview:large","max-video-preview":"max-video-preview:-1"},"canonical":"https:\/\/www.tosspareparts.com\/fr\/product\/rondelle-de-retenue-9020160\/","og_locale":"fr_FR","og_type":"article","og_title":"Rondelle de retenue - 9020160 | Pi\u00e8ces d\u00e9tach\u00e9es SV18R\/RA\/RD | TOS Spare Parts","og_description":"Rondelle de retenue - 9020160 de bo\u00eete de vitesses pour tour SV18R er SV18RA. Pi\u00e8ces de rechange et accessoires pour tours TOS \/ TRENS Tren\u010d\u00edn.","og_url":"https:\/\/www.tosspareparts.com\/fr\/product\/rondelle-de-retenue-9020160\/","og_site_name":"TOS Spare Parts","og_image":[{"width":500,"height":500,"url":"https:\/\/www.tosspareparts.com\/wp-content\/uploads\/2024\/04\/Locking-washer-9020160.jpg","type":"image\/jpeg"}],"twitter_card":"summary_large_image","twitter_title":"Rondelle de retenue - 9020160 | Pi\u00e8ces d\u00e9tach\u00e9es SV18R\/RA\/RD | TOS Spare Parts","schema":{"@context":"https:\/\/schema.org","@graph":[{"@type":"WebPage","@id":"https:\/\/www.tosspareparts.com\/fr\/product\/rondelle-de-retenue-9020160\/","url":"https:\/\/www.tosspareparts.com\/fr\/product\/rondelle-de-retenue-9020160\/","name":"Rondelle de retenue - 9020160 | Pi\u00e8ces d\u00e9tach\u00e9es SV18R\/RA\/RD | TOS Spare Parts","isPartOf":{"@id":"https:\/\/www.tosspareparts.com\/#website"},"primaryImageOfPage":{"@id":"https:\/\/www.tosspareparts.com\/fr\/product\/rondelle-de-retenue-9020160\/#primaryimage"},"image":{"@id":"https:\/\/www.tosspareparts.com\/fr\/product\/rondelle-de-retenue-9020160\/#primaryimage"},"thumbnailUrl":"https:\/\/www.tosspareparts.com\/wp-content\/uploads\/2024\/04\/Locking-washer-9020160.jpg","datePublished":"2026-03-17T14:04:05+00:00","description":"Rondelle de retenue - 9020160 de bo\u00eete de vitesses pour tour SV18R er SV18RA. Pi\u00e8ces de rechange et accessoires pour tours TOS \/ TRENS Tren\u010d\u00edn.","breadcrumb":{"@id":"https:\/\/www.tosspareparts.com\/fr\/product\/rondelle-de-retenue-9020160\/#breadcrumb"},"inLanguage":"fr-FR","potentialAction":[{"@type":"ReadAction","target":["https:\/\/www.tosspareparts.com\/fr\/product\/rondelle-de-retenue-9020160\/"]}]},{"@type":"ImageObject","inLanguage":"fr-FR","@id":"https:\/\/www.tosspareparts.com\/fr\/product\/rondelle-de-retenue-9020160\/#primaryimage","url":"https:\/\/www.tosspareparts.com\/wp-content\/uploads\/2024\/04\/Locking-washer-9020160.jpg","contentUrl":"https:\/\/www.tosspareparts.com\/wp-content\/uploads\/2024\/04\/Locking-washer-9020160.jpg","width":500,"height":500,"caption":"SV18RA - 9020159 - Rondelle de retenue - 9020159"},{"@type":"BreadcrumbList","@id":"https:\/\/www.tosspareparts.com\/fr\/product\/rondelle-de-retenue-9020160\/#breadcrumb","itemListElement":[{"@type":"ListItem","position":1,"name":"Home","item":"https:\/\/www.tosspareparts.com\/fr\/"},{"@type":"ListItem","position":2,"name":"Boutique","item":"https:\/\/www.tosspareparts.com\/fr\/boutique\/"},{"@type":"ListItem","position":3,"name":"Rondelle de retenue &#8211; 9020160"}]},{"@type":"WebSite","@id":"https:\/\/www.tosspareparts.com\/#website","url":"https:\/\/www.tosspareparts.com\/","name":"TOS Spare Parts","description":"Spare parts and accessories for metalworking machines","publisher":{"@id":"https:\/\/www.tosspareparts.com\/#organization"},"potentialAction":[{"@type":"SearchAction","target":{"@type":"EntryPoint","urlTemplate":"https:\/\/www.tosspareparts.com\/?s={search_term_string}"},"query-input":{"@type":"PropertyValueSpecification","valueRequired":true,"valueName":"search_term_string"}}],"inLanguage":"fr-FR"},{"@type":"Organization","@id":"https:\/\/www.tosspareparts.com\/#organization","name":"JTECHNIK, s.r.o.","url":"https:\/\/www.tosspareparts.com\/","logo":{"@type":"ImageObject","inLanguage":"fr-FR","@id":"https:\/\/www.tosspareparts.com\/#\/schema\/logo\/image\/","url":"https:\/\/www.tosspareparts.com\/wp-content\/uploads\/2017\/05\/logo-JT-web.png","contentUrl":"https:\/\/www.tosspareparts.com\/wp-content\/uploads\/2017\/05\/logo-JT-web.png","width":333,"height":115,"caption":"JTECHNIK, s.r.o."},"image":{"@id":"https:\/\/www.tosspareparts.com\/#\/schema\/logo\/image\/"}}]}},"jetpack_sharing_enabled":true,"_links":{"self":[{"href":"https:\/\/www.tosspareparts.com\/fr\/wp-json\/wp\/v2\/product\/74229","targetHints":{"allow":["GET"]}}],"collection":[{"href":"https:\/\/www.tosspareparts.com\/fr\/wp-json\/wp\/v2\/product"}],"about":[{"href":"https:\/\/www.tosspareparts.com\/fr\/wp-json\/wp\/v2\/types\/product"}],"replies":[{"embeddable":true,"href":"https:\/\/www.tosspareparts.com\/fr\/wp-json\/wp\/v2\/comments?post=74229"}],"wp:featuredmedia":[{"embeddable":true,"href":"https:\/\/www.tosspareparts.com\/fr\/wp-json\/wp\/v2\/media\/71431"}],"wp:attachment":[{"href":"https:\/\/www.tosspareparts.com\/fr\/wp-json\/wp\/v2\/media?parent=74229"}],"wp:term":[{"taxonomy":"product_brand","embeddable":true,"href":"https:\/\/www.tosspareparts.com\/fr\/wp-json\/wp\/v2\/product_brand?post=74229"},{"taxonomy":"product_cat","embeddable":true,"href":"https:\/\/www.tosspareparts.com\/fr\/wp-json\/wp\/v2\/product_cat?post=74229"},{"taxonomy":"product_tag","embeddable":true,"href":"https:\/\/www.tosspareparts.com\/fr\/wp-json\/wp\/v2\/product_tag?post=74229"}],"curies":[{"name":"wp","href":"https:\/\/api.w.org\/{rel}","templated":true}]}}