{"id":74337,"date":"2026-04-02T15:09:07","date_gmt":"2026-04-02T13:09:07","guid":{"rendered":"https:\/\/www.tosspareparts.com\/product\/tourelle-carree-sv18ra-avec-vis-levier-et-clef\/"},"modified":"2026-03-02T16:49:44","modified_gmt":"2026-03-02T15:49:44","slug":"tourelle-carree-sv18ra-avec-vis-levier-et-clef","status":"publish","type":"product","link":"https:\/\/www.tosspareparts.com\/fr\/product\/tourelle-carree-sv18ra-avec-vis-levier-et-clef\/","title":{"rendered":"Tourelle carr\u00e9e SV18RA avec vis, levier et clef"},"content":{"rendered":"","protected":false},"excerpt":{"rendered":"<p>Tourelle carr\u00e9e SV18RA avec vis, levier et clef pour tour SV18R, SV18RA et SV18RD.<\/p>\n","protected":false},"featured_media":72087,"comment_status":"closed","ping_status":"open","template":"","meta":[],"product_brand":[],"product_cat":[5480,5484],"product_tag":[3258],"class_list":{"0":"post-74337","1":"product","2":"type-product","3":"status-publish","4":"has-post-thumbnail","6":"product_cat-piece-detachees-sv18r-ra-rd","7":"product_cat-carriage-and-slides-906000","8":"product_tag-jtechnik-fr","10":"first","11":"instock","12":"taxable","13":"shipping-taxable","14":"purchasable","15":"product-type-simple"},"yoast_head":"<!-- This site is optimized with the Yoast SEO plugin v26.5 - https:\/\/yoast.com\/wordpress\/plugins\/seo\/ -->\n<title>Tourelle carr\u00e9e SV18RA avec vis, levier et clef | Pi\u00e8ces d\u00e9tach\u00e9es SV18R\/RA\/RD | TOS Spare Parts<\/title>\n<meta name=\"description\" content=\"Tourelle carr\u00e9e SV18RA avec vis, levier et clef pour tour SV18R, SV18RA et SV18RD. Pi\u00e8ces de rechange et accessoires pour tours TOS \/ TRENS Tren\u010d\u00edn.\" \/>\n<meta name=\"robots\" content=\"index, follow, max-snippet:-1, max-image-preview:large, max-video-preview:-1\" \/>\n<link rel=\"canonical\" href=\"https:\/\/www.tosspareparts.com\/fr\/product\/tourelle-carree-sv18ra-avec-vis-levier-et-clef\/\" \/>\n<meta property=\"og:locale\" content=\"fr_FR\" \/>\n<meta property=\"og:type\" content=\"article\" \/>\n<meta property=\"og:title\" content=\"Tourelle carr\u00e9e SV18RA avec vis, levier et clef | Pi\u00e8ces d\u00e9tach\u00e9es SV18R\/RA\/RD | TOS Spare Parts\" \/>\n<meta property=\"og:description\" content=\"Tourelle carr\u00e9e SV18RA avec vis, levier et clef pour tour SV18R, SV18RA et SV18RD. Pi\u00e8ces de rechange et accessoires pour tours TOS \/ TRENS Tren\u010d\u00edn.\" \/>\n<meta property=\"og:url\" content=\"https:\/\/www.tosspareparts.com\/fr\/product\/tourelle-carree-sv18ra-avec-vis-levier-et-clef\/\" \/>\n<meta property=\"og:site_name\" content=\"TOS Spare Parts\" \/>\n<meta property=\"og:image\" content=\"https:\/\/www.tosspareparts.com\/wp-content\/uploads\/2024\/04\/Toolblock-SV18RA-with-screws-lever-and-key.jpg\" \/>\n\t<meta property=\"og:image:width\" content=\"1000\" \/>\n\t<meta property=\"og:image:height\" content=\"1000\" \/>\n\t<meta property=\"og:image:type\" content=\"image\/jpeg\" \/>\n<meta name=\"twitter:card\" content=\"summary_large_image\" \/>\n<meta name=\"twitter:title\" content=\"Tourelle carr\u00e9e SV18RA avec vis, levier et clef | Pi\u00e8ces d\u00e9tach\u00e9es SV18R\/RA\/RD | TOS Spare Parts\" \/>\n<script type=\"application\/ld+json\" class=\"yoast-schema-graph\">{\"@context\":\"https:\/\/schema.org\",\"@graph\":[{\"@type\":\"WebPage\",\"@id\":\"https:\/\/www.tosspareparts.com\/fr\/product\/tourelle-carree-sv18ra-avec-vis-levier-et-clef\/\",\"url\":\"https:\/\/www.tosspareparts.com\/fr\/product\/tourelle-carree-sv18ra-avec-vis-levier-et-clef\/\",\"name\":\"Tourelle carr\u00e9e SV18RA avec vis, levier et clef | Pi\u00e8ces d\u00e9tach\u00e9es SV18R\/RA\/RD | TOS Spare Parts\",\"isPartOf\":{\"@id\":\"https:\/\/www.tosspareparts.com\/#website\"},\"primaryImageOfPage\":{\"@id\":\"https:\/\/www.tosspareparts.com\/fr\/product\/tourelle-carree-sv18ra-avec-vis-levier-et-clef\/#primaryimage\"},\"image\":{\"@id\":\"https:\/\/www.tosspareparts.com\/fr\/product\/tourelle-carree-sv18ra-avec-vis-levier-et-clef\/#primaryimage\"},\"thumbnailUrl\":\"https:\/\/www.tosspareparts.com\/wp-content\/uploads\/2024\/04\/Toolblock-SV18RA-with-screws-lever-and-key.jpg\",\"datePublished\":\"2026-04-02T13:09:07+00:00\",\"description\":\"Tourelle carr\u00e9e SV18RA avec vis, levier et clef pour tour SV18R, SV18RA et SV18RD. Pi\u00e8ces de rechange et accessoires pour tours TOS \/ TRENS Tren\u010d\u00edn.\",\"breadcrumb\":{\"@id\":\"https:\/\/www.tosspareparts.com\/fr\/product\/tourelle-carree-sv18ra-avec-vis-levier-et-clef\/#breadcrumb\"},\"inLanguage\":\"fr-FR\",\"potentialAction\":[{\"@type\":\"ReadAction\",\"target\":[\"https:\/\/www.tosspareparts.com\/fr\/product\/tourelle-carree-sv18ra-avec-vis-levier-et-clef\/\"]}]},{\"@type\":\"ImageObject\",\"inLanguage\":\"fr-FR\",\"@id\":\"https:\/\/www.tosspareparts.com\/fr\/product\/tourelle-carree-sv18ra-avec-vis-levier-et-clef\/#primaryimage\",\"url\":\"https:\/\/www.tosspareparts.com\/wp-content\/uploads\/2024\/04\/Toolblock-SV18RA-with-screws-lever-and-key.jpg\",\"contentUrl\":\"https:\/\/www.tosspareparts.com\/wp-content\/uploads\/2024\/04\/Toolblock-SV18RA-with-screws-lever-and-key.jpg\",\"width\":1000,\"height\":1000,\"caption\":\"SV18RA - 906074.04 - Tourelle carr\u00e9e SV18RA avec vis\"},{\"@type\":\"BreadcrumbList\",\"@id\":\"https:\/\/www.tosspareparts.com\/fr\/product\/tourelle-carree-sv18ra-avec-vis-levier-et-clef\/#breadcrumb\",\"itemListElement\":[{\"@type\":\"ListItem\",\"position\":1,\"name\":\"Home\",\"item\":\"https:\/\/www.tosspareparts.com\/fr\/\"},{\"@type\":\"ListItem\",\"position\":2,\"name\":\"Boutique\",\"item\":\"https:\/\/www.tosspareparts.com\/fr\/boutique\/\"},{\"@type\":\"ListItem\",\"position\":3,\"name\":\"Tourelle carr\u00e9e SV18RA avec vis, levier et clef\"}]},{\"@type\":\"WebSite\",\"@id\":\"https:\/\/www.tosspareparts.com\/#website\",\"url\":\"https:\/\/www.tosspareparts.com\/\",\"name\":\"TOS Spare Parts\",\"description\":\"Spare parts and accessories for metalworking machines\",\"publisher\":{\"@id\":\"https:\/\/www.tosspareparts.com\/#organization\"},\"potentialAction\":[{\"@type\":\"SearchAction\",\"target\":{\"@type\":\"EntryPoint\",\"urlTemplate\":\"https:\/\/www.tosspareparts.com\/?s={search_term_string}\"},\"query-input\":{\"@type\":\"PropertyValueSpecification\",\"valueRequired\":true,\"valueName\":\"search_term_string\"}}],\"inLanguage\":\"fr-FR\"},{\"@type\":\"Organization\",\"@id\":\"https:\/\/www.tosspareparts.com\/#organization\",\"name\":\"JTECHNIK, s.r.o.\",\"url\":\"https:\/\/www.tosspareparts.com\/\",\"logo\":{\"@type\":\"ImageObject\",\"inLanguage\":\"fr-FR\",\"@id\":\"https:\/\/www.tosspareparts.com\/#\/schema\/logo\/image\/\",\"url\":\"https:\/\/www.tosspareparts.com\/wp-content\/uploads\/2017\/05\/logo-JT-web.png\",\"contentUrl\":\"https:\/\/www.tosspareparts.com\/wp-content\/uploads\/2017\/05\/logo-JT-web.png\",\"width\":333,\"height\":115,\"caption\":\"JTECHNIK, s.r.o.\"},\"image\":{\"@id\":\"https:\/\/www.tosspareparts.com\/#\/schema\/logo\/image\/\"}}]}<\/script>\n<!-- \/ Yoast SEO plugin. -->","yoast_head_json":{"title":"Tourelle carr\u00e9e SV18RA avec vis, levier et clef | Pi\u00e8ces d\u00e9tach\u00e9es SV18R\/RA\/RD | TOS Spare Parts","description":"Tourelle carr\u00e9e SV18RA avec vis, levier et clef pour tour SV18R, SV18RA et SV18RD. Pi\u00e8ces de rechange et accessoires pour tours TOS \/ TRENS Tren\u010d\u00edn.","robots":{"index":"index","follow":"follow","max-snippet":"max-snippet:-1","max-image-preview":"max-image-preview:large","max-video-preview":"max-video-preview:-1"},"canonical":"https:\/\/www.tosspareparts.com\/fr\/product\/tourelle-carree-sv18ra-avec-vis-levier-et-clef\/","og_locale":"fr_FR","og_type":"article","og_title":"Tourelle carr\u00e9e SV18RA avec vis, levier et clef | Pi\u00e8ces d\u00e9tach\u00e9es SV18R\/RA\/RD | TOS Spare Parts","og_description":"Tourelle carr\u00e9e SV18RA avec vis, levier et clef pour tour SV18R, SV18RA et SV18RD. Pi\u00e8ces de rechange et accessoires pour tours TOS \/ TRENS Tren\u010d\u00edn.","og_url":"https:\/\/www.tosspareparts.com\/fr\/product\/tourelle-carree-sv18ra-avec-vis-levier-et-clef\/","og_site_name":"TOS Spare Parts","og_image":[{"width":1000,"height":1000,"url":"https:\/\/www.tosspareparts.com\/wp-content\/uploads\/2024\/04\/Toolblock-SV18RA-with-screws-lever-and-key.jpg","type":"image\/jpeg"}],"twitter_card":"summary_large_image","twitter_title":"Tourelle carr\u00e9e SV18RA avec vis, levier et clef | Pi\u00e8ces d\u00e9tach\u00e9es SV18R\/RA\/RD | TOS Spare Parts","schema":{"@context":"https:\/\/schema.org","@graph":[{"@type":"WebPage","@id":"https:\/\/www.tosspareparts.com\/fr\/product\/tourelle-carree-sv18ra-avec-vis-levier-et-clef\/","url":"https:\/\/www.tosspareparts.com\/fr\/product\/tourelle-carree-sv18ra-avec-vis-levier-et-clef\/","name":"Tourelle carr\u00e9e SV18RA avec vis, levier et clef | Pi\u00e8ces d\u00e9tach\u00e9es SV18R\/RA\/RD | TOS Spare Parts","isPartOf":{"@id":"https:\/\/www.tosspareparts.com\/#website"},"primaryImageOfPage":{"@id":"https:\/\/www.tosspareparts.com\/fr\/product\/tourelle-carree-sv18ra-avec-vis-levier-et-clef\/#primaryimage"},"image":{"@id":"https:\/\/www.tosspareparts.com\/fr\/product\/tourelle-carree-sv18ra-avec-vis-levier-et-clef\/#primaryimage"},"thumbnailUrl":"https:\/\/www.tosspareparts.com\/wp-content\/uploads\/2024\/04\/Toolblock-SV18RA-with-screws-lever-and-key.jpg","datePublished":"2026-04-02T13:09:07+00:00","description":"Tourelle carr\u00e9e SV18RA avec vis, levier et clef pour tour SV18R, SV18RA et SV18RD. Pi\u00e8ces de rechange et accessoires pour tours TOS \/ TRENS Tren\u010d\u00edn.","breadcrumb":{"@id":"https:\/\/www.tosspareparts.com\/fr\/product\/tourelle-carree-sv18ra-avec-vis-levier-et-clef\/#breadcrumb"},"inLanguage":"fr-FR","potentialAction":[{"@type":"ReadAction","target":["https:\/\/www.tosspareparts.com\/fr\/product\/tourelle-carree-sv18ra-avec-vis-levier-et-clef\/"]}]},{"@type":"ImageObject","inLanguage":"fr-FR","@id":"https:\/\/www.tosspareparts.com\/fr\/product\/tourelle-carree-sv18ra-avec-vis-levier-et-clef\/#primaryimage","url":"https:\/\/www.tosspareparts.com\/wp-content\/uploads\/2024\/04\/Toolblock-SV18RA-with-screws-lever-and-key.jpg","contentUrl":"https:\/\/www.tosspareparts.com\/wp-content\/uploads\/2024\/04\/Toolblock-SV18RA-with-screws-lever-and-key.jpg","width":1000,"height":1000,"caption":"SV18RA - 906074.04 - Tourelle carr\u00e9e SV18RA avec vis"},{"@type":"BreadcrumbList","@id":"https:\/\/www.tosspareparts.com\/fr\/product\/tourelle-carree-sv18ra-avec-vis-levier-et-clef\/#breadcrumb","itemListElement":[{"@type":"ListItem","position":1,"name":"Home","item":"https:\/\/www.tosspareparts.com\/fr\/"},{"@type":"ListItem","position":2,"name":"Boutique","item":"https:\/\/www.tosspareparts.com\/fr\/boutique\/"},{"@type":"ListItem","position":3,"name":"Tourelle carr\u00e9e SV18RA avec vis, levier et clef"}]},{"@type":"WebSite","@id":"https:\/\/www.tosspareparts.com\/#website","url":"https:\/\/www.tosspareparts.com\/","name":"TOS Spare Parts","description":"Spare parts and accessories for metalworking machines","publisher":{"@id":"https:\/\/www.tosspareparts.com\/#organization"},"potentialAction":[{"@type":"SearchAction","target":{"@type":"EntryPoint","urlTemplate":"https:\/\/www.tosspareparts.com\/?s={search_term_string}"},"query-input":{"@type":"PropertyValueSpecification","valueRequired":true,"valueName":"search_term_string"}}],"inLanguage":"fr-FR"},{"@type":"Organization","@id":"https:\/\/www.tosspareparts.com\/#organization","name":"JTECHNIK, s.r.o.","url":"https:\/\/www.tosspareparts.com\/","logo":{"@type":"ImageObject","inLanguage":"fr-FR","@id":"https:\/\/www.tosspareparts.com\/#\/schema\/logo\/image\/","url":"https:\/\/www.tosspareparts.com\/wp-content\/uploads\/2017\/05\/logo-JT-web.png","contentUrl":"https:\/\/www.tosspareparts.com\/wp-content\/uploads\/2017\/05\/logo-JT-web.png","width":333,"height":115,"caption":"JTECHNIK, s.r.o."},"image":{"@id":"https:\/\/www.tosspareparts.com\/#\/schema\/logo\/image\/"}}]}},"jetpack_sharing_enabled":true,"_links":{"self":[{"href":"https:\/\/www.tosspareparts.com\/fr\/wp-json\/wp\/v2\/product\/74337","targetHints":{"allow":["GET"]}}],"collection":[{"href":"https:\/\/www.tosspareparts.com\/fr\/wp-json\/wp\/v2\/product"}],"about":[{"href":"https:\/\/www.tosspareparts.com\/fr\/wp-json\/wp\/v2\/types\/product"}],"replies":[{"embeddable":true,"href":"https:\/\/www.tosspareparts.com\/fr\/wp-json\/wp\/v2\/comments?post=74337"}],"wp:featuredmedia":[{"embeddable":true,"href":"https:\/\/www.tosspareparts.com\/fr\/wp-json\/wp\/v2\/media\/72087"}],"wp:attachment":[{"href":"https:\/\/www.tosspareparts.com\/fr\/wp-json\/wp\/v2\/media?parent=74337"}],"wp:term":[{"taxonomy":"product_brand","embeddable":true,"href":"https:\/\/www.tosspareparts.com\/fr\/wp-json\/wp\/v2\/product_brand?post=74337"},{"taxonomy":"product_cat","embeddable":true,"href":"https:\/\/www.tosspareparts.com\/fr\/wp-json\/wp\/v2\/product_cat?post=74337"},{"taxonomy":"product_tag","embeddable":true,"href":"https:\/\/www.tosspareparts.com\/fr\/wp-json\/wp\/v2\/product_tag?post=74337"}],"curies":[{"name":"wp","href":"https:\/\/api.w.org\/{rel}","templated":true}]}}