{"id":74508,"date":"2026-03-17T15:11:52","date_gmt":"2026-03-17T14:11:52","guid":{"rendered":"https:\/\/www.tosspareparts.com\/product\/arbre-iii-807020\/"},"modified":"2026-03-02T16:53:03","modified_gmt":"2026-03-02T15:53:03","slug":"arbre-iii-807020","status":"publish","type":"product","link":"https:\/\/www.tosspareparts.com\/fr\/product\/arbre-iii-807020\/","title":{"rendered":"Arbre III &#8211; 807020"},"content":{"rendered":"<h2>T\u00e9l\u00e9chargement<\/h2>\n<p><a href=\"https:\/\/www.tosspareparts.com\/wp-content\/uploads\/2024\/08\/Catalogue-spare-parts-SN40-50-multi.pdf\" target=\"_blank\" rel=\"noopener\">Catalogue des pi\u00e8ces de rechange SN40-50B<\/a><\/p>\n<p><a href=\"https:\/\/www.tosspareparts.com\/wp-content\/uploads\/2024\/08\/Catalogue-SP-SN55-71-EN-DE-ES-FR.pdf\" target=\"_blank\" rel=\"noopener\">Catalogue des pi\u00e8ces de rechange SN55-71B<\/a><\/p>\n","protected":false},"excerpt":{"rendered":"<p>Arbre III &#8211; 807020 pour tablier pour tour SN32, SN40-50 et SN55-71.<\/p>\n","protected":false},"featured_media":73154,"comment_status":"closed","ping_status":"open","template":"","meta":[],"product_brand":[],"product_cat":[5631,5588,5490,5498,5503,5590,5595,5496],"product_tag":[3258],"class_list":{"0":"post-74508","1":"product","2":"type-product","3":"status-publish","4":"has-post-thumbnail","6":"product_cat-tablier-sn32","7":"product_cat-piece-detachees-sn32","8":"product_cat-piece-detachees-sn40-45-50","9":"product_cat-piece-detachees-sn55-63-71","10":"product_cat-tablier-707000","11":"product_cat-piece-detachees-sn500-710","12":"product_cat-tablier-sn500-710","13":"product_cat-tablier-807000","14":"product_tag-jtechnik-fr","16":"first","17":"instock","18":"taxable","19":"shipping-taxable","20":"purchasable","21":"product-type-simple"},"yoast_head":"<!-- This site is optimized with the Yoast SEO plugin v26.5 - https:\/\/yoast.com\/wordpress\/plugins\/seo\/ -->\n<title>Arbre III - 807020 | Pi\u00e8ces d\u00e9tach\u00e9es SN40-50 | TOS Spare Parts<\/title>\n<meta name=\"description\" content=\"Arbre III - 807020 pour bo\u00eete de filetage pour tours SN40-50 et SN55-71. Pi\u00e8ces de rechange et accessoires pour tours TOS \/ TRENS Tren\u010d\u00edn.\" \/>\n<meta name=\"robots\" content=\"index, follow, max-snippet:-1, max-image-preview:large, max-video-preview:-1\" \/>\n<link rel=\"canonical\" href=\"https:\/\/www.tosspareparts.com\/fr\/product\/arbre-iii-807020\/\" \/>\n<meta property=\"og:locale\" content=\"fr_FR\" \/>\n<meta property=\"og:type\" content=\"article\" \/>\n<meta property=\"og:title\" content=\"Arbre III - 807020 | Pi\u00e8ces d\u00e9tach\u00e9es SN40-50 | TOS Spare Parts\" \/>\n<meta property=\"og:description\" content=\"Arbre III - 807020 pour bo\u00eete de filetage pour tours SN40-50 et SN55-71. Pi\u00e8ces de rechange et accessoires pour tours TOS \/ TRENS Tren\u010d\u00edn.\" \/>\n<meta property=\"og:url\" content=\"https:\/\/www.tosspareparts.com\/fr\/product\/arbre-iii-807020\/\" \/>\n<meta property=\"og:site_name\" content=\"TOS Spare Parts\" \/>\n<meta property=\"og:image\" content=\"https:\/\/www.tosspareparts.com\/wp-content\/uploads\/2024\/04\/Shaft-III-807020.jpg\" \/>\n\t<meta property=\"og:image:width\" content=\"600\" \/>\n\t<meta property=\"og:image:height\" content=\"600\" \/>\n\t<meta property=\"og:image:type\" content=\"image\/jpeg\" \/>\n<meta name=\"twitter:card\" content=\"summary_large_image\" \/>\n<meta name=\"twitter:title\" content=\"Arbre III - 807020 | Pi\u00e8ces d\u00e9tach\u00e9es SN40-50 | TOS Spare Parts\" \/>\n<script type=\"application\/ld+json\" class=\"yoast-schema-graph\">{\"@context\":\"https:\/\/schema.org\",\"@graph\":[{\"@type\":\"WebPage\",\"@id\":\"https:\/\/www.tosspareparts.com\/fr\/product\/arbre-iii-807020\/\",\"url\":\"https:\/\/www.tosspareparts.com\/fr\/product\/arbre-iii-807020\/\",\"name\":\"Arbre III - 807020 | Pi\u00e8ces d\u00e9tach\u00e9es SN40-50 | TOS Spare Parts\",\"isPartOf\":{\"@id\":\"https:\/\/www.tosspareparts.com\/#website\"},\"primaryImageOfPage\":{\"@id\":\"https:\/\/www.tosspareparts.com\/fr\/product\/arbre-iii-807020\/#primaryimage\"},\"image\":{\"@id\":\"https:\/\/www.tosspareparts.com\/fr\/product\/arbre-iii-807020\/#primaryimage\"},\"thumbnailUrl\":\"https:\/\/www.tosspareparts.com\/wp-content\/uploads\/2024\/04\/Shaft-III-807020.jpg\",\"datePublished\":\"2026-03-17T14:11:52+00:00\",\"description\":\"Arbre III - 807020 pour bo\u00eete de filetage pour tours SN40-50 et SN55-71. Pi\u00e8ces de rechange et accessoires pour tours TOS \/ TRENS Tren\u010d\u00edn.\",\"breadcrumb\":{\"@id\":\"https:\/\/www.tosspareparts.com\/fr\/product\/arbre-iii-807020\/#breadcrumb\"},\"inLanguage\":\"fr-FR\",\"potentialAction\":[{\"@type\":\"ReadAction\",\"target\":[\"https:\/\/www.tosspareparts.com\/fr\/product\/arbre-iii-807020\/\"]}]},{\"@type\":\"ImageObject\",\"inLanguage\":\"fr-FR\",\"@id\":\"https:\/\/www.tosspareparts.com\/fr\/product\/arbre-iii-807020\/#primaryimage\",\"url\":\"https:\/\/www.tosspareparts.com\/wp-content\/uploads\/2024\/04\/Shaft-III-807020.jpg\",\"contentUrl\":\"https:\/\/www.tosspareparts.com\/wp-content\/uploads\/2024\/04\/Shaft-III-807020.jpg\",\"width\":600,\"height\":600,\"caption\":\"SN40-50 - 807020 - Arbre III - 807020\"},{\"@type\":\"BreadcrumbList\",\"@id\":\"https:\/\/www.tosspareparts.com\/fr\/product\/arbre-iii-807020\/#breadcrumb\",\"itemListElement\":[{\"@type\":\"ListItem\",\"position\":1,\"name\":\"Home\",\"item\":\"https:\/\/www.tosspareparts.com\/fr\/\"},{\"@type\":\"ListItem\",\"position\":2,\"name\":\"Boutique\",\"item\":\"https:\/\/www.tosspareparts.com\/fr\/boutique\/\"},{\"@type\":\"ListItem\",\"position\":3,\"name\":\"Arbre III &#8211; 807020\"}]},{\"@type\":\"WebSite\",\"@id\":\"https:\/\/www.tosspareparts.com\/#website\",\"url\":\"https:\/\/www.tosspareparts.com\/\",\"name\":\"TOS Spare Parts\",\"description\":\"Spare parts and accessories for metalworking machines\",\"publisher\":{\"@id\":\"https:\/\/www.tosspareparts.com\/#organization\"},\"potentialAction\":[{\"@type\":\"SearchAction\",\"target\":{\"@type\":\"EntryPoint\",\"urlTemplate\":\"https:\/\/www.tosspareparts.com\/?s={search_term_string}\"},\"query-input\":{\"@type\":\"PropertyValueSpecification\",\"valueRequired\":true,\"valueName\":\"search_term_string\"}}],\"inLanguage\":\"fr-FR\"},{\"@type\":\"Organization\",\"@id\":\"https:\/\/www.tosspareparts.com\/#organization\",\"name\":\"JTECHNIK, s.r.o.\",\"url\":\"https:\/\/www.tosspareparts.com\/\",\"logo\":{\"@type\":\"ImageObject\",\"inLanguage\":\"fr-FR\",\"@id\":\"https:\/\/www.tosspareparts.com\/#\/schema\/logo\/image\/\",\"url\":\"https:\/\/www.tosspareparts.com\/wp-content\/uploads\/2017\/05\/logo-JT-web.png\",\"contentUrl\":\"https:\/\/www.tosspareparts.com\/wp-content\/uploads\/2017\/05\/logo-JT-web.png\",\"width\":333,\"height\":115,\"caption\":\"JTECHNIK, s.r.o.\"},\"image\":{\"@id\":\"https:\/\/www.tosspareparts.com\/#\/schema\/logo\/image\/\"}}]}<\/script>\n<!-- \/ Yoast SEO plugin. -->","yoast_head_json":{"title":"Arbre III - 807020 | Pi\u00e8ces d\u00e9tach\u00e9es SN40-50 | TOS Spare Parts","description":"Arbre III - 807020 pour bo\u00eete de filetage pour tours SN40-50 et SN55-71. Pi\u00e8ces de rechange et accessoires pour tours TOS \/ TRENS Tren\u010d\u00edn.","robots":{"index":"index","follow":"follow","max-snippet":"max-snippet:-1","max-image-preview":"max-image-preview:large","max-video-preview":"max-video-preview:-1"},"canonical":"https:\/\/www.tosspareparts.com\/fr\/product\/arbre-iii-807020\/","og_locale":"fr_FR","og_type":"article","og_title":"Arbre III - 807020 | Pi\u00e8ces d\u00e9tach\u00e9es SN40-50 | TOS Spare Parts","og_description":"Arbre III - 807020 pour bo\u00eete de filetage pour tours SN40-50 et SN55-71. Pi\u00e8ces de rechange et accessoires pour tours TOS \/ TRENS Tren\u010d\u00edn.","og_url":"https:\/\/www.tosspareparts.com\/fr\/product\/arbre-iii-807020\/","og_site_name":"TOS Spare Parts","og_image":[{"width":600,"height":600,"url":"https:\/\/www.tosspareparts.com\/wp-content\/uploads\/2024\/04\/Shaft-III-807020.jpg","type":"image\/jpeg"}],"twitter_card":"summary_large_image","twitter_title":"Arbre III - 807020 | Pi\u00e8ces d\u00e9tach\u00e9es SN40-50 | TOS Spare Parts","schema":{"@context":"https:\/\/schema.org","@graph":[{"@type":"WebPage","@id":"https:\/\/www.tosspareparts.com\/fr\/product\/arbre-iii-807020\/","url":"https:\/\/www.tosspareparts.com\/fr\/product\/arbre-iii-807020\/","name":"Arbre III - 807020 | Pi\u00e8ces d\u00e9tach\u00e9es SN40-50 | TOS Spare Parts","isPartOf":{"@id":"https:\/\/www.tosspareparts.com\/#website"},"primaryImageOfPage":{"@id":"https:\/\/www.tosspareparts.com\/fr\/product\/arbre-iii-807020\/#primaryimage"},"image":{"@id":"https:\/\/www.tosspareparts.com\/fr\/product\/arbre-iii-807020\/#primaryimage"},"thumbnailUrl":"https:\/\/www.tosspareparts.com\/wp-content\/uploads\/2024\/04\/Shaft-III-807020.jpg","datePublished":"2026-03-17T14:11:52+00:00","description":"Arbre III - 807020 pour bo\u00eete de filetage pour tours SN40-50 et SN55-71. Pi\u00e8ces de rechange et accessoires pour tours TOS \/ TRENS Tren\u010d\u00edn.","breadcrumb":{"@id":"https:\/\/www.tosspareparts.com\/fr\/product\/arbre-iii-807020\/#breadcrumb"},"inLanguage":"fr-FR","potentialAction":[{"@type":"ReadAction","target":["https:\/\/www.tosspareparts.com\/fr\/product\/arbre-iii-807020\/"]}]},{"@type":"ImageObject","inLanguage":"fr-FR","@id":"https:\/\/www.tosspareparts.com\/fr\/product\/arbre-iii-807020\/#primaryimage","url":"https:\/\/www.tosspareparts.com\/wp-content\/uploads\/2024\/04\/Shaft-III-807020.jpg","contentUrl":"https:\/\/www.tosspareparts.com\/wp-content\/uploads\/2024\/04\/Shaft-III-807020.jpg","width":600,"height":600,"caption":"SN40-50 - 807020 - Arbre III - 807020"},{"@type":"BreadcrumbList","@id":"https:\/\/www.tosspareparts.com\/fr\/product\/arbre-iii-807020\/#breadcrumb","itemListElement":[{"@type":"ListItem","position":1,"name":"Home","item":"https:\/\/www.tosspareparts.com\/fr\/"},{"@type":"ListItem","position":2,"name":"Boutique","item":"https:\/\/www.tosspareparts.com\/fr\/boutique\/"},{"@type":"ListItem","position":3,"name":"Arbre III &#8211; 807020"}]},{"@type":"WebSite","@id":"https:\/\/www.tosspareparts.com\/#website","url":"https:\/\/www.tosspareparts.com\/","name":"TOS Spare Parts","description":"Spare parts and accessories for metalworking machines","publisher":{"@id":"https:\/\/www.tosspareparts.com\/#organization"},"potentialAction":[{"@type":"SearchAction","target":{"@type":"EntryPoint","urlTemplate":"https:\/\/www.tosspareparts.com\/?s={search_term_string}"},"query-input":{"@type":"PropertyValueSpecification","valueRequired":true,"valueName":"search_term_string"}}],"inLanguage":"fr-FR"},{"@type":"Organization","@id":"https:\/\/www.tosspareparts.com\/#organization","name":"JTECHNIK, s.r.o.","url":"https:\/\/www.tosspareparts.com\/","logo":{"@type":"ImageObject","inLanguage":"fr-FR","@id":"https:\/\/www.tosspareparts.com\/#\/schema\/logo\/image\/","url":"https:\/\/www.tosspareparts.com\/wp-content\/uploads\/2017\/05\/logo-JT-web.png","contentUrl":"https:\/\/www.tosspareparts.com\/wp-content\/uploads\/2017\/05\/logo-JT-web.png","width":333,"height":115,"caption":"JTECHNIK, s.r.o."},"image":{"@id":"https:\/\/www.tosspareparts.com\/#\/schema\/logo\/image\/"}}]}},"jetpack_sharing_enabled":true,"_links":{"self":[{"href":"https:\/\/www.tosspareparts.com\/fr\/wp-json\/wp\/v2\/product\/74508","targetHints":{"allow":["GET"]}}],"collection":[{"href":"https:\/\/www.tosspareparts.com\/fr\/wp-json\/wp\/v2\/product"}],"about":[{"href":"https:\/\/www.tosspareparts.com\/fr\/wp-json\/wp\/v2\/types\/product"}],"replies":[{"embeddable":true,"href":"https:\/\/www.tosspareparts.com\/fr\/wp-json\/wp\/v2\/comments?post=74508"}],"wp:featuredmedia":[{"embeddable":true,"href":"https:\/\/www.tosspareparts.com\/fr\/wp-json\/wp\/v2\/media\/73154"}],"wp:attachment":[{"href":"https:\/\/www.tosspareparts.com\/fr\/wp-json\/wp\/v2\/media?parent=74508"}],"wp:term":[{"taxonomy":"product_brand","embeddable":true,"href":"https:\/\/www.tosspareparts.com\/fr\/wp-json\/wp\/v2\/product_brand?post=74508"},{"taxonomy":"product_cat","embeddable":true,"href":"https:\/\/www.tosspareparts.com\/fr\/wp-json\/wp\/v2\/product_cat?post=74508"},{"taxonomy":"product_tag","embeddable":true,"href":"https:\/\/www.tosspareparts.com\/fr\/wp-json\/wp\/v2\/product_tag?post=74508"}],"curies":[{"name":"wp","href":"https:\/\/api.w.org\/{rel}","templated":true}]}}