{"id":79170,"date":"2026-03-17T15:07:58","date_gmt":"2026-03-17T14:07:58","guid":{"rendered":"https:\/\/www.tosspareparts.com\/product\/plaques-fonctionnelles-sn32-pouces\/"},"modified":"2026-03-02T16:50:23","modified_gmt":"2026-03-02T15:50:23","slug":"plaques-fonctionnelles-sn32-pouces","status":"publish","type":"product","link":"https:\/\/www.tosspareparts.com\/fr\/product\/plaques-fonctionnelles-sn32-pouces\/","title":{"rendered":"Plaques fonctionnelles SN32 \u2013 pouces"},"content":{"rendered":"","protected":false},"excerpt":{"rendered":"<p>Plaques fonctionnelles pour le tour TOS \/ TRENS Tren\u010d\u00edn SN32.<br \/>\nVersion pouces.<br \/>\nFinition ELOX, sans colle, derni\u00e8re version.<br \/>\nLes donn\u00e9es sur les plaques correspondent aux versions pr\u00e9c\u00e9dentes.<\/p>\n<p>Contient :<br \/>\nPlaque en pouces &#8211; M90V4764110 &#8211; 280&#215;230 mm<br \/>\nVitesses &#8211; M90V0864102-4 &#8211; 245&#215;130 mm<br \/>\nABC &#8211; M90V0864103 &#8211; 100&#215;35 mm<br \/>\n\u00c9crou + sens &#8211; M90V0864118-2 &#8211; 120&#215;35 mm<br \/>\nM\/W &#8211; M90V0864151-0 &#8211; 50&#215;70 mm<br \/>\n19\/1 &#8211; M90V0864104 &#8211; 100&#215;35 mm<\/p>\n","protected":false},"featured_media":79148,"comment_status":"closed","ping_status":"open","template":"","meta":[],"product_brand":[],"product_cat":[5632,5588],"product_tag":[3258],"class_list":{"0":"post-79170","1":"product","2":"type-product","3":"status-publish","4":"has-post-thumbnail","6":"product_cat-plaques-sn32","7":"product_cat-piece-detachees-sn32","8":"product_tag-jtechnik-fr","10":"first","11":"instock","12":"taxable","13":"shipping-taxable","14":"purchasable","15":"product-type-simple"},"yoast_head":"<!-- This site is optimized with the Yoast SEO plugin v26.5 - https:\/\/yoast.com\/wordpress\/plugins\/seo\/ -->\n<title>Plaques fonctionnelles SN32 \u2013 pouces | Pi\u00e8ces d\u00e9tach\u00e9es SN32 | TOS Spare Parts<\/title>\n<meta name=\"description\" content=\"Ensemble de plaques pour le tour SN32 \u2013 version pouces. Pi\u00e8ces de rechange et accessoires pour tours TOS \/ TRENS Tren\u010d\u00edn.\" \/>\n<meta name=\"robots\" content=\"index, follow, max-snippet:-1, max-image-preview:large, max-video-preview:-1\" \/>\n<link rel=\"canonical\" href=\"https:\/\/www.tosspareparts.com\/fr\/product\/plaques-fonctionnelles-sn32-pouces\/\" \/>\n<meta property=\"og:locale\" content=\"fr_FR\" \/>\n<meta property=\"og:type\" content=\"article\" \/>\n<meta property=\"og:title\" content=\"Plaques fonctionnelles SN32 \u2013 pouces | Pi\u00e8ces d\u00e9tach\u00e9es SN32 | TOS Spare Parts\" \/>\n<meta property=\"og:description\" content=\"Ensemble de plaques pour le tour SN32 \u2013 version pouces. Pi\u00e8ces de rechange et accessoires pour tours TOS \/ TRENS Tren\u010d\u00edn.\" \/>\n<meta property=\"og:url\" content=\"https:\/\/www.tosspareparts.com\/fr\/product\/plaques-fonctionnelles-sn32-pouces\/\" \/>\n<meta property=\"og:site_name\" content=\"TOS Spare Parts\" \/>\n<meta property=\"og:image\" content=\"https:\/\/www.tosspareparts.com\/wp-content\/uploads\/2025\/12\/SN32-functional-plates-inch.jpg\" \/>\n\t<meta property=\"og:image:width\" content=\"500\" \/>\n\t<meta property=\"og:image:height\" content=\"500\" \/>\n\t<meta property=\"og:image:type\" content=\"image\/jpeg\" \/>\n<meta name=\"twitter:card\" content=\"summary_large_image\" \/>\n<meta name=\"twitter:title\" content=\"Plaques fonctionnelles SN32 \u2013 pouces | Pi\u00e8ces d\u00e9tach\u00e9es SN32 | TOS Spare Parts\" \/>\n<script type=\"application\/ld+json\" class=\"yoast-schema-graph\">{\"@context\":\"https:\/\/schema.org\",\"@graph\":[{\"@type\":\"WebPage\",\"@id\":\"https:\/\/www.tosspareparts.com\/fr\/product\/plaques-fonctionnelles-sn32-pouces\/\",\"url\":\"https:\/\/www.tosspareparts.com\/fr\/product\/plaques-fonctionnelles-sn32-pouces\/\",\"name\":\"Plaques fonctionnelles SN32 \u2013 pouces | Pi\u00e8ces d\u00e9tach\u00e9es SN32 | TOS Spare Parts\",\"isPartOf\":{\"@id\":\"https:\/\/www.tosspareparts.com\/#website\"},\"primaryImageOfPage\":{\"@id\":\"https:\/\/www.tosspareparts.com\/fr\/product\/plaques-fonctionnelles-sn32-pouces\/#primaryimage\"},\"image\":{\"@id\":\"https:\/\/www.tosspareparts.com\/fr\/product\/plaques-fonctionnelles-sn32-pouces\/#primaryimage\"},\"thumbnailUrl\":\"https:\/\/www.tosspareparts.com\/wp-content\/uploads\/2025\/12\/SN32-functional-plates-inch.jpg\",\"datePublished\":\"2026-03-17T14:07:58+00:00\",\"description\":\"Ensemble de plaques pour le tour SN32 \u2013 version pouces. Pi\u00e8ces de rechange et accessoires pour tours TOS \/ TRENS Tren\u010d\u00edn.\",\"breadcrumb\":{\"@id\":\"https:\/\/www.tosspareparts.com\/fr\/product\/plaques-fonctionnelles-sn32-pouces\/#breadcrumb\"},\"inLanguage\":\"fr-FR\",\"potentialAction\":[{\"@type\":\"ReadAction\",\"target\":[\"https:\/\/www.tosspareparts.com\/fr\/product\/plaques-fonctionnelles-sn32-pouces\/\"]}]},{\"@type\":\"ImageObject\",\"inLanguage\":\"fr-FR\",\"@id\":\"https:\/\/www.tosspareparts.com\/fr\/product\/plaques-fonctionnelles-sn32-pouces\/#primaryimage\",\"url\":\"https:\/\/www.tosspareparts.com\/wp-content\/uploads\/2025\/12\/SN32-functional-plates-inch.jpg\",\"contentUrl\":\"https:\/\/www.tosspareparts.com\/wp-content\/uploads\/2025\/12\/SN32-functional-plates-inch.jpg\",\"width\":500,\"height\":500,\"caption\":\"Plaques fonctionnelles SN32 \u2013 pouces\"},{\"@type\":\"BreadcrumbList\",\"@id\":\"https:\/\/www.tosspareparts.com\/fr\/product\/plaques-fonctionnelles-sn32-pouces\/#breadcrumb\",\"itemListElement\":[{\"@type\":\"ListItem\",\"position\":1,\"name\":\"Home\",\"item\":\"https:\/\/www.tosspareparts.com\/fr\/\"},{\"@type\":\"ListItem\",\"position\":2,\"name\":\"Boutique\",\"item\":\"https:\/\/www.tosspareparts.com\/fr\/boutique\/\"},{\"@type\":\"ListItem\",\"position\":3,\"name\":\"Plaques fonctionnelles SN32 \u2013 pouces\"}]},{\"@type\":\"WebSite\",\"@id\":\"https:\/\/www.tosspareparts.com\/#website\",\"url\":\"https:\/\/www.tosspareparts.com\/\",\"name\":\"TOS Spare Parts\",\"description\":\"Spare parts and accessories for metalworking machines\",\"publisher\":{\"@id\":\"https:\/\/www.tosspareparts.com\/#organization\"},\"potentialAction\":[{\"@type\":\"SearchAction\",\"target\":{\"@type\":\"EntryPoint\",\"urlTemplate\":\"https:\/\/www.tosspareparts.com\/?s={search_term_string}\"},\"query-input\":{\"@type\":\"PropertyValueSpecification\",\"valueRequired\":true,\"valueName\":\"search_term_string\"}}],\"inLanguage\":\"fr-FR\"},{\"@type\":\"Organization\",\"@id\":\"https:\/\/www.tosspareparts.com\/#organization\",\"name\":\"JTECHNIK, s.r.o.\",\"url\":\"https:\/\/www.tosspareparts.com\/\",\"logo\":{\"@type\":\"ImageObject\",\"inLanguage\":\"fr-FR\",\"@id\":\"https:\/\/www.tosspareparts.com\/#\/schema\/logo\/image\/\",\"url\":\"https:\/\/www.tosspareparts.com\/wp-content\/uploads\/2017\/05\/logo-JT-web.png\",\"contentUrl\":\"https:\/\/www.tosspareparts.com\/wp-content\/uploads\/2017\/05\/logo-JT-web.png\",\"width\":333,\"height\":115,\"caption\":\"JTECHNIK, s.r.o.\"},\"image\":{\"@id\":\"https:\/\/www.tosspareparts.com\/#\/schema\/logo\/image\/\"}}]}<\/script>\n<!-- \/ Yoast SEO plugin. -->","yoast_head_json":{"title":"Plaques fonctionnelles SN32 \u2013 pouces | Pi\u00e8ces d\u00e9tach\u00e9es SN32 | TOS Spare Parts","description":"Ensemble de plaques pour le tour SN32 \u2013 version pouces. Pi\u00e8ces de rechange et accessoires pour tours TOS \/ TRENS Tren\u010d\u00edn.","robots":{"index":"index","follow":"follow","max-snippet":"max-snippet:-1","max-image-preview":"max-image-preview:large","max-video-preview":"max-video-preview:-1"},"canonical":"https:\/\/www.tosspareparts.com\/fr\/product\/plaques-fonctionnelles-sn32-pouces\/","og_locale":"fr_FR","og_type":"article","og_title":"Plaques fonctionnelles SN32 \u2013 pouces | Pi\u00e8ces d\u00e9tach\u00e9es SN32 | TOS Spare Parts","og_description":"Ensemble de plaques pour le tour SN32 \u2013 version pouces. Pi\u00e8ces de rechange et accessoires pour tours TOS \/ TRENS Tren\u010d\u00edn.","og_url":"https:\/\/www.tosspareparts.com\/fr\/product\/plaques-fonctionnelles-sn32-pouces\/","og_site_name":"TOS Spare Parts","og_image":[{"width":500,"height":500,"url":"https:\/\/www.tosspareparts.com\/wp-content\/uploads\/2025\/12\/SN32-functional-plates-inch.jpg","type":"image\/jpeg"}],"twitter_card":"summary_large_image","twitter_title":"Plaques fonctionnelles SN32 \u2013 pouces | Pi\u00e8ces d\u00e9tach\u00e9es SN32 | TOS Spare Parts","schema":{"@context":"https:\/\/schema.org","@graph":[{"@type":"WebPage","@id":"https:\/\/www.tosspareparts.com\/fr\/product\/plaques-fonctionnelles-sn32-pouces\/","url":"https:\/\/www.tosspareparts.com\/fr\/product\/plaques-fonctionnelles-sn32-pouces\/","name":"Plaques fonctionnelles SN32 \u2013 pouces | Pi\u00e8ces d\u00e9tach\u00e9es SN32 | TOS Spare Parts","isPartOf":{"@id":"https:\/\/www.tosspareparts.com\/#website"},"primaryImageOfPage":{"@id":"https:\/\/www.tosspareparts.com\/fr\/product\/plaques-fonctionnelles-sn32-pouces\/#primaryimage"},"image":{"@id":"https:\/\/www.tosspareparts.com\/fr\/product\/plaques-fonctionnelles-sn32-pouces\/#primaryimage"},"thumbnailUrl":"https:\/\/www.tosspareparts.com\/wp-content\/uploads\/2025\/12\/SN32-functional-plates-inch.jpg","datePublished":"2026-03-17T14:07:58+00:00","description":"Ensemble de plaques pour le tour SN32 \u2013 version pouces. Pi\u00e8ces de rechange et accessoires pour tours TOS \/ TRENS Tren\u010d\u00edn.","breadcrumb":{"@id":"https:\/\/www.tosspareparts.com\/fr\/product\/plaques-fonctionnelles-sn32-pouces\/#breadcrumb"},"inLanguage":"fr-FR","potentialAction":[{"@type":"ReadAction","target":["https:\/\/www.tosspareparts.com\/fr\/product\/plaques-fonctionnelles-sn32-pouces\/"]}]},{"@type":"ImageObject","inLanguage":"fr-FR","@id":"https:\/\/www.tosspareparts.com\/fr\/product\/plaques-fonctionnelles-sn32-pouces\/#primaryimage","url":"https:\/\/www.tosspareparts.com\/wp-content\/uploads\/2025\/12\/SN32-functional-plates-inch.jpg","contentUrl":"https:\/\/www.tosspareparts.com\/wp-content\/uploads\/2025\/12\/SN32-functional-plates-inch.jpg","width":500,"height":500,"caption":"Plaques fonctionnelles SN32 \u2013 pouces"},{"@type":"BreadcrumbList","@id":"https:\/\/www.tosspareparts.com\/fr\/product\/plaques-fonctionnelles-sn32-pouces\/#breadcrumb","itemListElement":[{"@type":"ListItem","position":1,"name":"Home","item":"https:\/\/www.tosspareparts.com\/fr\/"},{"@type":"ListItem","position":2,"name":"Boutique","item":"https:\/\/www.tosspareparts.com\/fr\/boutique\/"},{"@type":"ListItem","position":3,"name":"Plaques fonctionnelles SN32 \u2013 pouces"}]},{"@type":"WebSite","@id":"https:\/\/www.tosspareparts.com\/#website","url":"https:\/\/www.tosspareparts.com\/","name":"TOS Spare Parts","description":"Spare parts and accessories for metalworking machines","publisher":{"@id":"https:\/\/www.tosspareparts.com\/#organization"},"potentialAction":[{"@type":"SearchAction","target":{"@type":"EntryPoint","urlTemplate":"https:\/\/www.tosspareparts.com\/?s={search_term_string}"},"query-input":{"@type":"PropertyValueSpecification","valueRequired":true,"valueName":"search_term_string"}}],"inLanguage":"fr-FR"},{"@type":"Organization","@id":"https:\/\/www.tosspareparts.com\/#organization","name":"JTECHNIK, s.r.o.","url":"https:\/\/www.tosspareparts.com\/","logo":{"@type":"ImageObject","inLanguage":"fr-FR","@id":"https:\/\/www.tosspareparts.com\/#\/schema\/logo\/image\/","url":"https:\/\/www.tosspareparts.com\/wp-content\/uploads\/2017\/05\/logo-JT-web.png","contentUrl":"https:\/\/www.tosspareparts.com\/wp-content\/uploads\/2017\/05\/logo-JT-web.png","width":333,"height":115,"caption":"JTECHNIK, s.r.o."},"image":{"@id":"https:\/\/www.tosspareparts.com\/#\/schema\/logo\/image\/"}}]}},"jetpack_sharing_enabled":true,"_links":{"self":[{"href":"https:\/\/www.tosspareparts.com\/fr\/wp-json\/wp\/v2\/product\/79170","targetHints":{"allow":["GET"]}}],"collection":[{"href":"https:\/\/www.tosspareparts.com\/fr\/wp-json\/wp\/v2\/product"}],"about":[{"href":"https:\/\/www.tosspareparts.com\/fr\/wp-json\/wp\/v2\/types\/product"}],"replies":[{"embeddable":true,"href":"https:\/\/www.tosspareparts.com\/fr\/wp-json\/wp\/v2\/comments?post=79170"}],"wp:featuredmedia":[{"embeddable":true,"href":"https:\/\/www.tosspareparts.com\/fr\/wp-json\/wp\/v2\/media\/79148"}],"wp:attachment":[{"href":"https:\/\/www.tosspareparts.com\/fr\/wp-json\/wp\/v2\/media?parent=79170"}],"wp:term":[{"taxonomy":"product_brand","embeddable":true,"href":"https:\/\/www.tosspareparts.com\/fr\/wp-json\/wp\/v2\/product_brand?post=79170"},{"taxonomy":"product_cat","embeddable":true,"href":"https:\/\/www.tosspareparts.com\/fr\/wp-json\/wp\/v2\/product_cat?post=79170"},{"taxonomy":"product_tag","embeddable":true,"href":"https:\/\/www.tosspareparts.com\/fr\/wp-json\/wp\/v2\/product_tag?post=79170"}],"curies":[{"name":"wp","href":"https:\/\/api.w.org\/{rel}","templated":true}]}}