{"id":81402,"date":"2026-03-17T15:17:14","date_gmt":"2026-03-17T14:17:14","guid":{"rendered":"https:\/\/www.tosspareparts.com\/product\/ecrou-echange-sn500-710-2\/"},"modified":"2026-03-17T16:26:09","modified_gmt":"2026-03-17T15:26:09","slug":"ecrou-echange-sn500-710-2","status":"publish","type":"product","link":"https:\/\/www.tosspareparts.com\/fr\/product\/ecrou-echange-sn500-710-2\/","title":{"rendered":"\u00c9crou (\u00e9change) &#8211; SN500-710"},"content":{"rendered":"","protected":false},"excerpt":{"rendered":"<p>\u00c9crou de la caisse du chariot principal pour tour SN500, SN630 et SN710.<\/p>\n<p>Nous proposons uniquement en \u00e9change des anciennes pi\u00e8ces !<\/p>\n","protected":false},"featured_media":75475,"comment_status":"closed","ping_status":"open","template":"","meta":[],"product_brand":[],"product_cat":[5590,5595],"product_tag":[3258],"class_list":{"0":"post-81402","1":"product","2":"type-product","3":"status-publish","4":"has-post-thumbnail","6":"product_cat-piece-detachees-sn500-710","7":"product_cat-tablier-sn500-710","8":"product_tag-jtechnik-fr","10":"first","11":"instock","12":"taxable","13":"shipping-taxable","14":"purchasable","15":"product-type-simple"},"yoast_head":"<!-- This site is optimized with the Yoast SEO plugin v26.5 - https:\/\/yoast.com\/wordpress\/plugins\/seo\/ -->\n<title>\u00c9crou (\u00e9change) - SN500-710 | Pi\u00e8ces d\u00e9tach\u00e9es SN500-710 | TOS Spare Parts<\/title>\n<meta name=\"description\" content=\"\u00c9crou de la caisse du chariot principal pour tour SN500, SN630 et SN710. Pi\u00e8ces d\u00e9tach\u00e9es et accessoires pour tours TOS \/ TRENS Tren\u010d\u00edn.\" \/>\n<meta name=\"robots\" content=\"index, follow, max-snippet:-1, max-image-preview:large, max-video-preview:-1\" \/>\n<link rel=\"canonical\" href=\"https:\/\/www.tosspareparts.com\/fr\/product\/ecrou-echange-sn500-710-2\/\" \/>\n<meta property=\"og:locale\" content=\"fr_FR\" \/>\n<meta property=\"og:type\" content=\"article\" \/>\n<meta property=\"og:title\" content=\"\u00c9crou (\u00e9change) - SN500-710 | Pi\u00e8ces d\u00e9tach\u00e9es SN500-710 | TOS Spare Parts\" \/>\n<meta property=\"og:description\" content=\"\u00c9crou de la caisse du chariot principal pour tour SN500, SN630 et SN710. Pi\u00e8ces d\u00e9tach\u00e9es et accessoires pour tours TOS \/ TRENS Tren\u010d\u00edn.\" \/>\n<meta property=\"og:url\" content=\"https:\/\/www.tosspareparts.com\/fr\/product\/ecrou-echange-sn500-710-2\/\" \/>\n<meta property=\"og:site_name\" content=\"TOS Spare Parts\" \/>\n<meta property=\"article:modified_time\" content=\"2026-03-17T15:26:09+00:00\" \/>\n<meta property=\"og:image\" content=\"https:\/\/www.tosspareparts.com\/wp-content\/uploads\/2024\/08\/Half-nut-exchange-SN500-710.jpg\" \/>\n\t<meta property=\"og:image:width\" content=\"600\" \/>\n\t<meta property=\"og:image:height\" content=\"600\" \/>\n\t<meta property=\"og:image:type\" content=\"image\/jpeg\" \/>\n<meta name=\"twitter:card\" content=\"summary_large_image\" \/>\n<meta name=\"twitter:title\" content=\"\u00c9crou (\u00e9change) - SN500-710 | Pi\u00e8ces d\u00e9tach\u00e9es SN500-710 | TOS Spare Parts\" \/>\n<script type=\"application\/ld+json\" class=\"yoast-schema-graph\">{\"@context\":\"https:\/\/schema.org\",\"@graph\":[{\"@type\":\"WebPage\",\"@id\":\"https:\/\/www.tosspareparts.com\/fr\/product\/ecrou-echange-sn500-710-2\/\",\"url\":\"https:\/\/www.tosspareparts.com\/fr\/product\/ecrou-echange-sn500-710-2\/\",\"name\":\"\u00c9crou (\u00e9change) - SN500-710 | Pi\u00e8ces d\u00e9tach\u00e9es SN500-710 | TOS Spare Parts\",\"isPartOf\":{\"@id\":\"https:\/\/www.tosspareparts.com\/#website\"},\"primaryImageOfPage\":{\"@id\":\"https:\/\/www.tosspareparts.com\/fr\/product\/ecrou-echange-sn500-710-2\/#primaryimage\"},\"image\":{\"@id\":\"https:\/\/www.tosspareparts.com\/fr\/product\/ecrou-echange-sn500-710-2\/#primaryimage\"},\"thumbnailUrl\":\"https:\/\/www.tosspareparts.com\/wp-content\/uploads\/2024\/08\/Half-nut-exchange-SN500-710.jpg\",\"datePublished\":\"2026-03-17T14:17:14+00:00\",\"dateModified\":\"2026-03-17T15:26:09+00:00\",\"description\":\"\u00c9crou de la caisse du chariot principal pour tour SN500, SN630 et SN710. Pi\u00e8ces d\u00e9tach\u00e9es et accessoires pour tours TOS \/ TRENS Tren\u010d\u00edn.\",\"breadcrumb\":{\"@id\":\"https:\/\/www.tosspareparts.com\/fr\/product\/ecrou-echange-sn500-710-2\/#breadcrumb\"},\"inLanguage\":\"fr-FR\",\"potentialAction\":[{\"@type\":\"ReadAction\",\"target\":[\"https:\/\/www.tosspareparts.com\/fr\/product\/ecrou-echange-sn500-710-2\/\"]}]},{\"@type\":\"ImageObject\",\"inLanguage\":\"fr-FR\",\"@id\":\"https:\/\/www.tosspareparts.com\/fr\/product\/ecrou-echange-sn500-710-2\/#primaryimage\",\"url\":\"https:\/\/www.tosspareparts.com\/wp-content\/uploads\/2024\/08\/Half-nut-exchange-SN500-710.jpg\",\"contentUrl\":\"https:\/\/www.tosspareparts.com\/wp-content\/uploads\/2024\/08\/Half-nut-exchange-SN500-710.jpg\",\"width\":600,\"height\":600,\"caption\":\"\u00c9crou (neuf) - SN500-710\"},{\"@type\":\"BreadcrumbList\",\"@id\":\"https:\/\/www.tosspareparts.com\/fr\/product\/ecrou-echange-sn500-710-2\/#breadcrumb\",\"itemListElement\":[{\"@type\":\"ListItem\",\"position\":1,\"name\":\"Home\",\"item\":\"https:\/\/www.tosspareparts.com\/fr\/\"},{\"@type\":\"ListItem\",\"position\":2,\"name\":\"Boutique\",\"item\":\"https:\/\/www.tosspareparts.com\/fr\/boutique\/\"},{\"@type\":\"ListItem\",\"position\":3,\"name\":\"\u00c9crou (\u00e9change) &#8211; SN500-710\"}]},{\"@type\":\"WebSite\",\"@id\":\"https:\/\/www.tosspareparts.com\/#website\",\"url\":\"https:\/\/www.tosspareparts.com\/\",\"name\":\"TOS Spare Parts\",\"description\":\"Spare parts and accessories for metalworking machines\",\"publisher\":{\"@id\":\"https:\/\/www.tosspareparts.com\/#organization\"},\"potentialAction\":[{\"@type\":\"SearchAction\",\"target\":{\"@type\":\"EntryPoint\",\"urlTemplate\":\"https:\/\/www.tosspareparts.com\/?s={search_term_string}\"},\"query-input\":{\"@type\":\"PropertyValueSpecification\",\"valueRequired\":true,\"valueName\":\"search_term_string\"}}],\"inLanguage\":\"fr-FR\"},{\"@type\":\"Organization\",\"@id\":\"https:\/\/www.tosspareparts.com\/#organization\",\"name\":\"JTECHNIK, s.r.o.\",\"url\":\"https:\/\/www.tosspareparts.com\/\",\"logo\":{\"@type\":\"ImageObject\",\"inLanguage\":\"fr-FR\",\"@id\":\"https:\/\/www.tosspareparts.com\/#\/schema\/logo\/image\/\",\"url\":\"https:\/\/www.tosspareparts.com\/wp-content\/uploads\/2017\/05\/logo-JT-web.png\",\"contentUrl\":\"https:\/\/www.tosspareparts.com\/wp-content\/uploads\/2017\/05\/logo-JT-web.png\",\"width\":333,\"height\":115,\"caption\":\"JTECHNIK, s.r.o.\"},\"image\":{\"@id\":\"https:\/\/www.tosspareparts.com\/#\/schema\/logo\/image\/\"}}]}<\/script>\n<!-- \/ Yoast SEO plugin. -->","yoast_head_json":{"title":"\u00c9crou (\u00e9change) - SN500-710 | Pi\u00e8ces d\u00e9tach\u00e9es SN500-710 | TOS Spare Parts","description":"\u00c9crou de la caisse du chariot principal pour tour SN500, SN630 et SN710. Pi\u00e8ces d\u00e9tach\u00e9es et accessoires pour tours TOS \/ TRENS Tren\u010d\u00edn.","robots":{"index":"index","follow":"follow","max-snippet":"max-snippet:-1","max-image-preview":"max-image-preview:large","max-video-preview":"max-video-preview:-1"},"canonical":"https:\/\/www.tosspareparts.com\/fr\/product\/ecrou-echange-sn500-710-2\/","og_locale":"fr_FR","og_type":"article","og_title":"\u00c9crou (\u00e9change) - SN500-710 | Pi\u00e8ces d\u00e9tach\u00e9es SN500-710 | TOS Spare Parts","og_description":"\u00c9crou de la caisse du chariot principal pour tour SN500, SN630 et SN710. Pi\u00e8ces d\u00e9tach\u00e9es et accessoires pour tours TOS \/ TRENS Tren\u010d\u00edn.","og_url":"https:\/\/www.tosspareparts.com\/fr\/product\/ecrou-echange-sn500-710-2\/","og_site_name":"TOS Spare Parts","article_modified_time":"2026-03-17T15:26:09+00:00","og_image":[{"width":600,"height":600,"url":"https:\/\/www.tosspareparts.com\/wp-content\/uploads\/2024\/08\/Half-nut-exchange-SN500-710.jpg","type":"image\/jpeg"}],"twitter_card":"summary_large_image","twitter_title":"\u00c9crou (\u00e9change) - SN500-710 | Pi\u00e8ces d\u00e9tach\u00e9es SN500-710 | TOS Spare Parts","schema":{"@context":"https:\/\/schema.org","@graph":[{"@type":"WebPage","@id":"https:\/\/www.tosspareparts.com\/fr\/product\/ecrou-echange-sn500-710-2\/","url":"https:\/\/www.tosspareparts.com\/fr\/product\/ecrou-echange-sn500-710-2\/","name":"\u00c9crou (\u00e9change) - SN500-710 | Pi\u00e8ces d\u00e9tach\u00e9es SN500-710 | TOS Spare Parts","isPartOf":{"@id":"https:\/\/www.tosspareparts.com\/#website"},"primaryImageOfPage":{"@id":"https:\/\/www.tosspareparts.com\/fr\/product\/ecrou-echange-sn500-710-2\/#primaryimage"},"image":{"@id":"https:\/\/www.tosspareparts.com\/fr\/product\/ecrou-echange-sn500-710-2\/#primaryimage"},"thumbnailUrl":"https:\/\/www.tosspareparts.com\/wp-content\/uploads\/2024\/08\/Half-nut-exchange-SN500-710.jpg","datePublished":"2026-03-17T14:17:14+00:00","dateModified":"2026-03-17T15:26:09+00:00","description":"\u00c9crou de la caisse du chariot principal pour tour SN500, SN630 et SN710. Pi\u00e8ces d\u00e9tach\u00e9es et accessoires pour tours TOS \/ TRENS Tren\u010d\u00edn.","breadcrumb":{"@id":"https:\/\/www.tosspareparts.com\/fr\/product\/ecrou-echange-sn500-710-2\/#breadcrumb"},"inLanguage":"fr-FR","potentialAction":[{"@type":"ReadAction","target":["https:\/\/www.tosspareparts.com\/fr\/product\/ecrou-echange-sn500-710-2\/"]}]},{"@type":"ImageObject","inLanguage":"fr-FR","@id":"https:\/\/www.tosspareparts.com\/fr\/product\/ecrou-echange-sn500-710-2\/#primaryimage","url":"https:\/\/www.tosspareparts.com\/wp-content\/uploads\/2024\/08\/Half-nut-exchange-SN500-710.jpg","contentUrl":"https:\/\/www.tosspareparts.com\/wp-content\/uploads\/2024\/08\/Half-nut-exchange-SN500-710.jpg","width":600,"height":600,"caption":"\u00c9crou (neuf) - SN500-710"},{"@type":"BreadcrumbList","@id":"https:\/\/www.tosspareparts.com\/fr\/product\/ecrou-echange-sn500-710-2\/#breadcrumb","itemListElement":[{"@type":"ListItem","position":1,"name":"Home","item":"https:\/\/www.tosspareparts.com\/fr\/"},{"@type":"ListItem","position":2,"name":"Boutique","item":"https:\/\/www.tosspareparts.com\/fr\/boutique\/"},{"@type":"ListItem","position":3,"name":"\u00c9crou (\u00e9change) &#8211; SN500-710"}]},{"@type":"WebSite","@id":"https:\/\/www.tosspareparts.com\/#website","url":"https:\/\/www.tosspareparts.com\/","name":"TOS Spare Parts","description":"Spare parts and accessories for metalworking machines","publisher":{"@id":"https:\/\/www.tosspareparts.com\/#organization"},"potentialAction":[{"@type":"SearchAction","target":{"@type":"EntryPoint","urlTemplate":"https:\/\/www.tosspareparts.com\/?s={search_term_string}"},"query-input":{"@type":"PropertyValueSpecification","valueRequired":true,"valueName":"search_term_string"}}],"inLanguage":"fr-FR"},{"@type":"Organization","@id":"https:\/\/www.tosspareparts.com\/#organization","name":"JTECHNIK, s.r.o.","url":"https:\/\/www.tosspareparts.com\/","logo":{"@type":"ImageObject","inLanguage":"fr-FR","@id":"https:\/\/www.tosspareparts.com\/#\/schema\/logo\/image\/","url":"https:\/\/www.tosspareparts.com\/wp-content\/uploads\/2017\/05\/logo-JT-web.png","contentUrl":"https:\/\/www.tosspareparts.com\/wp-content\/uploads\/2017\/05\/logo-JT-web.png","width":333,"height":115,"caption":"JTECHNIK, s.r.o."},"image":{"@id":"https:\/\/www.tosspareparts.com\/#\/schema\/logo\/image\/"}}]}},"jetpack_sharing_enabled":true,"_links":{"self":[{"href":"https:\/\/www.tosspareparts.com\/fr\/wp-json\/wp\/v2\/product\/81402","targetHints":{"allow":["GET"]}}],"collection":[{"href":"https:\/\/www.tosspareparts.com\/fr\/wp-json\/wp\/v2\/product"}],"about":[{"href":"https:\/\/www.tosspareparts.com\/fr\/wp-json\/wp\/v2\/types\/product"}],"replies":[{"embeddable":true,"href":"https:\/\/www.tosspareparts.com\/fr\/wp-json\/wp\/v2\/comments?post=81402"}],"wp:featuredmedia":[{"embeddable":true,"href":"https:\/\/www.tosspareparts.com\/fr\/wp-json\/wp\/v2\/media\/75475"}],"wp:attachment":[{"href":"https:\/\/www.tosspareparts.com\/fr\/wp-json\/wp\/v2\/media?parent=81402"}],"wp:term":[{"taxonomy":"product_brand","embeddable":true,"href":"https:\/\/www.tosspareparts.com\/fr\/wp-json\/wp\/v2\/product_brand?post=81402"},{"taxonomy":"product_cat","embeddable":true,"href":"https:\/\/www.tosspareparts.com\/fr\/wp-json\/wp\/v2\/product_cat?post=81402"},{"taxonomy":"product_tag","embeddable":true,"href":"https:\/\/www.tosspareparts.com\/fr\/wp-json\/wp\/v2\/product_tag?post=81402"}],"curies":[{"name":"wp","href":"https:\/\/api.w.org\/{rel}","templated":true}]}}